{"id":8537,"date":"2024-01-16T18:31:52","date_gmt":"2024-01-16T18:31:52","guid":{"rendered":"https:\/\/alfarrabistacaldeira.com\/?post_type=product&#038;p=8537"},"modified":"2024-01-16T18:34:36","modified_gmt":"2024-01-16T18:34:36","slug":"o-teu-marido-troca-te-por-ela-mauricio-soares","status":"publish","type":"product","link":"https:\/\/alfarrabistacaldeira.com\/?product=o-teu-marido-troca-te-por-ela-mauricio-soares","title":{"rendered":"O TEU MARIDO TROCA-TE POR ELA MAURICIO SOARES"},"content":{"rendered":"","protected":false},"excerpt":{"rendered":"<p><strong>autores<\/strong><br \/>MAURICIO SOARES<br \/><strong>publica\u00e7\u00e3o<\/strong><br \/>ORION 1957<br \/><strong>descri\u00e7\u00e3o f\u00edsica<\/strong><br \/>160 \u2013 P\u00c1GINAS <br \/>CAPA MOLE<\/p>\n","protected":false},"featured_media":8538,"comment_status":"open","ping_status":"closed","template":"","meta":{"advanced_seo_description":"","jetpack_seo_html_title":"","jetpack_seo_noindex":false,"jetpack_post_was_ever_published":false,"jetpack_publicize_message":"","jetpack_publicize_feature_enabled":true,"jetpack_social_post_already_shared":true,"jetpack_social_options":{"image_generator_settings":{"template":"highway","default_image_id":0,"font":"","enabled":false},"version":2},"_wpas_customize_per_network":false},"product_brand":[],"product_cat":[1513],"product_tag":[],"class_list":{"0":"post-8537","1":"product","2":"type-product","3":"status-publish","4":"has-post-thumbnail","6":"product_cat-literatura-portuguesa","8":"first","9":"instock","10":"shipping-taxable","11":"purchasable","12":"product-type-simple"},"jetpack_publicize_connections":[],"jetpack_likes_enabled":true,"jetpack_sharing_enabled":true,"jetpack-related-posts":[{"id":15668,"url":"https:\/\/alfarrabistacaldeira.com\/?product=compreensao-de-cinema-mauricio-rittner","url_meta":{"origin":8537,"position":0},"title":"COMPREENS\u00c3O DE CINEMA MAURICIO RITTNER","author":"Alfarrabista Caldeira","date":"Abril 3, 2024","format":false,"excerpt":"autoresMAURICIO RITTNERpublica\u00e7\u00e3oS\u00c3O PAULO EDITORA 1965descri\u00e7\u00e3o f\u00edsica149 \u2013 P\u00c1GINAS ILUSTRADO P\/Bcontem bibliografia CAPA MOLE","rel":"","context":"Similar post","block_context":{"text":"Similar post","link":""},"img":{"alt_text":"","src":"https:\/\/i0.wp.com\/alfarrabistacaldeira.com\/wp-content\/uploads\/2024\/04\/20240401_185629-rotated.jpg?fit=900%2C1200&ssl=1&resize=350%2C200","width":350,"height":200,"srcset":"https:\/\/i0.wp.com\/alfarrabistacaldeira.com\/wp-content\/uploads\/2024\/04\/20240401_185629-rotated.jpg?fit=900%2C1200&ssl=1&resize=350%2C200 1x, https:\/\/i0.wp.com\/alfarrabistacaldeira.com\/wp-content\/uploads\/2024\/04\/20240401_185629-rotated.jpg?fit=900%2C1200&ssl=1&resize=525%2C300 1.5x, https:\/\/i0.wp.com\/alfarrabistacaldeira.com\/wp-content\/uploads\/2024\/04\/20240401_185629-rotated.jpg?fit=900%2C1200&ssl=1&resize=700%2C400 2x"},"classes":[]},{"id":18654,"url":"https:\/\/alfarrabistacaldeira.com\/?product=tarrafal-campo-da-morte-lenta-pedro-soares","url_meta":{"origin":8537,"position":1},"title":"TARRAFAL CAMPO DA MORTE LENTA PEDRO SOARES","author":"Alfarrabista Caldeira","date":"Maio 15, 2024","format":false,"excerpt":"autoresPEDRO SOARESpublica\u00e7\u00e3oEDI\u00c7\u00d5ES AVANTE 1975descri\u00e7\u00e3o f\u00edsica75 - P\u00c1GINAS CAPA MOLE","rel":"","context":"Similar post","block_context":{"text":"Similar post","link":""},"img":{"alt_text":"","src":"https:\/\/i0.wp.com\/alfarrabistacaldeira.com\/wp-content\/uploads\/2024\/05\/20240515_153424-rotated.jpg?fit=900%2C1200&ssl=1&resize=350%2C200","width":350,"height":200,"srcset":"https:\/\/i0.wp.com\/alfarrabistacaldeira.com\/wp-content\/uploads\/2024\/05\/20240515_153424-rotated.jpg?fit=900%2C1200&ssl=1&resize=350%2C200 1x, https:\/\/i0.wp.com\/alfarrabistacaldeira.com\/wp-content\/uploads\/2024\/05\/20240515_153424-rotated.jpg?fit=900%2C1200&ssl=1&resize=525%2C300 1.5x, https:\/\/i0.wp.com\/alfarrabistacaldeira.com\/wp-content\/uploads\/2024\/05\/20240515_153424-rotated.jpg?fit=900%2C1200&ssl=1&resize=700%2C400 2x"},"classes":[]},{"id":6509,"url":"https:\/\/alfarrabistacaldeira.com\/?product=colecao-calcografrica-da-universidade-do-porto-bartolozzi-ernesto-soares","url_meta":{"origin":8537,"position":2},"title":"COLE\u00c7\u00c3O CALCOGR\u00c1FRICA DA UNIVERSIDADE DO PORTO BARTOLOZZI ERNESTO SOARES","author":"Alfarrabista Caldeira","date":"Janeiro 5, 2024","format":false,"excerpt":"autoresERNESTO SOARESpublica\u00e7\u00e3oLISBOA 1952descri\u00e7\u00e3o f\u00edsica163 \u2013 P\u00c1GINAS ILUSTRADOEstudo da colect\u00e2nea de gravuras de Francesco Bartolozzi e de seus alunos em InglaterraCAPA MOLE","rel":"","context":"Similar post","block_context":{"text":"Similar post","link":""},"img":{"alt_text":"","src":"https:\/\/i0.wp.com\/alfarrabistacaldeira.com\/wp-content\/uploads\/2024\/01\/IMG_20240105_190338.jpg?fit=900%2C1200&ssl=1&resize=350%2C200","width":350,"height":200,"srcset":"https:\/\/i0.wp.com\/alfarrabistacaldeira.com\/wp-content\/uploads\/2024\/01\/IMG_20240105_190338.jpg?fit=900%2C1200&ssl=1&resize=350%2C200 1x, https:\/\/i0.wp.com\/alfarrabistacaldeira.com\/wp-content\/uploads\/2024\/01\/IMG_20240105_190338.jpg?fit=900%2C1200&ssl=1&resize=525%2C300 1.5x, https:\/\/i0.wp.com\/alfarrabistacaldeira.com\/wp-content\/uploads\/2024\/01\/IMG_20240105_190338.jpg?fit=900%2C1200&ssl=1&resize=700%2C400 2x"},"classes":[]},{"id":11226,"url":"https:\/\/alfarrabistacaldeira.com\/?product=cartas-e-confidencias-de-mario-soares-cesar-principe","url_meta":{"origin":8537,"position":3},"title":"CARTAS E CONFID\u00caNCIAS DE M\u00c1RIO SOARES C\u00c9SAR PR\u00cdNCIPE","author":"Alfarrabista Caldeira","date":"Fevereiro 4, 2024","format":false,"excerpt":"autoresC\u00c9SAR PR\u00cdNCIPEpublica\u00e7\u00e3oEDI\u00c7\u00c3O DE AUTOR 1986descri\u00e7\u00e3o f\u00edsica319 \u2013 P\u00c1GINAS ILUSTRADO COM FOTOGRAFIASCAPA MOLE","rel":"","context":"Similar post","block_context":{"text":"Similar post","link":""},"img":{"alt_text":"","src":"https:\/\/i0.wp.com\/alfarrabistacaldeira.com\/wp-content\/uploads\/2024\/02\/IMG_20240131_104804.jpg?fit=900%2C1200&ssl=1&resize=350%2C200","width":350,"height":200,"srcset":"https:\/\/i0.wp.com\/alfarrabistacaldeira.com\/wp-content\/uploads\/2024\/02\/IMG_20240131_104804.jpg?fit=900%2C1200&ssl=1&resize=350%2C200 1x, https:\/\/i0.wp.com\/alfarrabistacaldeira.com\/wp-content\/uploads\/2024\/02\/IMG_20240131_104804.jpg?fit=900%2C1200&ssl=1&resize=525%2C300 1.5x, https:\/\/i0.wp.com\/alfarrabistacaldeira.com\/wp-content\/uploads\/2024\/02\/IMG_20240131_104804.jpg?fit=900%2C1200&ssl=1&resize=700%2C400 2x"},"classes":[]},{"id":17557,"url":"https:\/\/alfarrabistacaldeira.com\/?product=carta-aberta-a-mario-soares-ruben-sottomayor","url_meta":{"origin":8537,"position":4},"title":"CARTA ABERTA A M\u00c1RIO SOARES RUBEN SOTTOMAYOR","author":"Alfarrabista Caldeira","date":"Maio 6, 2024","format":false,"excerpt":"autoresRUBEN SOTTOMAYORpublica\u00e7\u00e3oEDITORIAL J.CASTELO BRANCO LISBOA 1970descri\u00e7\u00e3o f\u00edsica23 - P\u00c1GINAScr\u00edticas \u00e0 posi\u00e7\u00e3o de M\u00e1rio Soares, ent\u00e3o um dos lideres da oposi\u00e7\u00e3o ao regime do Estado Novo de Marcelo Caetano e dirigente do Partido socialista fundado na Rep\u00fablica Federal da AlemanhaCAPA MOLE","rel":"","context":"Similar post","block_context":{"text":"Similar post","link":""},"img":{"alt_text":"","src":"https:\/\/i0.wp.com\/alfarrabistacaldeira.com\/wp-content\/uploads\/2024\/05\/20240506_172709-rotated.jpg?fit=900%2C1200&ssl=1&resize=350%2C200","width":350,"height":200,"srcset":"https:\/\/i0.wp.com\/alfarrabistacaldeira.com\/wp-content\/uploads\/2024\/05\/20240506_172709-rotated.jpg?fit=900%2C1200&ssl=1&resize=350%2C200 1x, https:\/\/i0.wp.com\/alfarrabistacaldeira.com\/wp-content\/uploads\/2024\/05\/20240506_172709-rotated.jpg?fit=900%2C1200&ssl=1&resize=525%2C300 1.5x, https:\/\/i0.wp.com\/alfarrabistacaldeira.com\/wp-content\/uploads\/2024\/05\/20240506_172709-rotated.jpg?fit=900%2C1200&ssl=1&resize=700%2C400 2x"},"classes":[]},{"id":26184,"url":"https:\/\/alfarrabistacaldeira.com\/?product=quarto-de-despejo-diario-de-uma-favelada-carolina-maria-de-jesus","url_meta":{"origin":8537,"position":5},"title":"Quarto de despejo di\u00e1rio de uma favelada carolina maria de jesus","author":"Alfarrabista Caldeira","date":"Janeiro 2, 2025","format":false,"excerpt":"autores carolina maria de jesus publica\u00e7\u00e3o editora paulo de azevedo ltda 1960 descri\u00e7\u00e3o f\u00edsica 182 \u2013 P\u00c1GINAS ILUSTRADO COM FOTOGRAFIAS A P\/B\u00a0E DESENHOS DE CYRO DEL NERO exemplar n.\u00ba 049781 CAPA MOLE","rel":"","context":"Similar post","block_context":{"text":"Similar post","link":""},"img":{"alt_text":"","src":"https:\/\/i0.wp.com\/alfarrabistacaldeira.com\/wp-content\/uploads\/2025\/01\/20250102_161314-rotated.jpg?fit=900%2C1200&ssl=1&resize=350%2C200","width":350,"height":200,"srcset":"https:\/\/i0.wp.com\/alfarrabistacaldeira.com\/wp-content\/uploads\/2025\/01\/20250102_161314-rotated.jpg?fit=900%2C1200&ssl=1&resize=350%2C200 1x, https:\/\/i0.wp.com\/alfarrabistacaldeira.com\/wp-content\/uploads\/2025\/01\/20250102_161314-rotated.jpg?fit=900%2C1200&ssl=1&resize=525%2C300 1.5x, https:\/\/i0.wp.com\/alfarrabistacaldeira.com\/wp-content\/uploads\/2025\/01\/20250102_161314-rotated.jpg?fit=900%2C1200&ssl=1&resize=700%2C400 2x"},"classes":[]}],"_links":{"self":[{"href":"https:\/\/alfarrabistacaldeira.com\/index.php?rest_route=\/wp\/v2\/product\/8537","targetHints":{"allow":["GET"]}}],"collection":[{"href":"https:\/\/alfarrabistacaldeira.com\/index.php?rest_route=\/wp\/v2\/product"}],"about":[{"href":"https:\/\/alfarrabistacaldeira.com\/index.php?rest_route=\/wp\/v2\/types\/product"}],"replies":[{"embeddable":true,"href":"https:\/\/alfarrabistacaldeira.com\/index.php?rest_route=%2Fwp%2Fv2%2Fcomments&post=8537"}],"version-history":[{"count":0,"href":"https:\/\/alfarrabistacaldeira.com\/index.php?rest_route=\/wp\/v2\/product\/8537\/revisions"}],"wp:featuredmedia":[{"embeddable":true,"href":"https:\/\/alfarrabistacaldeira.com\/index.php?rest_route=\/wp\/v2\/media\/8538"}],"wp:attachment":[{"href":"https:\/\/alfarrabistacaldeira.com\/index.php?rest_route=%2Fwp%2Fv2%2Fmedia&parent=8537"}],"wp:term":[{"taxonomy":"product_brand","embeddable":true,"href":"https:\/\/alfarrabistacaldeira.com\/index.php?rest_route=%2Fwp%2Fv2%2Fproduct_brand&post=8537"},{"taxonomy":"product_cat","embeddable":true,"href":"https:\/\/alfarrabistacaldeira.com\/index.php?rest_route=%2Fwp%2Fv2%2Fproduct_cat&post=8537"},{"taxonomy":"product_tag","embeddable":true,"href":"https:\/\/alfarrabistacaldeira.com\/index.php?rest_route=%2Fwp%2Fv2%2Fproduct_tag&post=8537"}],"curies":[{"name":"wp","href":"https:\/\/api.w.org\/{rel}","templated":true}]}}