{"id":8515,"date":"2024-01-16T17:01:19","date_gmt":"2024-01-16T17:01:19","guid":{"rendered":"https:\/\/alfarrabistacaldeira.com\/?post_type=product&#038;p=8515"},"modified":"2024-01-16T17:09:22","modified_gmt":"2024-01-16T17:09:22","slug":"meio-dia-orlando-goncalves-1-a-edicao","status":"publish","type":"product","link":"https:\/\/alfarrabistacaldeira.com\/?product=meio-dia-orlando-goncalves-1-a-edicao","title":{"rendered":"MEIO-DIA ORLANDO GON\u00c7ALVES 1.\u00aa EDI\u00c7\u00c3O"},"content":{"rendered":"\n<p>Ficcionista e jornalista.<\/p>\n\n\n\n<p>Oriundo do bairro lisboeta oper\u00e1rio da Ajuda, frequentou o curso complementar do Com\u00e9rcio na Escola Comercial Ferreira Borges. Ingressou na vida profissional activa como empregado de escrit\u00f3rio, mas exerceu tamb\u00e9m outras actividades como agente de vendas de materiais de constru\u00e7\u00e3o civil, gerente de livraria, editor e jornalista.<\/p>\n\n\n\n<p>Desde muito jovem foi influenciado pelas condi\u00e7\u00f5es sociais e pol\u00edticas vividas em Portugal com o salazarismo e, portanto, p\u00f4de acompanhar de perto o movimento liter\u00e1rio neo-realista, em que directamente participou atrav\u00e9s de iniciativas de car\u00e1cter cultural, como o relan\u00e7amento das edi\u00e7\u00f5es do Centro Bibliogr\u00e1fico, em colabora\u00e7\u00e3o com Armindo Rodrigues, Alves Redol, Alexandre Cabral, Antunes da Silva e outros.<\/p>\n\n\n\n<p>Em 1943 fundou o N\u00facleo Cultural Ferreira de Castro e em 1950 a editora Orion que publicou escritores neo-realistas ao tempo sem editor. A partir de 1963, assumiu a responsabilidade de publica\u00e7\u00e3o do seman\u00e1rio&nbsp;<em>Not\u00edcias da Amadora<\/em>, que conheceu per\u00edodos de acentuada interven\u00e7\u00e3o cultural antes do 25 de Abril, sob a direc\u00e7\u00e3o de S\u00e9rgio Ribeiro e de Carlos Carvalhas.<\/p>\n\n\n\n<p>Foi um dos escritores libertados pelo Movimento das For\u00e7as Armadas das pris\u00f5es da PIDE\/DGS no \u00e2mbito da revolu\u00e7\u00e3o de 1974, tendo ent\u00e3o sido director daquele jornal e presidente da Comiss\u00e3o Administrativa da C\u00e2mara Municipal de Oeiras at\u00e9 Dezembro de 1976, antes de a Amadora ser elevada a cidade, tendo neste novo munic\u00edpio desempenhado fun\u00e7\u00f5es de membro da respectiva Assembleia Municipal. Foi homenageado com a Medalha de Ouro da Cidade da Amadora.<\/p>\n\n\n\n<p>Colaborou tamb\u00e9m nos jornais\u00a0<em>Ecos de Bel\u00e9m<\/em>,\u00a0<em>Plan\u00edcie<\/em>,\u00a0<em>Globo<\/em>\u00a0(Brasil) e nas revistas\u00a0<em>Magazine da Mulher<\/em>,\u00a0<em>Vida Mundial<\/em>,\u00a0<em>S\u00e9culo Ilustrado<\/em>,\u00a0<em>Sol Nascente<\/em>\u00a0e\u00a0<em>V\u00e9rtice<\/em>.<\/p>\n\n\n\n<p>in Dicion\u00e1rio Cronol\u00f3gico de Autores Portugueses, Vol. V, Lisboa, 1998<\/p>\n","protected":false},"excerpt":{"rendered":"<p><strong>autores<\/strong><br \/>ORLANDO GON\u00c7ALVES<br \/><strong>publica\u00e7\u00e3o<\/strong><br \/>ORION 1957<br \/><strong>descri\u00e7\u00e3o f\u00edsica<\/strong><br \/>169 \u2013 P\u00c1GINAS ILUSTRA\u00c7\u00d5ES DE CIPRIANO DOURADO<br \/>CAPA MOLE<\/p>\n","protected":false},"featured_media":8516,"comment_status":"open","ping_status":"closed","template":"","meta":{"advanced_seo_description":"","jetpack_seo_html_title":"","jetpack_seo_noindex":false,"jetpack_post_was_ever_published":false,"jetpack_publicize_message":"","jetpack_publicize_feature_enabled":true,"jetpack_social_post_already_shared":true,"jetpack_social_options":{"image_generator_settings":{"template":"highway","default_image_id":0,"font":"","enabled":false},"version":2},"_wpas_customize_per_network":false},"product_brand":[],"product_cat":[1513],"product_tag":[],"class_list":{"0":"post-8515","1":"product","2":"type-product","3":"status-publish","4":"has-post-thumbnail","6":"product_cat-literatura-portuguesa","8":"first","9":"instock","10":"shipping-taxable","11":"purchasable","12":"product-type-simple"},"jetpack_publicize_connections":[],"jetpack_likes_enabled":true,"jetpack_sharing_enabled":true,"jetpack-related-posts":[{"id":17810,"url":"https:\/\/alfarrabistacaldeira.com\/?product=os-melros-cantam-na-primavera-orlando-goncalves","url_meta":{"origin":8515,"position":0},"title":"OS MELROS CANTAM NA PRIMAVERA ORLANDO GON\u00c7ALVES","author":"Alfarrabista Caldeira","date":"Maio 8, 2024","format":false,"excerpt":"autoresORLANDO GON\u00c7ALVESpublica\u00e7\u00e3oEDITORA NA\/ORION 1986descri\u00e7\u00e3o f\u00edsica114 - P\u00c1GINAS CAPA MOLE","rel":"","context":"Similar post","block_context":{"text":"Similar post","link":""},"img":{"alt_text":"","src":"https:\/\/i0.wp.com\/alfarrabistacaldeira.com\/wp-content\/uploads\/2024\/05\/20240508_151137-rotated.jpg?fit=900%2C1200&ssl=1&resize=350%2C200","width":350,"height":200,"srcset":"https:\/\/i0.wp.com\/alfarrabistacaldeira.com\/wp-content\/uploads\/2024\/05\/20240508_151137-rotated.jpg?fit=900%2C1200&ssl=1&resize=350%2C200 1x, https:\/\/i0.wp.com\/alfarrabistacaldeira.com\/wp-content\/uploads\/2024\/05\/20240508_151137-rotated.jpg?fit=900%2C1200&ssl=1&resize=525%2C300 1.5x, https:\/\/i0.wp.com\/alfarrabistacaldeira.com\/wp-content\/uploads\/2024\/05\/20240508_151137-rotated.jpg?fit=900%2C1200&ssl=1&resize=700%2C400 2x"},"classes":[]},{"id":18696,"url":"https:\/\/alfarrabistacaldeira.com\/?product=caxias-ultimos-dias-do-fascismo-orlando-goncalves","url_meta":{"origin":8515,"position":1},"title":"CAXIAS \u00daLTIMOS DIAS DO FASCISMO ORLANDO GON\u00c7ALVES","author":"Alfarrabista Caldeira","date":"Maio 15, 2024","format":false,"excerpt":"autoresORLANDO GON\u00c7ALVESpublica\u00e7\u00e3oN.A ORION 1977descri\u00e7\u00e3o f\u00edsica82 - P\u00c1GINAScom dedicat\u00f3ria e assinatura do autorCAPA MOLE","rel":"","context":"Similar post","block_context":{"text":"Similar post","link":""},"img":{"alt_text":"","src":"https:\/\/i0.wp.com\/alfarrabistacaldeira.com\/wp-content\/uploads\/2024\/05\/20240515_152845-rotated.jpg?fit=900%2C1200&ssl=1&resize=350%2C200","width":350,"height":200,"srcset":"https:\/\/i0.wp.com\/alfarrabistacaldeira.com\/wp-content\/uploads\/2024\/05\/20240515_152845-rotated.jpg?fit=900%2C1200&ssl=1&resize=350%2C200 1x, https:\/\/i0.wp.com\/alfarrabistacaldeira.com\/wp-content\/uploads\/2024\/05\/20240515_152845-rotated.jpg?fit=900%2C1200&ssl=1&resize=525%2C300 1.5x, https:\/\/i0.wp.com\/alfarrabistacaldeira.com\/wp-content\/uploads\/2024\/05\/20240515_152845-rotated.jpg?fit=900%2C1200&ssl=1&resize=700%2C400 2x"},"classes":[]},{"id":14660,"url":"https:\/\/alfarrabistacaldeira.com\/?product=a-barata-loira-romance-humoristico-armando-ferreira","url_meta":{"origin":8515,"position":2},"title":"A BARATA LOIRA ROMANCE HUMORISTICO ARMANDO FERREIRA","author":"Alfarrabista Caldeira","date":"Mar\u00e7o 19, 2024","format":false,"excerpt":"autoresARMANDO FERREIRApublica\u00e7\u00e3oGUIMARAES EDITORES 3.\u00aa EDI\u00c7\u00c3O descri\u00e7\u00e3o f\u00edsica218 - P\u00c1GINASquadrinhos caricaturais da vida lisboeta CAPA MOLE","rel":"","context":"Similar post","block_context":{"text":"Similar post","link":""},"img":{"alt_text":"","src":"https:\/\/i0.wp.com\/alfarrabistacaldeira.com\/wp-content\/uploads\/2024\/03\/20240319_151341-rotated.jpg?fit=900%2C1200&ssl=1&resize=350%2C200","width":350,"height":200,"srcset":"https:\/\/i0.wp.com\/alfarrabistacaldeira.com\/wp-content\/uploads\/2024\/03\/20240319_151341-rotated.jpg?fit=900%2C1200&ssl=1&resize=350%2C200 1x, https:\/\/i0.wp.com\/alfarrabistacaldeira.com\/wp-content\/uploads\/2024\/03\/20240319_151341-rotated.jpg?fit=900%2C1200&ssl=1&resize=525%2C300 1.5x, https:\/\/i0.wp.com\/alfarrabistacaldeira.com\/wp-content\/uploads\/2024\/03\/20240319_151341-rotated.jpg?fit=900%2C1200&ssl=1&resize=700%2C400 2x"},"classes":[]},{"id":37013,"url":"https:\/\/alfarrabistacaldeira.com\/?product=um-homem-na-neblina-poemas-egito-goncalves-1-a-edicao","url_meta":{"origin":8515,"position":3},"title":"UM HOMEM NA NEBLINA POEMAS EGITO GON\u00c7ALVES 1.\u00aa EDI\u00c7\u00c3O","author":"Alfarrabista Caldeira","date":"Fevereiro 12, 2026","format":false,"excerpt":"AUTORES : Egito Gon\u00e7alves\u00a0\u00a0PUBLICA\u00c7\u00c3O:\u00a0Germinal c\u00edtara 1950 DESCRI\u00c7\u00c3O FISICA: s\/d\u00a0 P\u00c1GINAS\u00a0com dedicat\u00f3ria e assinatura do autor BROCHURA.","rel":"","context":"Similar post","block_context":{"text":"Similar post","link":""},"img":{"alt_text":"","src":"https:\/\/i0.wp.com\/alfarrabistacaldeira.com\/wp-content\/uploads\/2026\/02\/1000032705.jpg?fit=916%2C1200&ssl=1&resize=350%2C200","width":350,"height":200,"srcset":"https:\/\/i0.wp.com\/alfarrabistacaldeira.com\/wp-content\/uploads\/2026\/02\/1000032705.jpg?fit=916%2C1200&ssl=1&resize=350%2C200 1x, https:\/\/i0.wp.com\/alfarrabistacaldeira.com\/wp-content\/uploads\/2026\/02\/1000032705.jpg?fit=916%2C1200&ssl=1&resize=525%2C300 1.5x, https:\/\/i0.wp.com\/alfarrabistacaldeira.com\/wp-content\/uploads\/2026\/02\/1000032705.jpg?fit=916%2C1200&ssl=1&resize=700%2C400 2x"},"classes":[]},{"id":37026,"url":"https:\/\/alfarrabistacaldeira.com\/?product=verao-coincidente-maria-teresa-horta-1-a-edicao","url_meta":{"origin":8515,"position":4},"title":"VER\u00c2O COINCIDENTE MARIA TERESA HORTA 1.\u00aa EDI\u00c7\u00c3O","author":"Alfarrabista Caldeira","date":"Fevereiro 12, 2026","format":false,"excerpt":"AUTORES : Maria Teresa Horta\u00a0\u00a0PUBLICA\u00c7\u00c3O:\u00a0Guim\u00e2res editores 1962 DESCRI\u00c7\u00c3O FISICA: 77 -\u00a0 P\u00c1GINAS\u00a0cole\u00e7\u00e3o poesia e verdade . BROCHURA.","rel":"","context":"Similar post","block_context":{"text":"Similar post","link":""},"img":{"alt_text":"","src":"https:\/\/i0.wp.com\/alfarrabistacaldeira.com\/wp-content\/uploads\/2026\/02\/1000032714.jpg?fit=1200%2C900&ssl=1&resize=350%2C200","width":350,"height":200,"srcset":"https:\/\/i0.wp.com\/alfarrabistacaldeira.com\/wp-content\/uploads\/2026\/02\/1000032714.jpg?fit=1200%2C900&ssl=1&resize=350%2C200 1x, https:\/\/i0.wp.com\/alfarrabistacaldeira.com\/wp-content\/uploads\/2026\/02\/1000032714.jpg?fit=1200%2C900&ssl=1&resize=525%2C300 1.5x, https:\/\/i0.wp.com\/alfarrabistacaldeira.com\/wp-content\/uploads\/2026\/02\/1000032714.jpg?fit=1200%2C900&ssl=1&resize=700%2C400 2x, https:\/\/i0.wp.com\/alfarrabistacaldeira.com\/wp-content\/uploads\/2026\/02\/1000032714.jpg?fit=1200%2C900&ssl=1&resize=1050%2C600 3x"},"classes":[]},{"id":28917,"url":"https:\/\/alfarrabistacaldeira.com\/?product=portugal-na-guerra-brito-camacho","url_meta":{"origin":8515,"position":5},"title":"PORTUGAL NA GUERRA BRITO CAMACHO","author":"Alfarrabista Caldeira","date":"Fevereiro 23, 2025","format":false,"excerpt":"autores BRITO CAMACHO\u00a0\u00a0publica\u00e7\u00e3o Guimar\u00e3es editores\u00a0 1935 descri\u00e7\u00e3o f\u00edsica\u00a0 330 \u2013\u00a0 P\u00c1GINAS\u00a0 \u00a0brochura","rel":"","context":"Similar post","block_context":{"text":"Similar post","link":""},"img":{"alt_text":"","src":"https:\/\/i0.wp.com\/alfarrabistacaldeira.com\/wp-content\/uploads\/2025\/02\/20250223_200931-rotated.jpg?fit=900%2C1200&ssl=1&resize=350%2C200","width":350,"height":200,"srcset":"https:\/\/i0.wp.com\/alfarrabistacaldeira.com\/wp-content\/uploads\/2025\/02\/20250223_200931-rotated.jpg?fit=900%2C1200&ssl=1&resize=350%2C200 1x, https:\/\/i0.wp.com\/alfarrabistacaldeira.com\/wp-content\/uploads\/2025\/02\/20250223_200931-rotated.jpg?fit=900%2C1200&ssl=1&resize=525%2C300 1.5x, https:\/\/i0.wp.com\/alfarrabistacaldeira.com\/wp-content\/uploads\/2025\/02\/20250223_200931-rotated.jpg?fit=900%2C1200&ssl=1&resize=700%2C400 2x"},"classes":[]}],"_links":{"self":[{"href":"https:\/\/alfarrabistacaldeira.com\/index.php?rest_route=\/wp\/v2\/product\/8515","targetHints":{"allow":["GET"]}}],"collection":[{"href":"https:\/\/alfarrabistacaldeira.com\/index.php?rest_route=\/wp\/v2\/product"}],"about":[{"href":"https:\/\/alfarrabistacaldeira.com\/index.php?rest_route=\/wp\/v2\/types\/product"}],"replies":[{"embeddable":true,"href":"https:\/\/alfarrabistacaldeira.com\/index.php?rest_route=%2Fwp%2Fv2%2Fcomments&post=8515"}],"version-history":[{"count":0,"href":"https:\/\/alfarrabistacaldeira.com\/index.php?rest_route=\/wp\/v2\/product\/8515\/revisions"}],"wp:featuredmedia":[{"embeddable":true,"href":"https:\/\/alfarrabistacaldeira.com\/index.php?rest_route=\/wp\/v2\/media\/8516"}],"wp:attachment":[{"href":"https:\/\/alfarrabistacaldeira.com\/index.php?rest_route=%2Fwp%2Fv2%2Fmedia&parent=8515"}],"wp:term":[{"taxonomy":"product_brand","embeddable":true,"href":"https:\/\/alfarrabistacaldeira.com\/index.php?rest_route=%2Fwp%2Fv2%2Fproduct_brand&post=8515"},{"taxonomy":"product_cat","embeddable":true,"href":"https:\/\/alfarrabistacaldeira.com\/index.php?rest_route=%2Fwp%2Fv2%2Fproduct_cat&post=8515"},{"taxonomy":"product_tag","embeddable":true,"href":"https:\/\/alfarrabistacaldeira.com\/index.php?rest_route=%2Fwp%2Fv2%2Fproduct_tag&post=8515"}],"curies":[{"name":"wp","href":"https:\/\/api.w.org\/{rel}","templated":true}]}}