{"id":8501,"date":"2024-01-16T16:36:55","date_gmt":"2024-01-16T16:36:55","guid":{"rendered":"https:\/\/alfarrabistacaldeira.com\/?post_type=product&#038;p=8501"},"modified":"2024-01-16T16:52:22","modified_gmt":"2024-01-16T16:52:22","slug":"este-mundo-dos-homens-orlando-goncalves-1-a-edicao","status":"publish","type":"product","link":"https:\/\/alfarrabistacaldeira.com\/produto\/este-mundo-dos-homens-orlando-goncalves-1-a-edicao\/","title":{"rendered":"ESTE MUNDO DOS HOMENS ORLANDO GON\u00c7ALVES 1.\u00aa EDI\u00c7\u00c3O"},"content":{"rendered":"","protected":false},"excerpt":{"rendered":"<p><strong>autores<\/strong><br \/>ORLANDO GON\u00c7ALVES<br \/><strong>publica\u00e7\u00e3o<\/strong><br \/>ORION 1954<br \/><strong>descri\u00e7\u00e3o f\u00edsica<\/strong><br \/>151 \u2013 P\u00c1GINAS ILUSTRA\u00c7\u00d5ES DE CIPRIANO DOURADO <br \/>CAPA MOLE<\/p>\n","protected":false},"featured_media":8502,"comment_status":"open","ping_status":"closed","template":"","meta":{"advanced_seo_description":"","jetpack_seo_html_title":"","jetpack_seo_noindex":false,"jetpack_post_was_ever_published":false,"jetpack_publicize_message":"","jetpack_publicize_feature_enabled":true,"jetpack_social_post_already_shared":true,"jetpack_social_options":{"image_generator_settings":{"template":"highway","default_image_id":0,"font":"","enabled":false},"version":2},"_wpas_customize_per_network":false},"product_brand":[],"product_cat":[1513],"product_tag":[],"class_list":{"0":"post-8501","1":"product","2":"type-product","3":"status-publish","4":"has-post-thumbnail","6":"product_cat-literatura-portuguesa","8":"first","9":"instock","10":"shipping-taxable","11":"purchasable","12":"product-type-simple"},"jetpack_publicize_connections":[],"jetpack_likes_enabled":true,"jetpack_sharing_enabled":true,"jetpack-related-posts":[],"_links":{"self":[{"href":"https:\/\/alfarrabistacaldeira.com\/wp-json\/wp\/v2\/product\/8501","targetHints":{"allow":["GET"]}}],"collection":[{"href":"https:\/\/alfarrabistacaldeira.com\/wp-json\/wp\/v2\/product"}],"about":[{"href":"https:\/\/alfarrabistacaldeira.com\/wp-json\/wp\/v2\/types\/product"}],"replies":[{"embeddable":true,"href":"https:\/\/alfarrabistacaldeira.com\/wp-json\/wp\/v2\/comments?post=8501"}],"version-history":[{"count":0,"href":"https:\/\/alfarrabistacaldeira.com\/wp-json\/wp\/v2\/product\/8501\/revisions"}],"wp:featuredmedia":[{"embeddable":true,"href":"https:\/\/alfarrabistacaldeira.com\/wp-json\/wp\/v2\/media\/8502"}],"wp:attachment":[{"href":"https:\/\/alfarrabistacaldeira.com\/wp-json\/wp\/v2\/media?parent=8501"}],"wp:term":[{"taxonomy":"product_brand","embeddable":true,"href":"https:\/\/alfarrabistacaldeira.com\/wp-json\/wp\/v2\/product_brand?post=8501"},{"taxonomy":"product_cat","embeddable":true,"href":"https:\/\/alfarrabistacaldeira.com\/wp-json\/wp\/v2\/product_cat?post=8501"},{"taxonomy":"product_tag","embeddable":true,"href":"https:\/\/alfarrabistacaldeira.com\/wp-json\/wp\/v2\/product_tag?post=8501"}],"curies":[{"name":"wp","href":"https:\/\/api.w.org\/{rel}","templated":true}]}}