{"id":8433,"date":"2024-01-16T11:17:06","date_gmt":"2024-01-16T11:17:06","guid":{"rendered":"https:\/\/alfarrabistacaldeira.com\/?post_type=product&#038;p=8433"},"modified":"2024-01-16T11:21:29","modified_gmt":"2024-01-16T11:21:29","slug":"o-pau-sebo-amandio-cesar-1-a-edicao","status":"publish","type":"product","link":"https:\/\/alfarrabistacaldeira.com\/produto\/o-pau-sebo-amandio-cesar-1-a-edicao\/","title":{"rendered":"O PAU-SEBO AM\u00c2NDIO C\u00c9SAR 1.\u00aa EDI\u00c7\u00c3O"},"content":{"rendered":"\n<p>Poeta, ficcionista, ensa\u00edsta e cr\u00edtico liter\u00e1rio, desenvolveu ainda, em Braga e em Lisboa, a actividade de jornalista comprometido com o Estado Novo. Licenciado em Ci\u00eancias Hist\u00f3rico-Filos\u00f3ficas pela Faculdade de Letras da Universidade de Coimbra, foi professor do ensino t\u00e9cnico.<br><br>Foi um dos elementos do grupo Poesia Nova e o fundador da revista&nbsp;<em>Quatro Ventos<\/em>&nbsp;(Braga, 1954-1957).<br><br>Como ensa\u00edsta e cr\u00edtico liter\u00e1rio, dedicou parte da sua actividade \u00e0 divulga\u00e7\u00e3o das literaturas brasileira e africana de express\u00e3o portuguesa, nomeadamente a angolana, sempre de um ponto de vista \u00abcolonial\u00bb ou \u00abultramarino\u00bb mas sem discriminar os que politicamente lhe n\u00e3o eram pares \u2013 publicou&nbsp;<em>Elementos para Uma Bibliografia da Literatura e Cultura Portuguesa Ultramarina Contempor\u00e2nea: Poesia, Fic\u00e7\u00e3o, Memorialismo, Ensaio<\/em>, em colabora\u00e7\u00e3o com M\u00e1rio Ant\u00f3nio (1968), e as antologias&nbsp;<em>Novos Par\u00e1grafos da Literatura Ultramarina<\/em>&nbsp;(1971) e&nbsp;<em>Antologia do Conto Ultramarino<\/em>&nbsp;(1972).<br><br>Publicou tamb\u00e9m alguns trabalhos no dom\u00ednio da geografia liter\u00e1ria, alguns dos quais em publica\u00e7\u00f5es como&nbsp;<em>Gil Vicente<\/em>,&nbsp;<em>Boletim de Trabalhos Hist\u00f3ricos<\/em>,&nbsp;<em>Boletim da Sociedade de Geografia de Lisboa<\/em>,&nbsp;<em>Ultramar<\/em>, etc. Foi tradutor de Curzio Malaparte e Alberto Moravia.<br><br>No dizer de Jorge de Sena, \u00abse a sua poesia se integra, apesar de uma certa versatilidade, num lirismo tradicional e tradicionalista, os seus contos aproximam-no do neo-realismo liter\u00e1rio na forma de tratar a terra duriense.\u00bb<\/p>\n\n\n\n<p>in Dicion\u00e1rio Cronol\u00f3gico de Autores Portugueses, Vol. V, Lisboa, 1998<\/p>\n","protected":false},"excerpt":{"rendered":"<p><strong>autores<\/strong><br \/>AM\u00c2NDIO C\u00c9SAR<br \/><strong>publica\u00e7\u00e3o<\/strong><br \/>EDI\u00c7\u00d5ES PANORAMA 1966<br \/><strong>descri\u00e7\u00e3o f\u00edsica<\/strong><br \/>185 \u2013 P\u00c1GINAS <br \/>CAPA MOLE<\/p>\n","protected":false},"featured_media":8434,"comment_status":"open","ping_status":"closed","template":"","meta":{"advanced_seo_description":"","jetpack_seo_html_title":"","jetpack_seo_noindex":false,"jetpack_publicize_message":"","jetpack_publicize_feature_enabled":true,"jetpack_social_post_already_shared":true,"jetpack_social_options":{"image_generator_settings":{"template":"highway","default_image_id":0,"font":"","enabled":false},"version":2},"_wpas_customize_per_network":false},"product_brand":[],"product_cat":[1513],"product_tag":[],"class_list":{"0":"post-8433","1":"product","2":"type-product","3":"status-publish","4":"has-post-thumbnail","6":"product_cat-literatura-portuguesa","8":"first","9":"instock","10":"shipping-taxable","11":"purchasable","12":"product-type-simple"},"jetpack_publicize_connections":[],"jetpack_likes_enabled":true,"jetpack_sharing_enabled":true,"jetpack-related-posts":[{"id":9480,"url":"https:\/\/alfarrabistacaldeira.com\/produto\/em-chao-papel-na-terra-da-guine-amandio-cesar\/","url_meta":{"origin":8433,"position":0},"title":"EM CH\u00c3O PAPEL NA TERRA DA GUIN\u00c9 AM\u00c3NDIO C\u00c9SAR","author":"Alfarrabista Caldeira","date":"Janeiro 23, 2024","format":false,"excerpt":"autoresAM\u00c3NDIO C\u00c9SARpublica\u00e7\u00e3oEdi\u00e7\u00e3o da Ag\u00eancia-Geral do Ultramar 1967descri\u00e7\u00e3o f\u00edsica197 \u2013 P\u00c1GINAS CAPA MOLE","rel":"","context":"Similar post","block_context":{"text":"Similar post","link":""},"img":{"alt_text":"","src":"https:\/\/i0.wp.com\/alfarrabistacaldeira.com\/wp-content\/uploads\/2024\/01\/IMG_20240121_155141.jpg?fit=675%2C1200&ssl=1&resize=350%2C200","width":350,"height":200,"srcset":"https:\/\/i0.wp.com\/alfarrabistacaldeira.com\/wp-content\/uploads\/2024\/01\/IMG_20240121_155141.jpg?fit=675%2C1200&ssl=1&resize=350%2C200 1x, https:\/\/i0.wp.com\/alfarrabistacaldeira.com\/wp-content\/uploads\/2024\/01\/IMG_20240121_155141.jpg?fit=675%2C1200&ssl=1&resize=525%2C300 1.5x"},"classes":[]},{"id":38602,"url":"https:\/\/alfarrabistacaldeira.com\/produto\/mario-de-sa-carneiro-e-os-outros-fernando-j-b-martinho\/","url_meta":{"origin":8433,"position":1},"title":"M\u00c1RIO DE S\u00c1-CARNEIRO E OS OUTROS FERNANDO J.B.MARTINHO","author":"Alfarrabista Caldeira","date":"Mar\u00e7o 22, 2026","format":false,"excerpt":"AUTORES : Fernando J. B. Martinho\u00a0\u00a0 \u00a0PUBLICA\u00c7\u00c3O: Hiena editora 1990\u00a0 DESCRI\u00c7\u00c3O FISICA: 91 -\u00a0 P\u00c1GINAS\u00a0capa de rui andr\u00e9 BROCHURA. -Enquanto cr\u00edtico e ensa\u00edsta, dedicou-se especialmente \u00e0 poesia portuguesa contempor\u00e2nea e \u00e0s literaturas africanas de express\u00e3o portuguesa. Teve colabora\u00e7\u00e3o cr\u00edtica e ensa\u00edstica dispersa em publica\u00e7\u00f5es como\u00a0Col\u00f3quio\/Letras,\u00a0Revista da Faculdade de Letras,\u00a0Rom\u00e2nica,\u00a0\u00c1frica,\u00a0Persona,\u00a0V\u00e9rtice,\u00a0JL,\u00a0Vis\u00e3o,\u00a0Rassegna Iberistica,\u00a0Indiana\u2026","rel":"","context":"Similar post","block_context":{"text":"Similar post","link":""},"img":{"alt_text":"","src":"https:\/\/i0.wp.com\/alfarrabistacaldeira.com\/wp-content\/uploads\/2026\/03\/1000035081.jpg?fit=854%2C1200&ssl=1&resize=350%2C200","width":350,"height":200,"srcset":"https:\/\/i0.wp.com\/alfarrabistacaldeira.com\/wp-content\/uploads\/2026\/03\/1000035081.jpg?fit=854%2C1200&ssl=1&resize=350%2C200 1x, https:\/\/i0.wp.com\/alfarrabistacaldeira.com\/wp-content\/uploads\/2026\/03\/1000035081.jpg?fit=854%2C1200&ssl=1&resize=525%2C300 1.5x, https:\/\/i0.wp.com\/alfarrabistacaldeira.com\/wp-content\/uploads\/2026\/03\/1000035081.jpg?fit=854%2C1200&ssl=1&resize=700%2C400 2x"},"classes":[]},{"id":11744,"url":"https:\/\/alfarrabistacaldeira.com\/produto\/cais-da-pedra-nuno-miranda\/","url_meta":{"origin":8433,"position":2},"title":"CAIS DA PEDRA NUNO MIRANDA","author":"Alfarrabista Caldeira","date":"Fevereiro 8, 2024","format":false,"excerpt":"autoresV\u00c1RIOSpublica\u00e7\u00e3oINSTITUTO CABOVERDIANO DO LIVRO E DO DISCO 1989descri\u00e7\u00e3o f\u00edsica313 - P\u00c1GINAS CAPA MOLE","rel":"","context":"Similar post","block_context":{"text":"Similar post","link":""},"img":{"alt_text":"","src":"https:\/\/i0.wp.com\/alfarrabistacaldeira.com\/wp-content\/uploads\/2024\/02\/IMG_20240207_163242.jpg?fit=900%2C1200&ssl=1&resize=350%2C200","width":350,"height":200,"srcset":"https:\/\/i0.wp.com\/alfarrabistacaldeira.com\/wp-content\/uploads\/2024\/02\/IMG_20240207_163242.jpg?fit=900%2C1200&ssl=1&resize=350%2C200 1x, https:\/\/i0.wp.com\/alfarrabistacaldeira.com\/wp-content\/uploads\/2024\/02\/IMG_20240207_163242.jpg?fit=900%2C1200&ssl=1&resize=525%2C300 1.5x, https:\/\/i0.wp.com\/alfarrabistacaldeira.com\/wp-content\/uploads\/2024\/02\/IMG_20240207_163242.jpg?fit=900%2C1200&ssl=1&resize=700%2C400 2x"},"classes":[]},{"id":12617,"url":"https:\/\/alfarrabistacaldeira.com\/produto\/regresso-adiado-manuel-rui\/","url_meta":{"origin":8433,"position":3},"title":"REGRESSO ADIADO MANUEL RUI","author":"Alfarrabista Caldeira","date":"Fevereiro 18, 2024","format":false,"excerpt":"autoresMANUEL RUIpublica\u00e7\u00e3oUNI\u00c3O DOS ESCRITORES ANGOLANOS 1985descri\u00e7\u00e3o f\u00edsica155 \u2013 P\u00c1GINAS CAPA MOLE","rel":"","context":"Similar post","block_context":{"text":"Similar post","link":""},"img":{"alt_text":"","src":"https:\/\/i0.wp.com\/alfarrabistacaldeira.com\/wp-content\/uploads\/2024\/02\/IMG_20240213_150541-2.jpg?fit=787%2C1200&ssl=1&resize=350%2C200","width":350,"height":200,"srcset":"https:\/\/i0.wp.com\/alfarrabistacaldeira.com\/wp-content\/uploads\/2024\/02\/IMG_20240213_150541-2.jpg?fit=787%2C1200&ssl=1&resize=350%2C200 1x, https:\/\/i0.wp.com\/alfarrabistacaldeira.com\/wp-content\/uploads\/2024\/02\/IMG_20240213_150541-2.jpg?fit=787%2C1200&ssl=1&resize=525%2C300 1.5x, https:\/\/i0.wp.com\/alfarrabistacaldeira.com\/wp-content\/uploads\/2024\/02\/IMG_20240213_150541-2.jpg?fit=787%2C1200&ssl=1&resize=700%2C400 2x"},"classes":[]},{"id":34485,"url":"https:\/\/alfarrabistacaldeira.com\/produto\/a-poesia-de-teixeira-de-pascoaes-ensaio-e-antologia-jacinto-do-prado-coelho\/","url_meta":{"origin":8433,"position":4},"title":"A POESIA DE TEIXEIRA DE PASCOAES ENSAIO E ANTOLOGIA JACINTO DO PRADO COELHO","author":"Alfarrabista Caldeira","date":"Setembro 5, 2025","format":false,"excerpt":"AUTORES : JACINTO DO PRADO COELHO\u00a0PUBLICA\u00c7\u00c3O:\u00a0Coimbra editora 1945\u00a0 DESCRI\u00c7\u00c3O FISICA:\u00a0 206 \u2013\u00a0 P\u00c1GINAS\u00a0 ilustrado com fotografia de teixeira de pascoaes\u00a0\u00a0BROCHURA","rel":"","context":"Similar post","block_context":{"text":"Similar post","link":""},"img":{"alt_text":"","src":"https:\/\/i0.wp.com\/alfarrabistacaldeira.com\/wp-content\/uploads\/2025\/09\/20250905_182031.jpg?fit=1200%2C900&ssl=1&resize=350%2C200","width":350,"height":200,"srcset":"https:\/\/i0.wp.com\/alfarrabistacaldeira.com\/wp-content\/uploads\/2025\/09\/20250905_182031.jpg?fit=1200%2C900&ssl=1&resize=350%2C200 1x, https:\/\/i0.wp.com\/alfarrabistacaldeira.com\/wp-content\/uploads\/2025\/09\/20250905_182031.jpg?fit=1200%2C900&ssl=1&resize=525%2C300 1.5x, https:\/\/i0.wp.com\/alfarrabistacaldeira.com\/wp-content\/uploads\/2025\/09\/20250905_182031.jpg?fit=1200%2C900&ssl=1&resize=700%2C400 2x, https:\/\/i0.wp.com\/alfarrabistacaldeira.com\/wp-content\/uploads\/2025\/09\/20250905_182031.jpg?fit=1200%2C900&ssl=1&resize=1050%2C600 3x"},"classes":[]},{"id":10359,"url":"https:\/\/alfarrabistacaldeira.com\/produto\/as-inumeraveis-aguas-nuno-judice-1-a-edicao\/","url_meta":{"origin":8433,"position":5},"title":"AS INUMER\u00c1VEIS \u00c1GUAS NUNO JUDICE 1.\u00aa EDI\u00c7\u00c3O","author":"Alfarrabista Caldeira","date":"Janeiro 28, 2024","format":false,"excerpt":"autoresNUNO JUDICEpublica\u00e7\u00e3oASSIRIO & ALVIM 1974descri\u00e7\u00e3o f\u00edsica48 \u2013 P\u00c1GINAS CAPA MOLE","rel":"","context":"Similar post","block_context":{"text":"Similar post","link":""},"img":{"alt_text":"","src":"https:\/\/i0.wp.com\/alfarrabistacaldeira.com\/wp-content\/uploads\/2024\/01\/IMG_20240128_142309.jpg?fit=900%2C1200&ssl=1&resize=350%2C200","width":350,"height":200,"srcset":"https:\/\/i0.wp.com\/alfarrabistacaldeira.com\/wp-content\/uploads\/2024\/01\/IMG_20240128_142309.jpg?fit=900%2C1200&ssl=1&resize=350%2C200 1x, https:\/\/i0.wp.com\/alfarrabistacaldeira.com\/wp-content\/uploads\/2024\/01\/IMG_20240128_142309.jpg?fit=900%2C1200&ssl=1&resize=525%2C300 1.5x, https:\/\/i0.wp.com\/alfarrabistacaldeira.com\/wp-content\/uploads\/2024\/01\/IMG_20240128_142309.jpg?fit=900%2C1200&ssl=1&resize=700%2C400 2x"},"classes":[]}],"_links":{"self":[{"href":"https:\/\/alfarrabistacaldeira.com\/wp-json\/wp\/v2\/product\/8433","targetHints":{"allow":["GET"]}}],"collection":[{"href":"https:\/\/alfarrabistacaldeira.com\/wp-json\/wp\/v2\/product"}],"about":[{"href":"https:\/\/alfarrabistacaldeira.com\/wp-json\/wp\/v2\/types\/product"}],"replies":[{"embeddable":true,"href":"https:\/\/alfarrabistacaldeira.com\/wp-json\/wp\/v2\/comments?post=8433"}],"version-history":[{"count":0,"href":"https:\/\/alfarrabistacaldeira.com\/wp-json\/wp\/v2\/product\/8433\/revisions"}],"wp:featuredmedia":[{"embeddable":true,"href":"https:\/\/alfarrabistacaldeira.com\/wp-json\/wp\/v2\/media\/8434"}],"wp:attachment":[{"href":"https:\/\/alfarrabistacaldeira.com\/wp-json\/wp\/v2\/media?parent=8433"}],"wp:term":[{"taxonomy":"product_brand","embeddable":true,"href":"https:\/\/alfarrabistacaldeira.com\/wp-json\/wp\/v2\/product_brand?post=8433"},{"taxonomy":"product_cat","embeddable":true,"href":"https:\/\/alfarrabistacaldeira.com\/wp-json\/wp\/v2\/product_cat?post=8433"},{"taxonomy":"product_tag","embeddable":true,"href":"https:\/\/alfarrabistacaldeira.com\/wp-json\/wp\/v2\/product_tag?post=8433"}],"curies":[{"name":"wp","href":"https:\/\/api.w.org\/{rel}","templated":true}]}}