{"id":7255,"date":"2024-01-10T18:01:29","date_gmt":"2024-01-10T18:01:29","guid":{"rendered":"https:\/\/alfarrabistacaldeira.com\/?post_type=product&#038;p=7255"},"modified":"2024-01-10T18:11:41","modified_gmt":"2024-01-10T18:11:41","slug":"monte-real-costumes-e-tradicoes-das-terras-de-ulmar-olympio-duarte-alves","status":"publish","type":"product","link":"https:\/\/alfarrabistacaldeira.com\/?product=monte-real-costumes-e-tradicoes-das-terras-de-ulmar-olympio-duarte-alves","title":{"rendered":"MONTE REAL COSTUMES E TRADI\u00c7\u00d5ES DAS TERRAS DE ULMAR OLYMPIO DUARTE ALVES"},"content":{"rendered":"","protected":false},"excerpt":{"rendered":"<p><strong>autores<\/strong><br \/>OLYMPIO DUARTE ALVES<br \/><strong>publica\u00e7\u00e3o<\/strong><br \/>EDI\u00c7\u00c3O DE AUTOR 1963<br \/><strong>descri\u00e7\u00e3o f\u00edsica<\/strong><br \/>110 \u2013 P\u00c1GINAS ILUSTRADO COM FOTOGRAFIAS<br \/>COM DEDICAT\u00d3RIA E ASSINATURA DO AUTOR<br \/>CAPA MOLE<\/p>\n","protected":false},"featured_media":7256,"comment_status":"open","ping_status":"closed","template":"","meta":{"advanced_seo_description":"","jetpack_seo_html_title":"","jetpack_seo_noindex":false,"jetpack_post_was_ever_published":false,"jetpack_publicize_message":"","jetpack_publicize_feature_enabled":true,"jetpack_social_post_already_shared":true,"jetpack_social_options":{"image_generator_settings":{"template":"highway","default_image_id":0,"font":"","enabled":false},"version":2},"_wpas_customize_per_network":false},"product_brand":[],"product_cat":[1571,1522],"product_tag":[],"class_list":{"0":"post-7255","1":"product","2":"type-product","3":"status-publish","4":"has-post-thumbnail","6":"product_cat-memorias","7":"product_cat-monografias-portuguesas","9":"first","10":"instock","11":"shipping-taxable","12":"purchasable","13":"product-type-simple"},"jetpack_publicize_connections":[],"jetpack_likes_enabled":true,"jetpack_sharing_enabled":true,"jetpack-related-posts":[{"id":27725,"url":"https:\/\/alfarrabistacaldeira.com\/?product=cinco-minutos-de-jazz-jose-duarte","url_meta":{"origin":7255,"position":0},"title":"CINCO MINUTOS DE JAZZ JOS\u00c9 DUARTE","author":"Alfarrabista Caldeira","date":"Fevereiro 11, 2025","format":false,"excerpt":"autores JOS\u00c9 DUARTE \u00a0\u00a0publica\u00e7\u00e3o oficina do livro 2000 descri\u00e7\u00e3o f\u00edsica\u00a0 187 -\u00a0 P\u00c1GINAS ilustrado com fotografias a p\/b\u00a0 Capa mole\u00a0 Ao longo de mais de meio s\u00e9culo, Jos\u00e9 Duarte tem divulgado incansavelmente um g\u00e9nero musical que, apesar dos passos seguros que foi dando, tem demorado a fazer o seu caminho\u2026","rel":"","context":"Similar post","block_context":{"text":"Similar post","link":""},"img":{"alt_text":"","src":"https:\/\/i0.wp.com\/alfarrabistacaldeira.com\/wp-content\/uploads\/2025\/02\/20250211_143243-rotated.jpg?fit=900%2C1200&ssl=1&resize=350%2C200","width":350,"height":200,"srcset":"https:\/\/i0.wp.com\/alfarrabistacaldeira.com\/wp-content\/uploads\/2025\/02\/20250211_143243-rotated.jpg?fit=900%2C1200&ssl=1&resize=350%2C200 1x, https:\/\/i0.wp.com\/alfarrabistacaldeira.com\/wp-content\/uploads\/2025\/02\/20250211_143243-rotated.jpg?fit=900%2C1200&ssl=1&resize=525%2C300 1.5x, https:\/\/i0.wp.com\/alfarrabistacaldeira.com\/wp-content\/uploads\/2025\/02\/20250211_143243-rotated.jpg?fit=900%2C1200&ssl=1&resize=700%2C400 2x"},"classes":[]},{"id":11246,"url":"https:\/\/alfarrabistacaldeira.com\/?product=os-morgados-de-ulmar-olympio-duarte-alves","url_meta":{"origin":7255,"position":1},"title":"OS MORGADOS DE ULMAR OLYMPIO DUARTE ALVES","author":"Alfarrabista Caldeira","date":"Fevereiro 5, 2024","format":false,"excerpt":"autoresOLYMPIO DUARTE ALVESpublica\u00e7\u00e3oEDI\u00c7\u00c3O DE AUTOR 1970descri\u00e7\u00e3o f\u00edsica115 \u2013 P\u00c1GINAS ILUSTRADO COM FOTOGRAFIAS COM DEDICAT\u00d3RIA E ASSINATURA DO AUTORCAPA MOLE","rel":"","context":"Similar post","block_context":{"text":"Similar post","link":""},"img":{"alt_text":"","src":"https:\/\/i0.wp.com\/alfarrabistacaldeira.com\/wp-content\/uploads\/2024\/02\/IMG_20240128_140243.jpg?fit=900%2C1200&ssl=1&resize=350%2C200","width":350,"height":200,"srcset":"https:\/\/i0.wp.com\/alfarrabistacaldeira.com\/wp-content\/uploads\/2024\/02\/IMG_20240128_140243.jpg?fit=900%2C1200&ssl=1&resize=350%2C200 1x, https:\/\/i0.wp.com\/alfarrabistacaldeira.com\/wp-content\/uploads\/2024\/02\/IMG_20240128_140243.jpg?fit=900%2C1200&ssl=1&resize=525%2C300 1.5x, https:\/\/i0.wp.com\/alfarrabistacaldeira.com\/wp-content\/uploads\/2024\/02\/IMG_20240128_140243.jpg?fit=900%2C1200&ssl=1&resize=700%2C400 2x"},"classes":[]},{"id":6885,"url":"https:\/\/alfarrabistacaldeira.com\/?product=os-falsos-precursores-de-alvares-cabral-duarte-leite","url_meta":{"origin":7255,"position":2},"title":"OS FALSOS PRECURSORES DE \u00c1LVARES CABRAL DUARTE LEITE","author":"Alfarrabista Caldeira","date":"Janeiro 9, 2024","format":false,"excerpt":"autoresDUARTE LEITEpublica\u00e7\u00e3oPORTUG\u00c1LIA S\/Ddescri\u00e7\u00e3o f\u00edsica310 \u2013 P\u00c1GINAS ILUSTRADOCAPA MOLE","rel":"","context":"Similar post","block_context":{"text":"Similar post","link":""},"img":{"alt_text":"","src":"https:\/\/i0.wp.com\/alfarrabistacaldeira.com\/wp-content\/uploads\/2024\/01\/IMG_20240107_201216.jpg?fit=900%2C1200&ssl=1&resize=350%2C200","width":350,"height":200,"srcset":"https:\/\/i0.wp.com\/alfarrabistacaldeira.com\/wp-content\/uploads\/2024\/01\/IMG_20240107_201216.jpg?fit=900%2C1200&ssl=1&resize=350%2C200 1x, https:\/\/i0.wp.com\/alfarrabistacaldeira.com\/wp-content\/uploads\/2024\/01\/IMG_20240107_201216.jpg?fit=900%2C1200&ssl=1&resize=525%2C300 1.5x, https:\/\/i0.wp.com\/alfarrabistacaldeira.com\/wp-content\/uploads\/2024\/01\/IMG_20240107_201216.jpg?fit=900%2C1200&ssl=1&resize=700%2C400 2x"},"classes":[]},{"id":31959,"url":"https:\/\/alfarrabistacaldeira.com\/?product=o-mosteiro-de-leca-do-balio-arnaldo-duarte","url_meta":{"origin":7255,"position":3},"title":"O MOSTEIRO DE LE\u00c7A DO BALIO ARNALDO DUARTE","author":"Alfarrabista Caldeira","date":"Maio 23, 2025","format":false,"excerpt":"autores ARNALDO DUARTE \u00a0\u00a0publica\u00e7\u00e3o Porto 1940\u00a0descri\u00e7\u00e3o f\u00edsica\u00a0 32 - P\u00c1GINAS\u00a0 ilustrado com fotografias a negro com dedicat\u00f3ria e assinatura\u00a0 \u00a0brochura","rel":"","context":"Similar post","block_context":{"text":"Similar post","link":""},"img":{"alt_text":"","src":"https:\/\/i0.wp.com\/alfarrabistacaldeira.com\/wp-content\/uploads\/2025\/05\/20250519_204656.jpg?fit=900%2C1200&ssl=1&resize=350%2C200","width":350,"height":200,"srcset":"https:\/\/i0.wp.com\/alfarrabistacaldeira.com\/wp-content\/uploads\/2025\/05\/20250519_204656.jpg?fit=900%2C1200&ssl=1&resize=350%2C200 1x, https:\/\/i0.wp.com\/alfarrabistacaldeira.com\/wp-content\/uploads\/2025\/05\/20250519_204656.jpg?fit=900%2C1200&ssl=1&resize=525%2C300 1.5x, https:\/\/i0.wp.com\/alfarrabistacaldeira.com\/wp-content\/uploads\/2025\/05\/20250519_204656.jpg?fit=900%2C1200&ssl=1&resize=700%2C400 2x"},"classes":[]},{"id":9407,"url":"https:\/\/alfarrabistacaldeira.com\/?product=flores-da-holanda-catalogo-jose-afonso-duarte-lda","url_meta":{"origin":7255,"position":4},"title":"FLORES DA HOLANDA CAT\u00c1LOGO JOSE AFONSO DUARTE , LDA.","author":"Alfarrabista Caldeira","date":"Janeiro 22, 2024","format":false,"excerpt":"autoresJOSE AFONSO DUARTE , LDA.publica\u00e7\u00e3oLISBOA S\/Ddescri\u00e7\u00e3o f\u00edsica16 \u2013 P\u00c1GINAS ILUSTRADOCAPA MOLE","rel":"","context":"Similar post","block_context":{"text":"Similar post","link":""},"img":{"alt_text":"","src":"https:\/\/i0.wp.com\/alfarrabistacaldeira.com\/wp-content\/uploads\/2024\/01\/IMG_20240122_210429.jpg?fit=900%2C1200&ssl=1&resize=350%2C200","width":350,"height":200,"srcset":"https:\/\/i0.wp.com\/alfarrabistacaldeira.com\/wp-content\/uploads\/2024\/01\/IMG_20240122_210429.jpg?fit=900%2C1200&ssl=1&resize=350%2C200 1x, https:\/\/i0.wp.com\/alfarrabistacaldeira.com\/wp-content\/uploads\/2024\/01\/IMG_20240122_210429.jpg?fit=900%2C1200&ssl=1&resize=525%2C300 1.5x, https:\/\/i0.wp.com\/alfarrabistacaldeira.com\/wp-content\/uploads\/2024\/01\/IMG_20240122_210429.jpg?fit=900%2C1200&ssl=1&resize=700%2C400 2x"},"classes":[]},{"id":28148,"url":"https:\/\/alfarrabistacaldeira.com\/?product=do-amor-e-de-ti-luis-filipe-duarte-1-a-edicao","url_meta":{"origin":7255,"position":5},"title":"DO AMOR E DE TI LUIS FILIPE DUARTE 1.\u00aa EDI\u00c7\u00c3O","author":"Alfarrabista Caldeira","date":"Fevereiro 15, 2025","format":false,"excerpt":"autores LUIS FILIPE DUARTE \u00a0publica\u00e7\u00e3o edi\u00e7\u00e3o de autor 1990\u00a0 descri\u00e7\u00e3o f\u00edsica\u00a0 54 - P\u00c1GINAS\u00a0 \u00a0Capa mole com dedicat\u00f3ria e assinatura do autor","rel":"","context":"Similar post","block_context":{"text":"Similar post","link":""},"img":{"alt_text":"","src":"https:\/\/i0.wp.com\/alfarrabistacaldeira.com\/wp-content\/uploads\/2025\/02\/20250215_212458-rotated.jpg?fit=900%2C1200&ssl=1&resize=350%2C200","width":350,"height":200,"srcset":"https:\/\/i0.wp.com\/alfarrabistacaldeira.com\/wp-content\/uploads\/2025\/02\/20250215_212458-rotated.jpg?fit=900%2C1200&ssl=1&resize=350%2C200 1x, https:\/\/i0.wp.com\/alfarrabistacaldeira.com\/wp-content\/uploads\/2025\/02\/20250215_212458-rotated.jpg?fit=900%2C1200&ssl=1&resize=525%2C300 1.5x, https:\/\/i0.wp.com\/alfarrabistacaldeira.com\/wp-content\/uploads\/2025\/02\/20250215_212458-rotated.jpg?fit=900%2C1200&ssl=1&resize=700%2C400 2x"},"classes":[]}],"_links":{"self":[{"href":"https:\/\/alfarrabistacaldeira.com\/index.php?rest_route=\/wp\/v2\/product\/7255","targetHints":{"allow":["GET"]}}],"collection":[{"href":"https:\/\/alfarrabistacaldeira.com\/index.php?rest_route=\/wp\/v2\/product"}],"about":[{"href":"https:\/\/alfarrabistacaldeira.com\/index.php?rest_route=\/wp\/v2\/types\/product"}],"replies":[{"embeddable":true,"href":"https:\/\/alfarrabistacaldeira.com\/index.php?rest_route=%2Fwp%2Fv2%2Fcomments&post=7255"}],"version-history":[{"count":0,"href":"https:\/\/alfarrabistacaldeira.com\/index.php?rest_route=\/wp\/v2\/product\/7255\/revisions"}],"wp:featuredmedia":[{"embeddable":true,"href":"https:\/\/alfarrabistacaldeira.com\/index.php?rest_route=\/wp\/v2\/media\/7256"}],"wp:attachment":[{"href":"https:\/\/alfarrabistacaldeira.com\/index.php?rest_route=%2Fwp%2Fv2%2Fmedia&parent=7255"}],"wp:term":[{"taxonomy":"product_brand","embeddable":true,"href":"https:\/\/alfarrabistacaldeira.com\/index.php?rest_route=%2Fwp%2Fv2%2Fproduct_brand&post=7255"},{"taxonomy":"product_cat","embeddable":true,"href":"https:\/\/alfarrabistacaldeira.com\/index.php?rest_route=%2Fwp%2Fv2%2Fproduct_cat&post=7255"},{"taxonomy":"product_tag","embeddable":true,"href":"https:\/\/alfarrabistacaldeira.com\/index.php?rest_route=%2Fwp%2Fv2%2Fproduct_tag&post=7255"}],"curies":[{"name":"wp","href":"https:\/\/api.w.org\/{rel}","templated":true}]}}