{"id":7129,"date":"2024-01-10T10:50:52","date_gmt":"2024-01-10T10:50:52","guid":{"rendered":"https:\/\/alfarrabistacaldeira.com\/?post_type=product&#038;p=7129"},"modified":"2024-01-10T10:55:43","modified_gmt":"2024-01-10T10:55:43","slug":"a-pedra-do-demonio-jose-julio-rodrigues","status":"publish","type":"product","link":"https:\/\/alfarrabistacaldeira.com\/?product=a-pedra-do-demonio-jose-julio-rodrigues","title":{"rendered":"A PEDRA DO DEM\u00d3NIO JOS\u00c9 J\u00daLIO RODRIGUES"},"content":{"rendered":"","protected":false},"excerpt":{"rendered":"<p><strong>autores<\/strong><br \/>JOS\u00c9 J\u00daLIO RODRIGUES<br \/><strong>publica\u00e7\u00e3o<\/strong><br \/>PARCERIA ANT\u00d3NIO MARIA PEREIRA 1946<br \/><strong>descri\u00e7\u00e3o f\u00edsica<\/strong><br \/>507 \u2013 P\u00c1GINAS<br \/>CAPA MOLE<\/p>\n","protected":false},"featured_media":7130,"comment_status":"open","ping_status":"closed","template":"","meta":{"advanced_seo_description":"","jetpack_seo_html_title":"","jetpack_seo_noindex":false,"jetpack_post_was_ever_published":false,"jetpack_publicize_message":"","jetpack_publicize_feature_enabled":true,"jetpack_social_post_already_shared":true,"jetpack_social_options":{"image_generator_settings":{"template":"highway","default_image_id":0,"font":"","enabled":false},"version":2},"_wpas_customize_per_network":false},"product_brand":[],"product_cat":[1513],"product_tag":[],"class_list":{"0":"post-7129","1":"product","2":"type-product","3":"status-publish","4":"has-post-thumbnail","6":"product_cat-literatura-portuguesa","8":"first","9":"instock","10":"shipping-taxable","11":"purchasable","12":"product-type-simple"},"jetpack_publicize_connections":[],"jetpack_likes_enabled":true,"jetpack_sharing_enabled":true,"jetpack-related-posts":[{"id":10228,"url":"https:\/\/alfarrabistacaldeira.com\/?product=julio-resende-galeria-nasoni","url_meta":{"origin":7129,"position":0},"title":"J\u00daLIO RESENDE GALERIA NASONI","author":"Alfarrabista Caldeira","date":"Janeiro 26, 2024","format":false,"excerpt":"autoresJ\u00daLIO RESENDEpublica\u00e7\u00e3oGALERIA NASONI 1989descri\u00e7\u00e3o f\u00edsica70 \u2013 P\u00c1GINAS ILUSTRADO A CORCAPA MOLE","rel":"","context":"Similar post","block_context":{"text":"Similar post","link":""},"img":{"alt_text":"","src":"https:\/\/i0.wp.com\/alfarrabistacaldeira.com\/wp-content\/uploads\/2024\/01\/IMG_20240125_185204-2.jpg?fit=900%2C1200&ssl=1&resize=350%2C200","width":350,"height":200,"srcset":"https:\/\/i0.wp.com\/alfarrabistacaldeira.com\/wp-content\/uploads\/2024\/01\/IMG_20240125_185204-2.jpg?fit=900%2C1200&ssl=1&resize=350%2C200 1x, https:\/\/i0.wp.com\/alfarrabistacaldeira.com\/wp-content\/uploads\/2024\/01\/IMG_20240125_185204-2.jpg?fit=900%2C1200&ssl=1&resize=525%2C300 1.5x, https:\/\/i0.wp.com\/alfarrabistacaldeira.com\/wp-content\/uploads\/2024\/01\/IMG_20240125_185204-2.jpg?fit=900%2C1200&ssl=1&resize=700%2C400 2x"},"classes":[]},{"id":6514,"url":"https:\/\/alfarrabistacaldeira.com\/?product=a-ceia-dos-cardeais-julio-dantas","url_meta":{"origin":7129,"position":1},"title":"A CEIA DOS CARDEAIS J\u00daLIO DANTAS","author":"Alfarrabista Caldeira","date":"Janeiro 5, 2024","format":false,"excerpt":"autoresJ\u00daLIO DANTASpublica\u00e7\u00e3oLIVRARIA CL\u00c1SSICA EDITORA 1951descri\u00e7\u00e3o f\u00edsica40 \u2013 P\u00c1GINAS ILUSTRADO COM DESENHOS DE ALBERTO SOUZA CAPA MOLE","rel":"","context":"Similar post","block_context":{"text":"Similar post","link":""},"img":{"alt_text":"","src":"https:\/\/i0.wp.com\/alfarrabistacaldeira.com\/wp-content\/uploads\/2024\/01\/IMG_20240105_185840.jpg?fit=900%2C1200&ssl=1&resize=350%2C200","width":350,"height":200,"srcset":"https:\/\/i0.wp.com\/alfarrabistacaldeira.com\/wp-content\/uploads\/2024\/01\/IMG_20240105_185840.jpg?fit=900%2C1200&ssl=1&resize=350%2C200 1x, https:\/\/i0.wp.com\/alfarrabistacaldeira.com\/wp-content\/uploads\/2024\/01\/IMG_20240105_185840.jpg?fit=900%2C1200&ssl=1&resize=525%2C300 1.5x, https:\/\/i0.wp.com\/alfarrabistacaldeira.com\/wp-content\/uploads\/2024\/01\/IMG_20240105_185840.jpg?fit=900%2C1200&ssl=1&resize=700%2C400 2x"},"classes":[]},{"id":21814,"url":"https:\/\/alfarrabistacaldeira.com\/?product=arte-de-amar-julio-dantas","url_meta":{"origin":7129,"position":2},"title":"ARTE DE AMAR JULIO DANTAS","author":"Alfarrabista Caldeira","date":"Agosto 1, 2024","format":false,"excerpt":"autoresJULIO DANTASpublica\u00e7\u00e3oSOCIEDADE EDITORA PORTUGAL BRASIL S\/Ddescri\u00e7\u00e3o f\u00edsica218 \u2013 P\u00c1GINASCAPA DE ALBERTO DE SOUSACAPA MOLE","rel":"","context":"Similar post","block_context":{"text":"Similar post","link":""},"img":{"alt_text":"","src":"https:\/\/i0.wp.com\/alfarrabistacaldeira.com\/wp-content\/uploads\/2024\/08\/20240801_155546-rotated.jpg?fit=900%2C1200&ssl=1&resize=350%2C200","width":350,"height":200,"srcset":"https:\/\/i0.wp.com\/alfarrabistacaldeira.com\/wp-content\/uploads\/2024\/08\/20240801_155546-rotated.jpg?fit=900%2C1200&ssl=1&resize=350%2C200 1x, https:\/\/i0.wp.com\/alfarrabistacaldeira.com\/wp-content\/uploads\/2024\/08\/20240801_155546-rotated.jpg?fit=900%2C1200&ssl=1&resize=525%2C300 1.5x, https:\/\/i0.wp.com\/alfarrabistacaldeira.com\/wp-content\/uploads\/2024\/08\/20240801_155546-rotated.jpg?fit=900%2C1200&ssl=1&resize=700%2C400 2x"},"classes":[]},{"id":6204,"url":"https:\/\/alfarrabistacaldeira.com\/?product=julio-isidro-apresenta-juliana-das-farturas","url_meta":{"origin":7129,"position":3},"title":"J\u00daLIO ISIDRO APRESENTA JULIANA DAS FARTURAS","author":"Alfarrabista Caldeira","date":"Janeiro 3, 2024","format":false,"excerpt":"autoresJ\u00daLIO ISIDROpublica\u00e7\u00e3oPUBLICA\u00c7\u00d5ES DOM QUIXOTE 1990descri\u00e7\u00e3o f\u00edsica83 \u2013 P\u00c1GINAS ILUSTRADO POR ARTUR HENRIQUES CAPA DURA","rel":"","context":"Similar post","block_context":{"text":"Similar post","link":""},"img":{"alt_text":"","src":"https:\/\/i0.wp.com\/alfarrabistacaldeira.com\/wp-content\/uploads\/2024\/01\/IMG_20240102_094148.jpg?fit=900%2C1200&ssl=1&resize=350%2C200","width":350,"height":200,"srcset":"https:\/\/i0.wp.com\/alfarrabistacaldeira.com\/wp-content\/uploads\/2024\/01\/IMG_20240102_094148.jpg?fit=900%2C1200&ssl=1&resize=350%2C200 1x, https:\/\/i0.wp.com\/alfarrabistacaldeira.com\/wp-content\/uploads\/2024\/01\/IMG_20240102_094148.jpg?fit=900%2C1200&ssl=1&resize=525%2C300 1.5x, https:\/\/i0.wp.com\/alfarrabistacaldeira.com\/wp-content\/uploads\/2024\/01\/IMG_20240102_094148.jpg?fit=900%2C1200&ssl=1&resize=700%2C400 2x"},"classes":[]},{"id":6208,"url":"https:\/\/alfarrabistacaldeira.com\/?product=julio-isidro-apresenta-historias-do-tio-juliao","url_meta":{"origin":7129,"position":4},"title":"J\u00daLIO ISIDRO APRESENTA HIST\u00d3RIAS DO TIO JULI\u00c2O","author":"Alfarrabista Caldeira","date":"Janeiro 3, 2024","format":false,"excerpt":"autoresJ\u00daLIO ISIDROpublica\u00e7\u00e3oPUBLICA\u00c7\u00d5ES DOM QUIXOTE 1989descri\u00e7\u00e3o f\u00edsica75 \u2013 P\u00c1GINAS ILUSTRADO POR ARTUR HENRIQUES CAPA DURA","rel":"","context":"Similar post","block_context":{"text":"Similar post","link":""},"img":{"alt_text":"","src":"https:\/\/i0.wp.com\/alfarrabistacaldeira.com\/wp-content\/uploads\/2024\/01\/IMG_20240102_094115.jpg?fit=900%2C1200&ssl=1&resize=350%2C200","width":350,"height":200,"srcset":"https:\/\/i0.wp.com\/alfarrabistacaldeira.com\/wp-content\/uploads\/2024\/01\/IMG_20240102_094115.jpg?fit=900%2C1200&ssl=1&resize=350%2C200 1x, https:\/\/i0.wp.com\/alfarrabistacaldeira.com\/wp-content\/uploads\/2024\/01\/IMG_20240102_094115.jpg?fit=900%2C1200&ssl=1&resize=525%2C300 1.5x, https:\/\/i0.wp.com\/alfarrabistacaldeira.com\/wp-content\/uploads\/2024\/01\/IMG_20240102_094115.jpg?fit=900%2C1200&ssl=1&resize=700%2C400 2x"},"classes":[]},{"id":32277,"url":"https:\/\/alfarrabistacaldeira.com\/?product=distrito-de-viseu-julio-rocha-e-sousa","url_meta":{"origin":7129,"position":5},"title":"DISTRITO DE VISEU J\u00daLIO ROCHA E SOUSA","author":"Alfarrabista Caldeira","date":"Junho 8, 2025","format":false,"excerpt":"autores J\u00daLIO ROCHA E SOUSA \u00a0publica\u00e7\u00e3o Edi\u00e7\u00e3o de autor 1972 descri\u00e7\u00e3o f\u00edsica 170 - P\u00c1GINAS ilustrado com fotografias\u00a0 a negro\u00a0\u00a0brochura . com dedicat\u00f3ria e assinatura do autor.\u00a0 impresso em papel de alta qualidade . descri\u00e7\u00e3o hist\u00f3rica de viseu , seus trajes , pelourinhos , panoramicas ...","rel":"","context":"Similar post","block_context":{"text":"Similar post","link":""},"img":{"alt_text":"","src":"https:\/\/i0.wp.com\/alfarrabistacaldeira.com\/wp-content\/uploads\/2025\/06\/20250608_155947.jpg?fit=900%2C1200&ssl=1&resize=350%2C200","width":350,"height":200,"srcset":"https:\/\/i0.wp.com\/alfarrabistacaldeira.com\/wp-content\/uploads\/2025\/06\/20250608_155947.jpg?fit=900%2C1200&ssl=1&resize=350%2C200 1x, https:\/\/i0.wp.com\/alfarrabistacaldeira.com\/wp-content\/uploads\/2025\/06\/20250608_155947.jpg?fit=900%2C1200&ssl=1&resize=525%2C300 1.5x, https:\/\/i0.wp.com\/alfarrabistacaldeira.com\/wp-content\/uploads\/2025\/06\/20250608_155947.jpg?fit=900%2C1200&ssl=1&resize=700%2C400 2x"},"classes":[]}],"_links":{"self":[{"href":"https:\/\/alfarrabistacaldeira.com\/index.php?rest_route=\/wp\/v2\/product\/7129","targetHints":{"allow":["GET"]}}],"collection":[{"href":"https:\/\/alfarrabistacaldeira.com\/index.php?rest_route=\/wp\/v2\/product"}],"about":[{"href":"https:\/\/alfarrabistacaldeira.com\/index.php?rest_route=\/wp\/v2\/types\/product"}],"replies":[{"embeddable":true,"href":"https:\/\/alfarrabistacaldeira.com\/index.php?rest_route=%2Fwp%2Fv2%2Fcomments&post=7129"}],"version-history":[{"count":0,"href":"https:\/\/alfarrabistacaldeira.com\/index.php?rest_route=\/wp\/v2\/product\/7129\/revisions"}],"wp:featuredmedia":[{"embeddable":true,"href":"https:\/\/alfarrabistacaldeira.com\/index.php?rest_route=\/wp\/v2\/media\/7130"}],"wp:attachment":[{"href":"https:\/\/alfarrabistacaldeira.com\/index.php?rest_route=%2Fwp%2Fv2%2Fmedia&parent=7129"}],"wp:term":[{"taxonomy":"product_brand","embeddable":true,"href":"https:\/\/alfarrabistacaldeira.com\/index.php?rest_route=%2Fwp%2Fv2%2Fproduct_brand&post=7129"},{"taxonomy":"product_cat","embeddable":true,"href":"https:\/\/alfarrabistacaldeira.com\/index.php?rest_route=%2Fwp%2Fv2%2Fproduct_cat&post=7129"},{"taxonomy":"product_tag","embeddable":true,"href":"https:\/\/alfarrabistacaldeira.com\/index.php?rest_route=%2Fwp%2Fv2%2Fproduct_tag&post=7129"}],"curies":[{"name":"wp","href":"https:\/\/api.w.org\/{rel}","templated":true}]}}