{"id":6035,"date":"2024-01-03T10:59:39","date_gmt":"2024-01-03T10:59:39","guid":{"rendered":"https:\/\/alfarrabistacaldeira.com\/?post_type=product&#038;p=6035"},"modified":"2024-01-03T11:02:08","modified_gmt":"2024-01-03T11:02:08","slug":"a-flor-da-pele-vasco-rodrigo-lobo-1-a-edicao","status":"publish","type":"product","link":"https:\/\/alfarrabistacaldeira.com\/?product=a-flor-da-pele-vasco-rodrigo-lobo-1-a-edicao","title":{"rendered":"\u00c1 FLOR DA PELE VASCO RODRIGO LOBO 1.\u00aa EDI\u00c7\u00c3O"},"content":{"rendered":"","protected":false},"excerpt":{"rendered":"<p><strong>autores<\/strong><br \/>VASCO RODRIGO LOBO<br \/><strong>publica\u00e7\u00e3o<\/strong><br \/>PUBLICA\u00c7\u00d5ES DOM QUIXOTE 1987<br \/><strong>descri\u00e7\u00e3o f\u00edsica<\/strong><br \/>160 \u2013 P\u00c1GINAS<br \/>CAPA MOLE<\/p>\n","protected":false},"featured_media":6036,"comment_status":"open","ping_status":"closed","template":"","meta":{"advanced_seo_description":"","jetpack_seo_html_title":"","jetpack_seo_noindex":false,"jetpack_post_was_ever_published":false,"jetpack_publicize_message":"","jetpack_publicize_feature_enabled":true,"jetpack_social_post_already_shared":true,"jetpack_social_options":{"image_generator_settings":{"template":"highway","default_image_id":0,"font":"","enabled":false},"version":2},"_wpas_customize_per_network":false},"product_brand":[],"product_cat":[1513],"product_tag":[],"class_list":{"0":"post-6035","1":"product","2":"type-product","3":"status-publish","4":"has-post-thumbnail","6":"product_cat-literatura-portuguesa","8":"first","9":"instock","10":"shipping-taxable","11":"purchasable","12":"product-type-simple"},"jetpack_publicize_connections":[],"jetpack_likes_enabled":true,"jetpack_sharing_enabled":true,"jetpack-related-posts":[{"id":1681,"url":"https:\/\/alfarrabistacaldeira.com\/?product=francisco-dultra-de-quadros-marcelino-lima","url_meta":{"origin":6035,"position":0},"title":"FRANCISCO D\u00b4ULTRA DE QUADROS MARCELINO LIMA","author":"Alfarrabista Caldeira","date":"Dezembro 3, 2023","format":false,"excerpt":"autoresMARCELINO LIMApublica\u00e7\u00e3oHORTA FAIAL 1920descri\u00e7\u00e3o f\u00edsica38 P\u00c1GINAS\u00a0ILUSTRADO COM FOTOGRAFIAS","rel":"","context":"Similar post","block_context":{"text":"Similar post","link":""},"img":{"alt_text":"","src":"https:\/\/i0.wp.com\/alfarrabistacaldeira.com\/wp-content\/uploads\/2023\/12\/IMG_20231202_213946.jpg?fit=900%2C1200&ssl=1&resize=350%2C200","width":350,"height":200,"srcset":"https:\/\/i0.wp.com\/alfarrabistacaldeira.com\/wp-content\/uploads\/2023\/12\/IMG_20231202_213946.jpg?fit=900%2C1200&ssl=1&resize=350%2C200 1x, https:\/\/i0.wp.com\/alfarrabistacaldeira.com\/wp-content\/uploads\/2023\/12\/IMG_20231202_213946.jpg?fit=900%2C1200&ssl=1&resize=525%2C300 1.5x, https:\/\/i0.wp.com\/alfarrabistacaldeira.com\/wp-content\/uploads\/2023\/12\/IMG_20231202_213946.jpg?fit=900%2C1200&ssl=1&resize=700%2C400 2x"},"classes":[]},{"id":2911,"url":"https:\/\/alfarrabistacaldeira.com\/?product=uma-familia-inglesa-cenas-da-vida-do-porto-julio-dinis","url_meta":{"origin":6035,"position":1},"title":"UMA FAMILIA INGLESA CENAS DA VIDA DO PORTO J\u00daLIO DINIS","author":"Alfarrabista Caldeira","date":"Dezembro 12, 2023","format":false,"excerpt":"autoresJ\u00daLIO DINISpublica\u00e7\u00e3oLELO & IRM\u00c3O EDITORES 1972descri\u00e7\u00e3o f\u00edsica467 \u2013 P\u00c1GINAS ILUSTRADO\u00a0COM DESENHOS DEGOUVEA PORTUENSEENCADERNA\u00c7\u00c3O DE EDITOR EM TECIDOEM CAIXA DE PROTE\u00c7\u00c3O ORIGINAL","rel":"","context":"Similar post","block_context":{"text":"Similar post","link":""},"img":{"alt_text":"","src":"https:\/\/i0.wp.com\/alfarrabistacaldeira.com\/wp-content\/uploads\/2023\/12\/IMG_20231212_120540.jpg?fit=1200%2C900&ssl=1&resize=350%2C200","width":350,"height":200,"srcset":"https:\/\/i0.wp.com\/alfarrabistacaldeira.com\/wp-content\/uploads\/2023\/12\/IMG_20231212_120540.jpg?fit=1200%2C900&ssl=1&resize=350%2C200 1x, https:\/\/i0.wp.com\/alfarrabistacaldeira.com\/wp-content\/uploads\/2023\/12\/IMG_20231212_120540.jpg?fit=1200%2C900&ssl=1&resize=525%2C300 1.5x, https:\/\/i0.wp.com\/alfarrabistacaldeira.com\/wp-content\/uploads\/2023\/12\/IMG_20231212_120540.jpg?fit=1200%2C900&ssl=1&resize=700%2C400 2x, https:\/\/i0.wp.com\/alfarrabistacaldeira.com\/wp-content\/uploads\/2023\/12\/IMG_20231212_120540.jpg?fit=1200%2C900&ssl=1&resize=1050%2C600 3x"},"classes":[]}],"_links":{"self":[{"href":"https:\/\/alfarrabistacaldeira.com\/index.php?rest_route=\/wp\/v2\/product\/6035","targetHints":{"allow":["GET"]}}],"collection":[{"href":"https:\/\/alfarrabistacaldeira.com\/index.php?rest_route=\/wp\/v2\/product"}],"about":[{"href":"https:\/\/alfarrabistacaldeira.com\/index.php?rest_route=\/wp\/v2\/types\/product"}],"replies":[{"embeddable":true,"href":"https:\/\/alfarrabistacaldeira.com\/index.php?rest_route=%2Fwp%2Fv2%2Fcomments&post=6035"}],"version-history":[{"count":0,"href":"https:\/\/alfarrabistacaldeira.com\/index.php?rest_route=\/wp\/v2\/product\/6035\/revisions"}],"wp:featuredmedia":[{"embeddable":true,"href":"https:\/\/alfarrabistacaldeira.com\/index.php?rest_route=\/wp\/v2\/media\/6036"}],"wp:attachment":[{"href":"https:\/\/alfarrabistacaldeira.com\/index.php?rest_route=%2Fwp%2Fv2%2Fmedia&parent=6035"}],"wp:term":[{"taxonomy":"product_brand","embeddable":true,"href":"https:\/\/alfarrabistacaldeira.com\/index.php?rest_route=%2Fwp%2Fv2%2Fproduct_brand&post=6035"},{"taxonomy":"product_cat","embeddable":true,"href":"https:\/\/alfarrabistacaldeira.com\/index.php?rest_route=%2Fwp%2Fv2%2Fproduct_cat&post=6035"},{"taxonomy":"product_tag","embeddable":true,"href":"https:\/\/alfarrabistacaldeira.com\/index.php?rest_route=%2Fwp%2Fv2%2Fproduct_tag&post=6035"}],"curies":[{"name":"wp","href":"https:\/\/api.w.org\/{rel}","templated":true}]}}