{"id":5905,"date":"2024-01-02T17:21:13","date_gmt":"2024-01-02T17:21:13","guid":{"rendered":"https:\/\/alfarrabistacaldeira.com\/?post_type=product&#038;p=5905"},"modified":"2024-01-02T17:23:45","modified_gmt":"2024-01-02T17:23:45","slug":"patamar-guedes-de-amorim","status":"publish","type":"product","link":"https:\/\/alfarrabistacaldeira.com\/?product=patamar-guedes-de-amorim","title":{"rendered":"PATAMAR GUEDES DE AMORIM"},"content":{"rendered":"","protected":false},"excerpt":{"rendered":"<p><strong>autores<\/strong><br \/>GUEDES DE AMORIM<br \/><strong>publica\u00e7\u00e3o<\/strong><br \/>EDITORA MARITIMO COLONIAL 1945<br \/><strong>descri\u00e7\u00e3o f\u00edsica<\/strong><br \/>249 \u2013 P\u00c1GINAS<br \/>CAPA MOLE<\/p>\n","protected":false},"featured_media":5906,"comment_status":"open","ping_status":"closed","template":"","meta":{"advanced_seo_description":"","jetpack_seo_html_title":"","jetpack_seo_noindex":false,"jetpack_post_was_ever_published":false,"jetpack_publicize_message":"","jetpack_publicize_feature_enabled":true,"jetpack_social_post_already_shared":true,"jetpack_social_options":{"image_generator_settings":{"template":"highway","default_image_id":0,"font":"","enabled":false},"version":2},"_wpas_customize_per_network":false},"product_brand":[],"product_cat":[1513],"product_tag":[],"class_list":{"0":"post-5905","1":"product","2":"type-product","3":"status-publish","4":"has-post-thumbnail","6":"product_cat-literatura-portuguesa","8":"first","9":"instock","10":"shipping-taxable","11":"purchasable","12":"product-type-simple"},"jetpack_publicize_connections":[],"jetpack_likes_enabled":true,"jetpack_sharing_enabled":true,"jetpack-related-posts":[{"id":8645,"url":"https:\/\/alfarrabistacaldeira.com\/?product=agonia-de-um-heroi-a-derradeira-viagem-do-adamastor-jayme-de-souza","url_meta":{"origin":5905,"position":0},"title":"AGONIA DE UM HEROI A DERRADEIRA VIAGEM DO ADAMASTOR JAYME DE SOUZA","author":"Alfarrabista Caldeira","date":"Janeiro 17, 2024","format":false,"excerpt":"autoresJAYME DE SOUZApublica\u00e7\u00e3oEDITORA MARITIMO-COLONIAL 1945descri\u00e7\u00e3o f\u00edsica448 \u2013 P\u00c1GINAS ILUSTRADO COM FOTOGRAFIASCAPA MOLE","rel":"","context":"Similar post","block_context":{"text":"Similar post","link":""},"img":{"alt_text":"","src":"https:\/\/i0.wp.com\/alfarrabistacaldeira.com\/wp-content\/uploads\/2024\/01\/IMG_20240117_114522.jpg?fit=900%2C1200&ssl=1&resize=350%2C200","width":350,"height":200,"srcset":"https:\/\/i0.wp.com\/alfarrabistacaldeira.com\/wp-content\/uploads\/2024\/01\/IMG_20240117_114522.jpg?fit=900%2C1200&ssl=1&resize=350%2C200 1x, https:\/\/i0.wp.com\/alfarrabistacaldeira.com\/wp-content\/uploads\/2024\/01\/IMG_20240117_114522.jpg?fit=900%2C1200&ssl=1&resize=525%2C300 1.5x, https:\/\/i0.wp.com\/alfarrabistacaldeira.com\/wp-content\/uploads\/2024\/01\/IMG_20240117_114522.jpg?fit=900%2C1200&ssl=1&resize=700%2C400 2x"},"classes":[]},{"id":14181,"url":"https:\/\/alfarrabistacaldeira.com\/?product=sa-da-bandeira-lourenco-cayolla","url_meta":{"origin":5905,"position":1},"title":"S\u00c1 DA BANDEIRA LOUREN\u00c7O CAYOLLA","author":"Alfarrabista Caldeira","date":"Mar\u00e7o 11, 2024","format":false,"excerpt":"autoresLOUREN\u00c7O CAYOLLApublica\u00e7\u00e3oLISBOA 1935descri\u00e7\u00e3o f\u00edsica37 - P\u00c1GINAScole\u00e7\u00e3o pelo imp\u00e9rio n.\u00ba 5CAPA MOLE","rel":"","context":"Similar post","block_context":{"text":"Similar post","link":""},"img":{"alt_text":"","src":"https:\/\/i0.wp.com\/alfarrabistacaldeira.com\/wp-content\/uploads\/2024\/03\/20240311_191943-rotated.jpg?fit=900%2C1200&ssl=1&resize=350%2C200","width":350,"height":200,"srcset":"https:\/\/i0.wp.com\/alfarrabistacaldeira.com\/wp-content\/uploads\/2024\/03\/20240311_191943-rotated.jpg?fit=900%2C1200&ssl=1&resize=350%2C200 1x, https:\/\/i0.wp.com\/alfarrabistacaldeira.com\/wp-content\/uploads\/2024\/03\/20240311_191943-rotated.jpg?fit=900%2C1200&ssl=1&resize=525%2C300 1.5x, https:\/\/i0.wp.com\/alfarrabistacaldeira.com\/wp-content\/uploads\/2024\/03\/20240311_191943-rotated.jpg?fit=900%2C1200&ssl=1&resize=700%2C400 2x"},"classes":[]},{"id":15445,"url":"https:\/\/alfarrabistacaldeira.com\/?product=historia-colonial-gaspar-do-couto-ribeiro-villas","url_meta":{"origin":5905,"position":2},"title":"HIST\u00d3RIA COLONIAL GASPAR DO COUTO RIBEIRO VILLAS","author":"Alfarrabista Caldeira","date":"Mar\u00e7o 30, 2024","format":false,"excerpt":"autoresGASPAR DO COUTO RIBEIRO VILLASpublica\u00e7\u00e3oLISBOA 1938descri\u00e7\u00e3o f\u00edsica425 \u2013 P\u00c1GINASVOLUME IIa obra colonial moderna da expedi\u00e7\u00e3o a Ceuta a nossos dias CAPA MOLE","rel":"","context":"Similar post","block_context":{"text":"Similar post","link":""},"img":{"alt_text":"","src":"https:\/\/i0.wp.com\/alfarrabistacaldeira.com\/wp-content\/uploads\/2024\/03\/20240326_211216-2.jpg?fit=900%2C1200&ssl=1&resize=350%2C200","width":350,"height":200,"srcset":"https:\/\/i0.wp.com\/alfarrabistacaldeira.com\/wp-content\/uploads\/2024\/03\/20240326_211216-2.jpg?fit=900%2C1200&ssl=1&resize=350%2C200 1x, https:\/\/i0.wp.com\/alfarrabistacaldeira.com\/wp-content\/uploads\/2024\/03\/20240326_211216-2.jpg?fit=900%2C1200&ssl=1&resize=525%2C300 1.5x, https:\/\/i0.wp.com\/alfarrabistacaldeira.com\/wp-content\/uploads\/2024\/03\/20240326_211216-2.jpg?fit=900%2C1200&ssl=1&resize=700%2C400 2x"},"classes":[]},{"id":17172,"url":"https:\/\/alfarrabistacaldeira.com\/?product=vinte-cinco-anos-ao-servico-da-nacao-fundacao-vida-e-tarefa-da-companhia-colonial-de-navegacao","url_meta":{"origin":5905,"position":3},"title":"VINTE CINCO ANOS AO SERVI\u00c7O DA NA\u00c7\u00c3O FUNDA\u00c7\u00c3O VIDA E TAREFA DA COMPANHIA COLONIAL DE NAVEGA\u00c7\u00c3O","author":"Alfarrabista Caldeira","date":"Maio 1, 2024","format":false,"excerpt":"autoresCOMPANHIA COLONIAL DE NAVEGA\u00c7\u00c3Opublica\u00e7\u00e3oLISBOA 1947descri\u00e7\u00e3o f\u00edsica68 - P\u00c1GINASILUSTRADO COM FOTOGRAFIAS E 4 MAPAS DESDOBRAVEIS CAPA MOLE","rel":"","context":"Similar post","block_context":{"text":"Similar post","link":""},"img":{"alt_text":"","src":"https:\/\/i0.wp.com\/alfarrabistacaldeira.com\/wp-content\/uploads\/2024\/05\/20240501_142840-rotated.jpg?fit=900%2C1200&ssl=1&resize=350%2C200","width":350,"height":200,"srcset":"https:\/\/i0.wp.com\/alfarrabistacaldeira.com\/wp-content\/uploads\/2024\/05\/20240501_142840-rotated.jpg?fit=900%2C1200&ssl=1&resize=350%2C200 1x, https:\/\/i0.wp.com\/alfarrabistacaldeira.com\/wp-content\/uploads\/2024\/05\/20240501_142840-rotated.jpg?fit=900%2C1200&ssl=1&resize=525%2C300 1.5x, https:\/\/i0.wp.com\/alfarrabistacaldeira.com\/wp-content\/uploads\/2024\/05\/20240501_142840-rotated.jpg?fit=900%2C1200&ssl=1&resize=700%2C400 2x"},"classes":[]},{"id":7284,"url":"https:\/\/alfarrabistacaldeira.com\/?product=exposition-coloniale-portugaise-a-paris-catalogue-officiel","url_meta":{"origin":5905,"position":4},"title":"EXPOSITION COLONIAL\u00c9 PORTUGAISE \u00c1 PARIS CATALOGUE OFFICIEL","author":"Alfarrabista Caldeira","date":"Janeiro 10, 2024","format":false,"excerpt":"autoresComissariado Geral de Portugal\u00a0publica\u00e7\u00e3oExposi\u00e7\u00e3o Coloniale Internationale de Paris1931descri\u00e7\u00e3o f\u00edsica310 \u2013 P\u00c1GINAS ILUSTRADO COM FOTOGRAFIAS E MAPAS participaram Abel Manta, Abel Salazar, Raul Lino ou Roque Gameirocontem bibliografia dos colaboradores CAPA MOLE","rel":"","context":"Similar post","block_context":{"text":"Similar post","link":""},"img":{"alt_text":"","src":"https:\/\/i0.wp.com\/alfarrabistacaldeira.com\/wp-content\/uploads\/2024\/01\/IMG_20240109_200345.jpg?fit=900%2C1200&ssl=1&resize=350%2C200","width":350,"height":200,"srcset":"https:\/\/i0.wp.com\/alfarrabistacaldeira.com\/wp-content\/uploads\/2024\/01\/IMG_20240109_200345.jpg?fit=900%2C1200&ssl=1&resize=350%2C200 1x, https:\/\/i0.wp.com\/alfarrabistacaldeira.com\/wp-content\/uploads\/2024\/01\/IMG_20240109_200345.jpg?fit=900%2C1200&ssl=1&resize=525%2C300 1.5x, https:\/\/i0.wp.com\/alfarrabistacaldeira.com\/wp-content\/uploads\/2024\/01\/IMG_20240109_200345.jpg?fit=900%2C1200&ssl=1&resize=700%2C400 2x"},"classes":[]},{"id":12727,"url":"https:\/\/alfarrabistacaldeira.com\/?product=colonialismo-e-feudalismo-a-questao-dos-prazos-da-coroa-em-mocambique-giuppe-papagno","url_meta":{"origin":5905,"position":5},"title":"COLONIALISMO E FEUDALISMO A QUEST\u00c3O DOS PRAZOS DA COROA EM MO\u00c7AMBIQUE GIUPPE PAPAGNO","author":"Alfarrabista Caldeira","date":"Fevereiro 20, 2024","format":false,"excerpt":"autoresGIUPPE PAPAGNOpublica\u00e7\u00e3oA REGRA DO JOGO 1980descri\u00e7\u00e3o f\u00edsica278 \u2013 P\u00c1GINASCAPA MOLE","rel":"","context":"Similar post","block_context":{"text":"Similar post","link":""},"img":{"alt_text":"","src":"https:\/\/i0.wp.com\/alfarrabistacaldeira.com\/wp-content\/uploads\/2024\/02\/IMG_20240214_142213.jpg?fit=675%2C1200&ssl=1&resize=350%2C200","width":350,"height":200,"srcset":"https:\/\/i0.wp.com\/alfarrabistacaldeira.com\/wp-content\/uploads\/2024\/02\/IMG_20240214_142213.jpg?fit=675%2C1200&ssl=1&resize=350%2C200 1x, https:\/\/i0.wp.com\/alfarrabistacaldeira.com\/wp-content\/uploads\/2024\/02\/IMG_20240214_142213.jpg?fit=675%2C1200&ssl=1&resize=525%2C300 1.5x"},"classes":[]}],"_links":{"self":[{"href":"https:\/\/alfarrabistacaldeira.com\/index.php?rest_route=\/wp\/v2\/product\/5905","targetHints":{"allow":["GET"]}}],"collection":[{"href":"https:\/\/alfarrabistacaldeira.com\/index.php?rest_route=\/wp\/v2\/product"}],"about":[{"href":"https:\/\/alfarrabistacaldeira.com\/index.php?rest_route=\/wp\/v2\/types\/product"}],"replies":[{"embeddable":true,"href":"https:\/\/alfarrabistacaldeira.com\/index.php?rest_route=%2Fwp%2Fv2%2Fcomments&post=5905"}],"version-history":[{"count":0,"href":"https:\/\/alfarrabistacaldeira.com\/index.php?rest_route=\/wp\/v2\/product\/5905\/revisions"}],"wp:featuredmedia":[{"embeddable":true,"href":"https:\/\/alfarrabistacaldeira.com\/index.php?rest_route=\/wp\/v2\/media\/5906"}],"wp:attachment":[{"href":"https:\/\/alfarrabistacaldeira.com\/index.php?rest_route=%2Fwp%2Fv2%2Fmedia&parent=5905"}],"wp:term":[{"taxonomy":"product_brand","embeddable":true,"href":"https:\/\/alfarrabistacaldeira.com\/index.php?rest_route=%2Fwp%2Fv2%2Fproduct_brand&post=5905"},{"taxonomy":"product_cat","embeddable":true,"href":"https:\/\/alfarrabistacaldeira.com\/index.php?rest_route=%2Fwp%2Fv2%2Fproduct_cat&post=5905"},{"taxonomy":"product_tag","embeddable":true,"href":"https:\/\/alfarrabistacaldeira.com\/index.php?rest_route=%2Fwp%2Fv2%2Fproduct_tag&post=5905"}],"curies":[{"name":"wp","href":"https:\/\/api.w.org\/{rel}","templated":true}]}}