{"id":38977,"date":"2026-04-06T19:18:01","date_gmt":"2026-04-06T18:18:01","guid":{"rendered":"https:\/\/alfarrabistacaldeira.com\/?post_type=product&#038;p=38977"},"modified":"2026-04-06T20:11:11","modified_gmt":"2026-04-06T19:11:11","slug":"in-memoriam-de-jose-regio-1-a-edicao","status":"publish","type":"product","link":"https:\/\/alfarrabistacaldeira.com\/?product=in-memoriam-de-jose-regio-1-a-edicao","title":{"rendered":"IN MEMORIAM DE JOS\u00c9 R\u00c9GIO 1.\u00aa EDI\u00c7\u00c3O"},"content":{"rendered":"","protected":false},"excerpt":{"rendered":"<p><strong>AUTORES :\u00a0<\/strong><span id=\"ctl00_ctl41_g_fe751f36_df83_4e00_af72_fb6d7f868795_ctl00_lblDetalheNome\">Jos\u00e9 r\u00e9gio<\/span>\u00a0\u00a0<strong>PUBLICA\u00c7\u00c3O:<\/strong> brasilia editora porto 1970\u00a0 <strong>DESCRI\u00c7\u00c3O FISICA:<\/strong> 558 &#8211;\u00a0 \u00a0<strong>P\u00c1GINAS\u00a0<\/strong>ilustrado com fotografias a negro retratos &#8211; frontisp\u00edcios &#8211; manuscritos\u00a0 \u00a0<strong>BROCHURA.\u00a0 &#8211; <\/strong>testemunhos de Adolfo Casais Monteiro, Agustina Bessa-Luis, Alberto de Serpa, Ana Hatherly, Couto Viana, Jo\u00e3o de Ara\u00fajo Correia, Jo\u00e3o Gaspar Sim\u00f5es, Jorge de Sena, Jos\u00e9-Augusto Fran\u00e7a, Jos\u00e9 Gomes Ferreira, Manuel de Oliveira, Matilde Rosa Ara\u00fajo, Nat\u00e1lia Correia, Paulo Quitela, Pedro Homem de Mello, Ruy Belo e\u00a0 outros.-<\/p>\n<div id=\"detalheBiografia\" class=\"detalhePesquisaInfo\"><span id=\"ctl00_ctl41_g_fe751f36_df83_4e00_af72_fb6d7f868795_ctl00_lblDetalheBiografia\" class=\"detalheTexto\">A obra de R\u00e9gio admite v\u00e1rias leituras de uma grande riqueza, uma das quais pode muito bem ser a de um eloquente e dilacerado relato das dificuldades com que o conv\u00edvio humano se depara: conv\u00edvio do homem com os outros homens, consigo pr\u00f3prio e com um transcendente qualquer.<\/span><\/div>\n<div id=\"detalheAutorBiografia\" class=\"detalhePesquisaInfo\"><span id=\"ctl00_ctl41_g_fe751f36_df83_4e00_af72_fb6d7f868795_ctl00_lblAutorBiografia\" class=\"detalheTexto\">in Dicion\u00e1rio Cronol\u00f3gico de Autores Portugueses, Vol. IV, Lisboa, 1997<\/span><\/div>\n","protected":false},"featured_media":38978,"comment_status":"open","ping_status":"closed","template":"","meta":{"advanced_seo_description":"","jetpack_seo_html_title":"","jetpack_seo_noindex":false,"jetpack_post_was_ever_published":false,"jetpack_publicize_message":"","jetpack_publicize_feature_enabled":true,"jetpack_social_post_already_shared":true,"jetpack_social_options":{"image_generator_settings":{"template":"highway","default_image_id":0,"font":"","enabled":false},"version":2},"_wpas_customize_per_network":false},"product_brand":[],"product_cat":[1513,1571],"product_tag":[],"class_list":{"0":"post-38977","1":"product","2":"type-product","3":"status-publish","4":"has-post-thumbnail","6":"product_cat-literatura-portuguesa","7":"product_cat-memorias","9":"first","10":"instock","11":"featured","12":"shipping-taxable","13":"purchasable","14":"product-type-simple"},"jetpack_publicize_connections":[],"jetpack_likes_enabled":true,"jetpack_sharing_enabled":true,"jetpack-related-posts":[{"id":37328,"url":"https:\/\/alfarrabistacaldeira.com\/?product=jose-regio-historias-de-mulheres","url_meta":{"origin":38977,"position":0},"title":"JOS\u00c9 R\u00c9GIO HIST\u00d3RIAS DE MULHERES","author":"Alfarrabista Caldeira","date":"Fevereiro 18, 2026","format":false,"excerpt":"AUTORES :\u00a0Jos\u00e9 r\u00e9gio PUBLICA\u00c7\u00c3O:\u00a0brasilia editora 1978\u00a0 DESCRI\u00c7\u00c3O FISICA: 324 -\u00a0 P\u00c1GINAS\u00a0 .capa de de jo\u00e3o camara leme. ENCADERNA\u00c7\u00c3O EDITORIAL .","rel":"","context":"Similar post","block_context":{"text":"Similar post","link":""},"img":{"alt_text":"","src":"https:\/\/i0.wp.com\/alfarrabistacaldeira.com\/wp-content\/uploads\/2026\/02\/1000033212.jpg?fit=1200%2C900&ssl=1&resize=350%2C200","width":350,"height":200,"srcset":"https:\/\/i0.wp.com\/alfarrabistacaldeira.com\/wp-content\/uploads\/2026\/02\/1000033212.jpg?fit=1200%2C900&ssl=1&resize=350%2C200 1x, https:\/\/i0.wp.com\/alfarrabistacaldeira.com\/wp-content\/uploads\/2026\/02\/1000033212.jpg?fit=1200%2C900&ssl=1&resize=525%2C300 1.5x, https:\/\/i0.wp.com\/alfarrabistacaldeira.com\/wp-content\/uploads\/2026\/02\/1000033212.jpg?fit=1200%2C900&ssl=1&resize=700%2C400 2x, https:\/\/i0.wp.com\/alfarrabistacaldeira.com\/wp-content\/uploads\/2026\/02\/1000033212.jpg?fit=1200%2C900&ssl=1&resize=1050%2C600 3x"},"classes":[]},{"id":11095,"url":"https:\/\/alfarrabistacaldeira.com\/?product=a-historia-de-rosa-brava-jose-regio-1-a-edicao","url_meta":{"origin":38977,"position":1},"title":"A HIST\u00d3RIA DE ROSA BRAVA JOS\u00c9 R\u00c9GIO 1.\u00aa EDI\u00c7\u00c3O","author":"Alfarrabista Caldeira","date":"Fevereiro 2, 2024","format":false,"excerpt":"autoresJOS\u00c9 R\u00c9GIOpublica\u00e7\u00e3oEDI\u00c7\u00c3O DE FOMENTO DE PUBLICA\u00c7\u00d5ES S\/Ddescri\u00e7\u00e3o f\u00edsica47 \u2013 P\u00c1GINASPEQUENA ANTOLOGIA DE OBRAS PRIMAS CAPA MOLE","rel":"","context":"Similar post","block_context":{"text":"Similar post","link":""},"img":{"alt_text":"","src":"https:\/\/i0.wp.com\/alfarrabistacaldeira.com\/wp-content\/uploads\/2024\/02\/IMG_20240202_115830.jpg?fit=900%2C1200&ssl=1&resize=350%2C200","width":350,"height":200,"srcset":"https:\/\/i0.wp.com\/alfarrabistacaldeira.com\/wp-content\/uploads\/2024\/02\/IMG_20240202_115830.jpg?fit=900%2C1200&ssl=1&resize=350%2C200 1x, https:\/\/i0.wp.com\/alfarrabistacaldeira.com\/wp-content\/uploads\/2024\/02\/IMG_20240202_115830.jpg?fit=900%2C1200&ssl=1&resize=525%2C300 1.5x, https:\/\/i0.wp.com\/alfarrabistacaldeira.com\/wp-content\/uploads\/2024\/02\/IMG_20240202_115830.jpg?fit=900%2C1200&ssl=1&resize=700%2C400 2x"},"classes":[]},{"id":37307,"url":"https:\/\/alfarrabistacaldeira.com\/?product=jose-regio-jogo-da-cabra-cega","url_meta":{"origin":38977,"position":2},"title":"JOS\u00c9 R\u00c9GIO JOGO DA CABRA CEGA","author":"Alfarrabista Caldeira","date":"Fevereiro 18, 2026","format":false,"excerpt":"AUTORES :\u00a0\u00a0Jos\u00e9 R\u00e9gio\u00a0\u00a0PUBLICA\u00c7\u00c3O:\u00a0Portug\u00e1lia editora lisboa 1963\u00a0 \u00a0DESCRI\u00c7\u00c3O FISICA: 434 -\u00a0 P\u00c1GINAS\u00a0 .Exemplar de tiragem de 100 exemplares n.\u00ba 81. BROCHURA . com assinatura do autor - 2.\u00aa edi\u00e7\u00e3o pois a 1.\u00aa edi\u00e7\u00e3o foi retirada do mercado. com assinatura de posse","rel":"","context":"Similar post","block_context":{"text":"Similar post","link":""},"img":{"alt_text":"","src":"https:\/\/i0.wp.com\/alfarrabistacaldeira.com\/wp-content\/uploads\/2026\/02\/1000033203.jpg?fit=1200%2C900&ssl=1&resize=350%2C200","width":350,"height":200,"srcset":"https:\/\/i0.wp.com\/alfarrabistacaldeira.com\/wp-content\/uploads\/2026\/02\/1000033203.jpg?fit=1200%2C900&ssl=1&resize=350%2C200 1x, https:\/\/i0.wp.com\/alfarrabistacaldeira.com\/wp-content\/uploads\/2026\/02\/1000033203.jpg?fit=1200%2C900&ssl=1&resize=525%2C300 1.5x, https:\/\/i0.wp.com\/alfarrabistacaldeira.com\/wp-content\/uploads\/2026\/02\/1000033203.jpg?fit=1200%2C900&ssl=1&resize=700%2C400 2x, https:\/\/i0.wp.com\/alfarrabistacaldeira.com\/wp-content\/uploads\/2026\/02\/1000033203.jpg?fit=1200%2C900&ssl=1&resize=1050%2C600 3x"},"classes":[]},{"id":34478,"url":"https:\/\/alfarrabistacaldeira.com\/?product=mas-deus-e-grande-liricas-de-jose-regio-1-a-edicao","url_meta":{"origin":38977,"position":3},"title":"MAS DEUS \u00c9 GRANDE L\u00cdRICAS DE JOS\u00c9 R\u00c9GIO 1.\u00aa EDI\u00c7\u00c3O","author":"Alfarrabista Caldeira","date":"Setembro 5, 2025","format":false,"excerpt":"AUTORES : JOS\u00c9 R\u00c9GIO\u00a0PUBLICA\u00c7\u00c3O:\u00a0Editorial inqu\u00e9rito limitada 1945\u00a0 DESCRI\u00c7\u00c3O FISICA:\u00a0 110 \u2013\u00a0 P\u00c1GINAS\u00a0 (em seu valor simb\u00f3lico), o sofrimento como valor de reden\u00e7\u00e3o, a auto-supera\u00e7\u00e3o pela lenta aceita\u00e7\u00e3o \u2013 com sofrimento \u2013 de valores mais altos a que, apesar de tudo, se resiste.\u00a0\u00a0\u00a0BROCHURA","rel":"","context":"Similar post","block_context":{"text":"Similar post","link":""},"img":{"alt_text":"","src":"https:\/\/i0.wp.com\/alfarrabistacaldeira.com\/wp-content\/uploads\/2025\/09\/20250905_182201.jpg?fit=1200%2C900&ssl=1&resize=350%2C200","width":350,"height":200,"srcset":"https:\/\/i0.wp.com\/alfarrabistacaldeira.com\/wp-content\/uploads\/2025\/09\/20250905_182201.jpg?fit=1200%2C900&ssl=1&resize=350%2C200 1x, https:\/\/i0.wp.com\/alfarrabistacaldeira.com\/wp-content\/uploads\/2025\/09\/20250905_182201.jpg?fit=1200%2C900&ssl=1&resize=525%2C300 1.5x, https:\/\/i0.wp.com\/alfarrabistacaldeira.com\/wp-content\/uploads\/2025\/09\/20250905_182201.jpg?fit=1200%2C900&ssl=1&resize=700%2C400 2x, https:\/\/i0.wp.com\/alfarrabistacaldeira.com\/wp-content\/uploads\/2025\/09\/20250905_182201.jpg?fit=1200%2C900&ssl=1&resize=1050%2C600 3x"},"classes":[]},{"id":14902,"url":"https:\/\/alfarrabistacaldeira.com\/?product=benilde-ou-a-virgem-mae-jose-regio","url_meta":{"origin":38977,"position":4},"title":"BENILDE OU A VIRGEM-M\u00c3E JOS\u00c9 R\u00c9GIO","author":"Alfarrabista Caldeira","date":"Mar\u00e7o 22, 2024","format":false,"excerpt":"autoresJOS\u00c9 R\u00c9GIOpublica\u00e7\u00e3oTIPOGRAFIA CAM\u00caS 1975descri\u00e7\u00e3o f\u00edsica79 \u2013 P\u00c1GINAS ILUSTRADO COM FOTOGRAFIAS No filme de Manuel de Oliveira CAPA MOLE","rel":"","context":"Similar post","block_context":{"text":"Similar post","link":""},"img":{"alt_text":"","src":"https:\/\/i0.wp.com\/alfarrabistacaldeira.com\/wp-content\/uploads\/2024\/03\/20240320_192427-rotated.jpg?fit=900%2C1200&ssl=1&resize=350%2C200","width":350,"height":200,"srcset":"https:\/\/i0.wp.com\/alfarrabistacaldeira.com\/wp-content\/uploads\/2024\/03\/20240320_192427-rotated.jpg?fit=900%2C1200&ssl=1&resize=350%2C200 1x, https:\/\/i0.wp.com\/alfarrabistacaldeira.com\/wp-content\/uploads\/2024\/03\/20240320_192427-rotated.jpg?fit=900%2C1200&ssl=1&resize=525%2C300 1.5x, https:\/\/i0.wp.com\/alfarrabistacaldeira.com\/wp-content\/uploads\/2024\/03\/20240320_192427-rotated.jpg?fit=900%2C1200&ssl=1&resize=700%2C400 2x"},"classes":[]},{"id":37295,"url":"https:\/\/alfarrabistacaldeira.com\/?product=jose-regio-obras-completas-a-velha-casa","url_meta":{"origin":38977,"position":5},"title":"JOS\u00c9 R\u00c9GIO OBRAS COMPLETAS A VELHA CASA","author":"Alfarrabista Caldeira","date":"Fevereiro 18, 2026","format":false,"excerpt":"AUTORES :\u00a0 Jos\u00e9 R\u00e9gio\u00a0\u00a0PUBLICA\u00c7\u00c3O: Editora Bras\u00edlia. Porto. 1981 -1985\u00a0 \u00a0DESCRI\u00c7\u00c3O FISICA: 245 - 248 - 454 - 372 -484\u00a0 P\u00c1GINAS\u00a0 .Exemplar com tigarem numerada. BROCHURA .\u00a0 Uma Gota de Sangue - As ra\u00edzes do Futuro -\u00a0 Os Avisos do Destino -\u00a0 As Monstruosidades Vulgares -\u00a0 Vidas S\u00e3o Vidas- cole\u00e7\u00e3o completa\u2026","rel":"","context":"Similar post","block_context":{"text":"Similar post","link":""},"img":{"alt_text":"","src":"https:\/\/i0.wp.com\/alfarrabistacaldeira.com\/wp-content\/uploads\/2026\/02\/1000033201.jpg?fit=1200%2C900&ssl=1&resize=350%2C200","width":350,"height":200,"srcset":"https:\/\/i0.wp.com\/alfarrabistacaldeira.com\/wp-content\/uploads\/2026\/02\/1000033201.jpg?fit=1200%2C900&ssl=1&resize=350%2C200 1x, https:\/\/i0.wp.com\/alfarrabistacaldeira.com\/wp-content\/uploads\/2026\/02\/1000033201.jpg?fit=1200%2C900&ssl=1&resize=525%2C300 1.5x, https:\/\/i0.wp.com\/alfarrabistacaldeira.com\/wp-content\/uploads\/2026\/02\/1000033201.jpg?fit=1200%2C900&ssl=1&resize=700%2C400 2x, https:\/\/i0.wp.com\/alfarrabistacaldeira.com\/wp-content\/uploads\/2026\/02\/1000033201.jpg?fit=1200%2C900&ssl=1&resize=1050%2C600 3x"},"classes":[]}],"_links":{"self":[{"href":"https:\/\/alfarrabistacaldeira.com\/index.php?rest_route=\/wp\/v2\/product\/38977","targetHints":{"allow":["GET"]}}],"collection":[{"href":"https:\/\/alfarrabistacaldeira.com\/index.php?rest_route=\/wp\/v2\/product"}],"about":[{"href":"https:\/\/alfarrabistacaldeira.com\/index.php?rest_route=\/wp\/v2\/types\/product"}],"replies":[{"embeddable":true,"href":"https:\/\/alfarrabistacaldeira.com\/index.php?rest_route=%2Fwp%2Fv2%2Fcomments&post=38977"}],"version-history":[{"count":1,"href":"https:\/\/alfarrabistacaldeira.com\/index.php?rest_route=\/wp\/v2\/product\/38977\/revisions"}],"predecessor-version":[{"id":38985,"href":"https:\/\/alfarrabistacaldeira.com\/index.php?rest_route=\/wp\/v2\/product\/38977\/revisions\/38985"}],"wp:featuredmedia":[{"embeddable":true,"href":"https:\/\/alfarrabistacaldeira.com\/index.php?rest_route=\/wp\/v2\/media\/38978"}],"wp:attachment":[{"href":"https:\/\/alfarrabistacaldeira.com\/index.php?rest_route=%2Fwp%2Fv2%2Fmedia&parent=38977"}],"wp:term":[{"taxonomy":"product_brand","embeddable":true,"href":"https:\/\/alfarrabistacaldeira.com\/index.php?rest_route=%2Fwp%2Fv2%2Fproduct_brand&post=38977"},{"taxonomy":"product_cat","embeddable":true,"href":"https:\/\/alfarrabistacaldeira.com\/index.php?rest_route=%2Fwp%2Fv2%2Fproduct_cat&post=38977"},{"taxonomy":"product_tag","embeddable":true,"href":"https:\/\/alfarrabistacaldeira.com\/index.php?rest_route=%2Fwp%2Fv2%2Fproduct_tag&post=38977"}],"curies":[{"name":"wp","href":"https:\/\/api.w.org\/{rel}","templated":true}]}}