{"id":38847,"date":"2026-03-31T16:32:23","date_gmt":"2026-03-31T15:32:23","guid":{"rendered":"https:\/\/alfarrabistacaldeira.com\/?post_type=product&#038;p=38847"},"modified":"2026-04-01T18:12:01","modified_gmt":"2026-04-01T17:12:01","slug":"teatro-portugues-luiz-francisco-rebello","status":"publish","type":"product","link":"https:\/\/alfarrabistacaldeira.com\/?product=teatro-portugues-luiz-francisco-rebello","title":{"rendered":"TEATRO PORTUGU\u00caS LUIZ FRANCISCO REBELLO"},"content":{"rendered":"","protected":false},"excerpt":{"rendered":"<p><strong>AUTORES : <\/strong><span id=\"ctl00_ctl41_g_fe751f36_df83_4e00_af72_fb6d7f868795_ctl00_lblDetalheNome\">Luiz Francisco Rebello\u00a0 <\/span><strong>PUBLICA\u00c7\u00c3O:<\/strong> Scarpa lda. lisboa\u00a0 <strong>DESCRI\u00c7\u00c3O FISICA:<\/strong> 660 &#8211; 301\u00a0 \u00a0<strong>P\u00c1GINAS\u00a0<\/strong>ilustrado com gravuras a negro &#8211; com assinatura de posse <span class=\"T286Pc\" data-sfc-cp=\"\" data-sfc-root=\"c\" data-sfc-cb=\"\" data-complete=\"true\">\u00a0<\/span><strong>ENCADERNA\u00c7\u00c3O EDITORIAL INTEIRA DE PELE . <\/strong>uma antologia do ramantismo aos nossos dias 120 anos de literatural teatral portuguesa &#8211; Foi um dos fundadores em 1946 do Teatro Est\u00fadio do Salitre, do qual foi director e um dos principais animadores. Como dramaturgo, estreou-se com a pe\u00e7a\u00a0<i>O Mundo Come\u00e7ou \u00e0s 5 e 47<\/i>\u00a0(1947), tendo sido mais tarde, em 1964, galardoado com o Pr\u00e9mio da Sociedade Portuguesa de Escritores, fruto da sua pe\u00e7a\u00a0<i>Condenados \u00e0 Vida<\/i>. Em 1983,\u00a0<i>Portugal, Anos 40<\/i>, espect\u00e1culo-document\u00e1rio em 10 sequ\u00eancias- A sua obra \u00e9 fundamental para compreender a evolu\u00e7\u00e3o das artes c\u00e9nicas em Portugal, desde a resist\u00eancia \u00e0 censura at\u00e9 \u00e0 sistematiza\u00e7\u00e3o da hist\u00f3ria do teatro-<\/p>\n","protected":false},"featured_media":38848,"comment_status":"open","ping_status":"closed","template":"","meta":{"advanced_seo_description":"","jetpack_seo_html_title":"","jetpack_seo_noindex":false,"jetpack_post_was_ever_published":false,"jetpack_publicize_message":"","jetpack_publicize_feature_enabled":true,"jetpack_social_post_already_shared":true,"jetpack_social_options":{"image_generator_settings":{"template":"highway","default_image_id":0,"font":"","enabled":false},"version":2},"_wpas_customize_per_network":false},"product_brand":[],"product_cat":[1620],"product_tag":[],"class_list":{"0":"post-38847","1":"product","2":"type-product","3":"status-publish","4":"has-post-thumbnail","6":"product_cat-teatro","8":"first","9":"instock","10":"featured","11":"shipping-taxable","12":"purchasable","13":"product-type-simple"},"jetpack_publicize_connections":[],"jetpack_likes_enabled":true,"jetpack_sharing_enabled":true,"jetpack-related-posts":[{"id":37771,"url":"https:\/\/alfarrabistacaldeira.com\/?product=historia-do-teatro-de-revista-em-portugal-luiz-francisco-rebello","url_meta":{"origin":38847,"position":0},"title":"HIST\u00d3RIA DO TEATRO DE REVISTA EM PORTUGAL LUIZ FRANCISCO REBELLO","author":"Alfarrabista Caldeira","date":"Fevereiro 27, 2026","format":false,"excerpt":"AUTORES : Luiz Francisco Rebello\u00a0PUBLICA\u00c7\u00c3O: Edi\u00e7\u00f5es dom quixote 1984\u00a0 DESCRI\u00c7\u00c3O FISICA: 254 - 331\u00a0 \u00a0 P\u00c1GINAS\u00a0ilustrado com fotografias a cores e negro\u00a0ENCADERNA\u00c7\u00c3O EDITORIAL. Com a extin\u00e7\u00e3o das censuras, ap\u00f3s a deposi\u00e7\u00e3o do regime salazarista, assistiu-se a uma reanima\u00e7\u00e3o das companhias de teatro ent\u00e3o extintas e ao aparecimento de novos grupos,\u2026","rel":"","context":"Similar post","block_context":{"text":"Similar post","link":""},"img":{"alt_text":"","src":"https:\/\/i0.wp.com\/alfarrabistacaldeira.com\/wp-content\/uploads\/2026\/02\/1000033859.jpg?fit=1200%2C900&ssl=1&resize=350%2C200","width":350,"height":200,"srcset":"https:\/\/i0.wp.com\/alfarrabistacaldeira.com\/wp-content\/uploads\/2026\/02\/1000033859.jpg?fit=1200%2C900&ssl=1&resize=350%2C200 1x, https:\/\/i0.wp.com\/alfarrabistacaldeira.com\/wp-content\/uploads\/2026\/02\/1000033859.jpg?fit=1200%2C900&ssl=1&resize=525%2C300 1.5x, https:\/\/i0.wp.com\/alfarrabistacaldeira.com\/wp-content\/uploads\/2026\/02\/1000033859.jpg?fit=1200%2C900&ssl=1&resize=700%2C400 2x, https:\/\/i0.wp.com\/alfarrabistacaldeira.com\/wp-content\/uploads\/2026\/02\/1000033859.jpg?fit=1200%2C900&ssl=1&resize=1050%2C600 3x"},"classes":[]},{"id":18373,"url":"https:\/\/alfarrabistacaldeira.com\/?product=uma-casa-com-janelas-para-dentro-memorias-costa-ferreira","url_meta":{"origin":38847,"position":1},"title":"UMA CASA COM JANELAS PARA DENTRO MEM\u00d3RIAS COSTA FERREIRA","author":"Alfarrabista Caldeira","date":"Maio 12, 2024","format":false,"excerpt":"autoresCOSTA FERREIRApublica\u00e7\u00e3oINCM 1985descri\u00e7\u00e3o f\u00edsica550 - P\u00c1GINAS ILUSTRADO COM FOTOGRAFIAS E DOCUMENTOSpref\u00e1cio de Luiz francisco RebelloCAPA MOLE","rel":"","context":"Similar post","block_context":{"text":"Similar post","link":""},"img":{"alt_text":"","src":"https:\/\/i0.wp.com\/alfarrabistacaldeira.com\/wp-content\/uploads\/2024\/05\/20240512_154059-rotated.jpg?fit=900%2C1200&ssl=1&resize=350%2C200","width":350,"height":200,"srcset":"https:\/\/i0.wp.com\/alfarrabistacaldeira.com\/wp-content\/uploads\/2024\/05\/20240512_154059-rotated.jpg?fit=900%2C1200&ssl=1&resize=350%2C200 1x, https:\/\/i0.wp.com\/alfarrabistacaldeira.com\/wp-content\/uploads\/2024\/05\/20240512_154059-rotated.jpg?fit=900%2C1200&ssl=1&resize=525%2C300 1.5x, https:\/\/i0.wp.com\/alfarrabistacaldeira.com\/wp-content\/uploads\/2024\/05\/20240512_154059-rotated.jpg?fit=900%2C1200&ssl=1&resize=700%2C400 2x"},"classes":[]},{"id":38782,"url":"https:\/\/alfarrabistacaldeira.com\/?product=casaco-de-fogo-comedia-romeu-correia","url_meta":{"origin":38847,"position":2},"title":"CASACO DE FOGO COM\u00c9DIA ROMEU CORREIA","author":"Alfarrabista Caldeira","date":"Mar\u00e7o 29, 2026","format":false,"excerpt":"AUTORES : Romeu Correia PUBLICA\u00c7\u00c3O: Orion editorial 1954 DESCRI\u00c7\u00c3O FISICA: 139 -\u00a0 P\u00c1GINAS\u00a0com dedicat\u00f3ria e assinatura do autor\u00a0 BROCHURA. -Ligado ao associativismo oper\u00e1rio, desportista ex\u00edmio, os seus temas s\u00e3o extra\u00eddos \u00e0 sua pr\u00f3pria viv\u00eancia do meio prolet\u00e1rio e pequeno-burgu\u00eas do concelho de Almada. Colaborador e activista do teatro amador, a\u00ed\u2026","rel":"","context":"Similar post","block_context":{"text":"Similar post","link":""},"img":{"alt_text":"","src":"https:\/\/i0.wp.com\/alfarrabistacaldeira.com\/wp-content\/uploads\/2026\/03\/1000035432-1.jpg?fit=802%2C1200&ssl=1&resize=350%2C200","width":350,"height":200,"srcset":"https:\/\/i0.wp.com\/alfarrabistacaldeira.com\/wp-content\/uploads\/2026\/03\/1000035432-1.jpg?fit=802%2C1200&ssl=1&resize=350%2C200 1x, https:\/\/i0.wp.com\/alfarrabistacaldeira.com\/wp-content\/uploads\/2026\/03\/1000035432-1.jpg?fit=802%2C1200&ssl=1&resize=525%2C300 1.5x, https:\/\/i0.wp.com\/alfarrabistacaldeira.com\/wp-content\/uploads\/2026\/03\/1000035432-1.jpg?fit=802%2C1200&ssl=1&resize=700%2C400 2x"},"classes":[]},{"id":37486,"url":"https:\/\/alfarrabistacaldeira.com\/?product=calamento-romeu-correia-1-a-edicao","url_meta":{"origin":38847,"position":3},"title":"CALAMENTO ROMEU CORREIA 1.\u00aa EDI\u00c7\u00c3O","author":"Alfarrabista Caldeira","date":"Fevereiro 21, 2026","format":false,"excerpt":"AUTORES : Romeu Correia\u00a0\u00a0PUBLICA\u00c7\u00c3O:\u00a0Editorial minerva 1950\u00a0 \u00a0DESCRI\u00c7\u00c3O FISICA: 232 -\u00a0 P\u00c1GINAS\u00a0 .capa de manuel ribeiro de pavia BROCHURA . com dedicat\u00f3ria e assinatura do autor Com a maior parte da sua obra de fic\u00e7\u00e3o situada na margem sul do Tejo, foi classificado inicialmente de populista, como que a meio caminho\u2026","rel":"","context":"Similar post","block_context":{"text":"Similar post","link":""},"img":{"alt_text":"","src":"https:\/\/i0.wp.com\/alfarrabistacaldeira.com\/wp-content\/uploads\/2026\/02\/1000033503.jpg?fit=812%2C1200&ssl=1&resize=350%2C200","width":350,"height":200,"srcset":"https:\/\/i0.wp.com\/alfarrabistacaldeira.com\/wp-content\/uploads\/2026\/02\/1000033503.jpg?fit=812%2C1200&ssl=1&resize=350%2C200 1x, https:\/\/i0.wp.com\/alfarrabistacaldeira.com\/wp-content\/uploads\/2026\/02\/1000033503.jpg?fit=812%2C1200&ssl=1&resize=525%2C300 1.5x, https:\/\/i0.wp.com\/alfarrabistacaldeira.com\/wp-content\/uploads\/2026\/02\/1000033503.jpg?fit=812%2C1200&ssl=1&resize=700%2C400 2x"},"classes":[]},{"id":3631,"url":"https:\/\/alfarrabistacaldeira.com\/?product=felizmente-ha-luar-luis-de-sttau-monteiro","url_meta":{"origin":38847,"position":4},"title":"FELIZMENTE H\u00c1 LUAR LUIS DE STTAU MONTEIRO","author":"Alfarrabista Caldeira","date":"Dezembro 21, 2023","format":false,"excerpt":"autoresLUIS DE STTAU MONTEIROpublica\u00e7\u00e3oEDITORA \u00c1TICA S\/Ddescri\u00e7\u00e3o f\u00edsica164 \u2013 P\u00c1GINAS\u00a0ILUSTRADO POR ANT\u00d3NIO VAZ PEREIRA Embora episodicamente haja retomado a escrita novelesca (E Se For Rapariga Chama-se Cust\u00f3dia, escrito na pris\u00e3o em 1966, ou o romance in\u00e9dito\u00a0Agarra o Ver\u00e3o, Guida, Agarra o Ver\u00e3o, de que em 1984 extraiu a telenovela\u00a0Chuva na Areia),\u2026","rel":"","context":"Similar post","block_context":{"text":"Similar post","link":""},"img":{"alt_text":"","src":"https:\/\/i0.wp.com\/alfarrabistacaldeira.com\/wp-content\/uploads\/2023\/12\/IMG_20231221_164952.jpg?fit=900%2C1200&ssl=1&resize=350%2C200","width":350,"height":200,"srcset":"https:\/\/i0.wp.com\/alfarrabistacaldeira.com\/wp-content\/uploads\/2023\/12\/IMG_20231221_164952.jpg?fit=900%2C1200&ssl=1&resize=350%2C200 1x, https:\/\/i0.wp.com\/alfarrabistacaldeira.com\/wp-content\/uploads\/2023\/12\/IMG_20231221_164952.jpg?fit=900%2C1200&ssl=1&resize=525%2C300 1.5x, https:\/\/i0.wp.com\/alfarrabistacaldeira.com\/wp-content\/uploads\/2023\/12\/IMG_20231221_164952.jpg?fit=900%2C1200&ssl=1&resize=700%2C400 2x"},"classes":[]},{"id":29519,"url":"https:\/\/alfarrabistacaldeira.com\/?product=pecas-em-um-acto-luis-sttau-monteiro-1-a-edicao","url_meta":{"origin":38847,"position":5},"title":"PE\u00c7AS EM UM ACTO LU\u00cdS STTAU MONTEIRO 1.\u00aa EDI\u00c7\u00c3O","author":"Alfarrabista Caldeira","date":"Mar\u00e7o 7, 2025","format":false,"excerpt":"autores LU\u00cdS STTAU MONTEIRO \u00a0publica\u00e7\u00e3o editorial minotauro 1966 descri\u00e7\u00e3o f\u00edsica 141 -\u00a0 P\u00c1GINAS\u00a0 brochura\u00a0 a guerra santa - a est\u00e1tua com nota explicativa","rel":"","context":"Similar post","block_context":{"text":"Similar post","link":""},"img":{"alt_text":"","src":"https:\/\/i0.wp.com\/alfarrabistacaldeira.com\/wp-content\/uploads\/2025\/03\/20250304_215631-rotated.jpg?fit=900%2C1200&ssl=1&resize=350%2C200","width":350,"height":200,"srcset":"https:\/\/i0.wp.com\/alfarrabistacaldeira.com\/wp-content\/uploads\/2025\/03\/20250304_215631-rotated.jpg?fit=900%2C1200&ssl=1&resize=350%2C200 1x, https:\/\/i0.wp.com\/alfarrabistacaldeira.com\/wp-content\/uploads\/2025\/03\/20250304_215631-rotated.jpg?fit=900%2C1200&ssl=1&resize=525%2C300 1.5x, https:\/\/i0.wp.com\/alfarrabistacaldeira.com\/wp-content\/uploads\/2025\/03\/20250304_215631-rotated.jpg?fit=900%2C1200&ssl=1&resize=700%2C400 2x"},"classes":[]}],"_links":{"self":[{"href":"https:\/\/alfarrabistacaldeira.com\/index.php?rest_route=\/wp\/v2\/product\/38847","targetHints":{"allow":["GET"]}}],"collection":[{"href":"https:\/\/alfarrabistacaldeira.com\/index.php?rest_route=\/wp\/v2\/product"}],"about":[{"href":"https:\/\/alfarrabistacaldeira.com\/index.php?rest_route=\/wp\/v2\/types\/product"}],"replies":[{"embeddable":true,"href":"https:\/\/alfarrabistacaldeira.com\/index.php?rest_route=%2Fwp%2Fv2%2Fcomments&post=38847"}],"version-history":[{"count":1,"href":"https:\/\/alfarrabistacaldeira.com\/index.php?rest_route=\/wp\/v2\/product\/38847\/revisions"}],"predecessor-version":[{"id":38854,"href":"https:\/\/alfarrabistacaldeira.com\/index.php?rest_route=\/wp\/v2\/product\/38847\/revisions\/38854"}],"wp:featuredmedia":[{"embeddable":true,"href":"https:\/\/alfarrabistacaldeira.com\/index.php?rest_route=\/wp\/v2\/media\/38848"}],"wp:attachment":[{"href":"https:\/\/alfarrabistacaldeira.com\/index.php?rest_route=%2Fwp%2Fv2%2Fmedia&parent=38847"}],"wp:term":[{"taxonomy":"product_brand","embeddable":true,"href":"https:\/\/alfarrabistacaldeira.com\/index.php?rest_route=%2Fwp%2Fv2%2Fproduct_brand&post=38847"},{"taxonomy":"product_cat","embeddable":true,"href":"https:\/\/alfarrabistacaldeira.com\/index.php?rest_route=%2Fwp%2Fv2%2Fproduct_cat&post=38847"},{"taxonomy":"product_tag","embeddable":true,"href":"https:\/\/alfarrabistacaldeira.com\/index.php?rest_route=%2Fwp%2Fv2%2Fproduct_tag&post=38847"}],"curies":[{"name":"wp","href":"https:\/\/api.w.org\/{rel}","templated":true}]}}