{"id":38813,"date":"2026-03-30T19:10:32","date_gmt":"2026-03-30T18:10:32","guid":{"rendered":"https:\/\/alfarrabistacaldeira.com\/?post_type=product&#038;p=38813"},"modified":"2026-03-30T19:10:38","modified_gmt":"2026-03-30T18:10:38","slug":"memorias-para-o-ano-2000-jose-augusto-franca","status":"publish","type":"product","link":"https:\/\/alfarrabistacaldeira.com\/?product=memorias-para-o-ano-2000-jose-augusto-franca","title":{"rendered":"MEM\u00d3RIAS PARA O ANO 2000 JOS\u00c9-AUGUSTO FRAN\u00c7A"},"content":{"rendered":"","protected":false},"excerpt":{"rendered":"<p><strong>AUTORES : <\/strong>Jos\u00e9 Augusto Fran\u00e7a\u00a0<strong>PUBLICA\u00c7\u00c3O:<\/strong> ivros horizonte 2000\u00a0 <strong>DESCRI\u00c7\u00c3O FISICA:<\/strong> 386 &#8211;\u00a0 <strong>P\u00c1GINAS <\/strong>ilustrado com fotografias a negro<span class=\"T286Pc\" data-sfc-cp=\"\" data-sfc-root=\"c\" data-sfc-cb=\"\" data-complete=\"true\">\u00a0<\/span><strong>BROCHURA. <\/strong>&#8211; estas mem\u00f3rias n\u00e3o apenas como suas, mas como as mem\u00f3rias de um tempo, oferecendo revela\u00e7\u00f5es em primeira m\u00e3o sobre a hist\u00f3ria sociocultural do pa\u00eds.-<\/p>\n","protected":false},"featured_media":38814,"comment_status":"open","ping_status":"closed","template":"","meta":{"advanced_seo_description":"","jetpack_seo_html_title":"","jetpack_seo_noindex":false,"jetpack_post_was_ever_published":false,"jetpack_publicize_message":"","jetpack_publicize_feature_enabled":true,"jetpack_social_post_already_shared":true,"jetpack_social_options":{"image_generator_settings":{"template":"highway","default_image_id":0,"font":"","enabled":false},"version":2},"_wpas_customize_per_network":false},"product_brand":[],"product_cat":[1513,1571],"product_tag":[],"class_list":{"0":"post-38813","1":"product","2":"type-product","3":"status-publish","4":"has-post-thumbnail","6":"product_cat-literatura-portuguesa","7":"product_cat-memorias","9":"first","10":"instock","11":"shipping-taxable","12":"purchasable","13":"product-type-simple"},"jetpack_publicize_connections":[],"jetpack_likes_enabled":true,"jetpack_sharing_enabled":true,"jetpack-related-posts":[{"id":17814,"url":"https:\/\/alfarrabistacaldeira.com\/?product=tarrafal-testemunhos-trabalho-colectivo-de-sobreviventes-franco-de-sousa","url_meta":{"origin":38813,"position":0},"title":"TARRAFAL TESTEMUNHOS TRABALHO COLECTIVO DE SOBREVIVENTES FRANCO DE SOUSA","author":"Alfarrabista Caldeira","date":"Maio 8, 2024","format":false,"excerpt":"autoresFRANCO DE SOUSApublica\u00e7\u00e3oEDITORIAL CAMINHO 1978descri\u00e7\u00e3o f\u00edsica337 - P\u00c1GINAS ILUSTRADO COM FOTOGRAFIAS DOCUMENTOS E MAPAS edi\u00e7\u00e3o comemorativa da traslada\u00e7\u00e3o dos restos mortais dos antifascistas mortos no Tarrafal assinado por sobreviventes do campo do Tarrafaltais como Josu\u00e9 Martins ramosJoaquim gomes casquinhaJos\u00e9 Gilberto florindo de oliveiraaugusto ValdezJoaquim amaroentre e outros exemplar n.\u00ba 370CAPA\u2026","rel":"","context":"Similar post","block_context":{"text":"Similar post","link":""},"img":{"alt_text":"","src":"https:\/\/i0.wp.com\/alfarrabistacaldeira.com\/wp-content\/uploads\/2024\/05\/20240508_151255-rotated.jpg?fit=900%2C1200&ssl=1&resize=350%2C200","width":350,"height":200,"srcset":"https:\/\/i0.wp.com\/alfarrabistacaldeira.com\/wp-content\/uploads\/2024\/05\/20240508_151255-rotated.jpg?fit=900%2C1200&ssl=1&resize=350%2C200 1x, https:\/\/i0.wp.com\/alfarrabistacaldeira.com\/wp-content\/uploads\/2024\/05\/20240508_151255-rotated.jpg?fit=900%2C1200&ssl=1&resize=525%2C300 1.5x, https:\/\/i0.wp.com\/alfarrabistacaldeira.com\/wp-content\/uploads\/2024\/05\/20240508_151255-rotated.jpg?fit=900%2C1200&ssl=1&resize=700%2C400 2x"},"classes":[]},{"id":30917,"url":"https:\/\/alfarrabistacaldeira.com\/?product=a-poetisa-florbela-espanca-jose-augusto-alegria","url_meta":{"origin":38813,"position":1},"title":"A POETISA FLORBELA ESPANCA JOS\u00c9 AUGUSTO ALEGRIA","author":"Alfarrabista Caldeira","date":"Abril 5, 2025","format":false,"excerpt":"autores JOS\u00c9 AUGUSTO ALEGRIA\u00a0publica\u00e7\u00e3o Edi\u00e7\u00e3o centro de estudos \u00e9vora 1955 descri\u00e7\u00e3o f\u00edsica\u00a0 167\u00a0 P\u00c1GINAS\u00a0 \u00a0 brochura o processo de uma causa \u00e9 um ataque descabelado \u00e1 poetisa que n\u00e3o podia \"ver\" nem pintada!... \"Levantar uma est\u00e1tua a uma mulher cuja obra reflecte uma posi\u00e7\u00e3o perante a vida, diametralmente oposto ao\u2026","rel":"","context":"Similar post","block_context":{"text":"Similar post","link":""},"img":{"alt_text":"","src":"https:\/\/i0.wp.com\/alfarrabistacaldeira.com\/wp-content\/uploads\/2025\/04\/20250404_192353-rotated.jpg?fit=900%2C1200&ssl=1&resize=350%2C200","width":350,"height":200,"srcset":"https:\/\/i0.wp.com\/alfarrabistacaldeira.com\/wp-content\/uploads\/2025\/04\/20250404_192353-rotated.jpg?fit=900%2C1200&ssl=1&resize=350%2C200 1x, https:\/\/i0.wp.com\/alfarrabistacaldeira.com\/wp-content\/uploads\/2025\/04\/20250404_192353-rotated.jpg?fit=900%2C1200&ssl=1&resize=525%2C300 1.5x, https:\/\/i0.wp.com\/alfarrabistacaldeira.com\/wp-content\/uploads\/2025\/04\/20250404_192353-rotated.jpg?fit=900%2C1200&ssl=1&resize=700%2C400 2x"},"classes":[]},{"id":12383,"url":"https:\/\/alfarrabistacaldeira.com\/?product=a-setima-colina-roteiro-historico-artistico-jose-augusto-franca","url_meta":{"origin":38813,"position":2},"title":"A S\u00c9TIMA COLINA ROTEIRO HIST\u00d3RICO ARTISTICO JOS\u00c9 AUGUSTO FRAN\u00c7A","author":"Alfarrabista Caldeira","date":"Fevereiro 15, 2024","format":false,"excerpt":"autoresJOS\u00c9 AUGUSTO FRAN\u00c7Apublica\u00e7\u00e3oLIVROS HORIZONTE 1994descri\u00e7\u00e3o f\u00edsica158 \u2013 P\u00c1GINASCAPA MOLE","rel":"","context":"Similar post","block_context":{"text":"Similar post","link":""},"img":{"alt_text":"","src":"https:\/\/i0.wp.com\/alfarrabistacaldeira.com\/wp-content\/uploads\/2024\/02\/IMG_20240215_155920.jpg?fit=675%2C1200&ssl=1&resize=350%2C200","width":350,"height":200,"srcset":"https:\/\/i0.wp.com\/alfarrabistacaldeira.com\/wp-content\/uploads\/2024\/02\/IMG_20240215_155920.jpg?fit=675%2C1200&ssl=1&resize=350%2C200 1x, https:\/\/i0.wp.com\/alfarrabistacaldeira.com\/wp-content\/uploads\/2024\/02\/IMG_20240215_155920.jpg?fit=675%2C1200&ssl=1&resize=525%2C300 1.5x"},"classes":[]},{"id":37615,"url":"https:\/\/alfarrabistacaldeira.com\/?product=almada-o-portugues-sem-mestre-jose-augusto-franca","url_meta":{"origin":38813,"position":3},"title":"ALMADA O PORTUGU\u00caS SEM MESTRE JOS\u00c9 AUGUSTO FRAN\u00c7A","author":"Alfarrabista Caldeira","date":"Fevereiro 25, 2026","format":false,"excerpt":"AUTORES :\u00a0Jos\u00e9 augusto fran\u00e7a PUBLICA\u00c7\u00c3O:\u00a0est\u00fadios cor 1974\u00a0 \u00a0DESCRI\u00c7\u00c3O FISICA: 204 + 63 estampas P\u00c1GINAS\u00a0 Ilustrado a cores e negro com estampas desdobraveis ENCADERNA\u00c7\u00c3O EDITORIAL . importante trabalho at\u00e9 hoje publicado sobre Almada Negreiros. Com uma estada em Paris na altura em que esta cidade detinha os privil\u00e9gios de centro difusor\u2026","rel":"","context":"Similar post","block_context":{"text":"Similar post","link":""},"img":{"alt_text":"","src":"https:\/\/i0.wp.com\/alfarrabistacaldeira.com\/wp-content\/uploads\/2026\/02\/1000033663-rotated.jpg?fit=900%2C1200&ssl=1&resize=350%2C200","width":350,"height":200,"srcset":"https:\/\/i0.wp.com\/alfarrabistacaldeira.com\/wp-content\/uploads\/2026\/02\/1000033663-rotated.jpg?fit=900%2C1200&ssl=1&resize=350%2C200 1x, https:\/\/i0.wp.com\/alfarrabistacaldeira.com\/wp-content\/uploads\/2026\/02\/1000033663-rotated.jpg?fit=900%2C1200&ssl=1&resize=525%2C300 1.5x, https:\/\/i0.wp.com\/alfarrabistacaldeira.com\/wp-content\/uploads\/2026\/02\/1000033663-rotated.jpg?fit=900%2C1200&ssl=1&resize=700%2C400 2x"},"classes":[]},{"id":2851,"url":"https:\/\/alfarrabistacaldeira.com\/?product=dicionario-da-pintura-universal-jose-augusto-franca","url_meta":{"origin":38813,"position":4},"title":"DICION\u00c1RIO DA PINTURA UNIVERSAL JOS\u00c9 AUGUSTO FRAN\u00c7A","author":"Alfarrabista Caldeira","date":"Dezembro 12, 2023","format":false,"excerpt":"autoresJOS\u00c9 AUGUSTO FRAN\u00c7Apublica\u00e7\u00e3oEDI\u00c7\u00c3O COMEMORATIVA DO IV CENTEN\u00c1RIO DA FUNDA\u00c7\u00c3O DA CIDADE DE S\u00c3O PAULO 1956 \/1961descri\u00e7\u00e3o f\u00edsica447 \u2013 422 \u2013 435 P\u00c1GINAS ILUSTRADO3 VOLUMES COMPLETOCOM UM VOLUME DEDICADO \u00c1 ARTE PORTUGUESA coordenado por M\u00e1rio Tavares Chic\u00f3, Artur Nobre de Gusm\u00e3o, Jos\u00e9-Augusto Fran\u00e7a","rel":"","context":"Similar post","block_context":{"text":"Similar post","link":""},"img":{"alt_text":"","src":"https:\/\/i0.wp.com\/alfarrabistacaldeira.com\/wp-content\/uploads\/2023\/12\/IMG_20231212_092644.jpg?fit=1200%2C900&ssl=1&resize=350%2C200","width":350,"height":200,"srcset":"https:\/\/i0.wp.com\/alfarrabistacaldeira.com\/wp-content\/uploads\/2023\/12\/IMG_20231212_092644.jpg?fit=1200%2C900&ssl=1&resize=350%2C200 1x, https:\/\/i0.wp.com\/alfarrabistacaldeira.com\/wp-content\/uploads\/2023\/12\/IMG_20231212_092644.jpg?fit=1200%2C900&ssl=1&resize=525%2C300 1.5x, https:\/\/i0.wp.com\/alfarrabistacaldeira.com\/wp-content\/uploads\/2023\/12\/IMG_20231212_092644.jpg?fit=1200%2C900&ssl=1&resize=700%2C400 2x, https:\/\/i0.wp.com\/alfarrabistacaldeira.com\/wp-content\/uploads\/2023\/12\/IMG_20231212_092644.jpg?fit=1200%2C900&ssl=1&resize=1050%2C600 3x"},"classes":[]},{"id":17185,"url":"https:\/\/alfarrabistacaldeira.com\/?product=memoria-destruida-rogerio-de-freitas","url_meta":{"origin":38813,"position":5},"title":"MEM\u00d3RIA DESTRUIDA ROG\u00c9RIO DE FREITAS","author":"Alfarrabista Caldeira","date":"Maio 1, 2024","format":false,"excerpt":"autoresROG\u00c9RIO DE FREITASpublica\u00e7\u00e3oEDITORIAL SIGNUM 1970descri\u00e7\u00e3o f\u00edsica294 - P\u00c1GINASCAPA MOLE","rel":"","context":"Similar post","block_context":{"text":"Similar post","link":""},"img":{"alt_text":"","src":"https:\/\/i0.wp.com\/alfarrabistacaldeira.com\/wp-content\/uploads\/2024\/05\/20240501_142556-rotated.jpg?fit=900%2C1200&ssl=1&resize=350%2C200","width":350,"height":200,"srcset":"https:\/\/i0.wp.com\/alfarrabistacaldeira.com\/wp-content\/uploads\/2024\/05\/20240501_142556-rotated.jpg?fit=900%2C1200&ssl=1&resize=350%2C200 1x, https:\/\/i0.wp.com\/alfarrabistacaldeira.com\/wp-content\/uploads\/2024\/05\/20240501_142556-rotated.jpg?fit=900%2C1200&ssl=1&resize=525%2C300 1.5x, https:\/\/i0.wp.com\/alfarrabistacaldeira.com\/wp-content\/uploads\/2024\/05\/20240501_142556-rotated.jpg?fit=900%2C1200&ssl=1&resize=700%2C400 2x"},"classes":[]}],"_links":{"self":[{"href":"https:\/\/alfarrabistacaldeira.com\/index.php?rest_route=\/wp\/v2\/product\/38813","targetHints":{"allow":["GET"]}}],"collection":[{"href":"https:\/\/alfarrabistacaldeira.com\/index.php?rest_route=\/wp\/v2\/product"}],"about":[{"href":"https:\/\/alfarrabistacaldeira.com\/index.php?rest_route=\/wp\/v2\/types\/product"}],"replies":[{"embeddable":true,"href":"https:\/\/alfarrabistacaldeira.com\/index.php?rest_route=%2Fwp%2Fv2%2Fcomments&post=38813"}],"version-history":[{"count":1,"href":"https:\/\/alfarrabistacaldeira.com\/index.php?rest_route=\/wp\/v2\/product\/38813\/revisions"}],"predecessor-version":[{"id":38821,"href":"https:\/\/alfarrabistacaldeira.com\/index.php?rest_route=\/wp\/v2\/product\/38813\/revisions\/38821"}],"wp:featuredmedia":[{"embeddable":true,"href":"https:\/\/alfarrabistacaldeira.com\/index.php?rest_route=\/wp\/v2\/media\/38814"}],"wp:attachment":[{"href":"https:\/\/alfarrabistacaldeira.com\/index.php?rest_route=%2Fwp%2Fv2%2Fmedia&parent=38813"}],"wp:term":[{"taxonomy":"product_brand","embeddable":true,"href":"https:\/\/alfarrabistacaldeira.com\/index.php?rest_route=%2Fwp%2Fv2%2Fproduct_brand&post=38813"},{"taxonomy":"product_cat","embeddable":true,"href":"https:\/\/alfarrabistacaldeira.com\/index.php?rest_route=%2Fwp%2Fv2%2Fproduct_cat&post=38813"},{"taxonomy":"product_tag","embeddable":true,"href":"https:\/\/alfarrabistacaldeira.com\/index.php?rest_route=%2Fwp%2Fv2%2Fproduct_tag&post=38813"}],"curies":[{"name":"wp","href":"https:\/\/api.w.org\/{rel}","templated":true}]}}