{"id":38755,"date":"2026-03-27T15:26:23","date_gmt":"2026-03-27T15:26:23","guid":{"rendered":"https:\/\/alfarrabistacaldeira.com\/?post_type=product&#038;p=38755"},"modified":"2026-03-27T15:28:44","modified_gmt":"2026-03-27T15:28:44","slug":"maneirismo-e-barroco-na-poesia-lirica-portuguesa-vitor-de-aguiar-da-silva","status":"publish","type":"product","link":"https:\/\/alfarrabistacaldeira.com\/?product=maneirismo-e-barroco-na-poesia-lirica-portuguesa-vitor-de-aguiar-da-silva","title":{"rendered":"MANEIRISMO E BARROCO NA POESIA L\u00cdRICA PORTUGUESA VITOR DE AGUIAR DA SILVA"},"content":{"rendered":"","protected":false},"excerpt":{"rendered":"<p><strong>AUTORES :<\/strong> Vitor manuel pires de aguiar e silva\u00a0 <strong>PUBLICA\u00c7\u00c3O:<\/strong> coimbra 1971\u00a0 <strong>DESCRI\u00c7\u00c3O FISICA:<\/strong> 594 &#8211;\u00a0 <strong>P\u00c1GINAS\u00a0<\/strong>disserta\u00e7\u00e3o de doutoramento apresentada \u00e1 faculdade de letras de coimbra\u00a0 \u00a0<strong>BROCHURA. <\/strong>com assinatura de posse.<\/p>\n<p>&#8211; dedicado especialmente ao estudo da Teoria da Literatura, dom\u00ednio em que a relev\u00e2ncia do seu ensino e da sua investiga\u00e7\u00e3o \u00e9 nacional e internacionalmente reconhecida, e da Literatura Portuguesa do Maneirismo, do Barroco e do Modernismo. Os estudos camonianos t\u00eam constitu\u00eddo objecto constante da sua actividade de investigador.-<\/p>\n","protected":false},"featured_media":38756,"comment_status":"open","ping_status":"closed","template":"","meta":{"advanced_seo_description":"","jetpack_seo_html_title":"","jetpack_seo_noindex":false,"jetpack_post_was_ever_published":false,"jetpack_publicize_message":"","jetpack_publicize_feature_enabled":true,"jetpack_social_post_already_shared":true,"jetpack_social_options":{"image_generator_settings":{"template":"highway","default_image_id":0,"font":"","enabled":false},"version":2},"_wpas_customize_per_network":false},"product_brand":[],"product_cat":[1560,1562],"product_tag":[],"class_list":{"0":"post-38755","1":"product","2":"type-product","3":"status-publish","4":"has-post-thumbnail","6":"product_cat-literatura-estrangeira","7":"product_cat-poesia-portuguesa","9":"first","10":"instock","11":"shipping-taxable","12":"purchasable","13":"product-type-simple"},"jetpack_publicize_connections":[],"jetpack_likes_enabled":true,"jetpack_sharing_enabled":true,"jetpack-related-posts":[{"id":32255,"url":"https:\/\/alfarrabistacaldeira.com\/?product=a-capela-dos-coimbras-manuel-daguiar-barreiros","url_meta":{"origin":38755,"position":0},"title":"A CAPELA DOS COIMBRAS MANUEL D\u00b4AGUIAR BARREIROS","author":"Alfarrabista Caldeira","date":"Junho 5, 2025","format":false,"excerpt":"autores MANUEL D\u00b4AGUIAR BARREIROS \u00a0publica\u00e7\u00e3o Porto 1922 descri\u00e7\u00e3o f\u00edsica\u00a0114 -\u00a0P\u00c1GINAS ilustrado com fotografias e gravuras a negro\u00a0 brochura . dedicada a nossa senhora da concei\u00e7\u00e3o da guia em braga","rel":"","context":"Similar post","block_context":{"text":"Similar post","link":""},"img":{"alt_text":"","src":"https:\/\/i0.wp.com\/alfarrabistacaldeira.com\/wp-content\/uploads\/2025\/06\/20250605_171608.jpg?fit=900%2C1200&ssl=1&resize=350%2C200","width":350,"height":200,"srcset":"https:\/\/i0.wp.com\/alfarrabistacaldeira.com\/wp-content\/uploads\/2025\/06\/20250605_171608.jpg?fit=900%2C1200&ssl=1&resize=350%2C200 1x, https:\/\/i0.wp.com\/alfarrabistacaldeira.com\/wp-content\/uploads\/2025\/06\/20250605_171608.jpg?fit=900%2C1200&ssl=1&resize=525%2C300 1.5x, https:\/\/i0.wp.com\/alfarrabistacaldeira.com\/wp-content\/uploads\/2025\/06\/20250605_171608.jpg?fit=900%2C1200&ssl=1&resize=700%2C400 2x"},"classes":[]},{"id":21766,"url":"https:\/\/alfarrabistacaldeira.com\/?product=soror-marianna-estudo-sobre-a-religiosa-portuguesa-asdrubal-daguiar","url_meta":{"origin":38755,"position":1},"title":"SOROR MARIANNA ESTUDO SOBRE A RELIGIOSA PORTUGUESA ASDRUBAL D\u00b4AGUIAR","author":"Alfarrabista Caldeira","date":"Julho 31, 2024","format":false,"excerpt":"autoresASDRUBAL D\u00b4AGUIARpublica\u00e7\u00e3oLISBOA 1924descri\u00e7\u00e3o f\u00edsica224 \u2013 P\u00c1GINAS ILUSTRADO COM GRAVURASCAPA MOLE","rel":"","context":"Similar post","block_context":{"text":"Similar post","link":""},"img":{"alt_text":"","src":"https:\/\/i0.wp.com\/alfarrabistacaldeira.com\/wp-content\/uploads\/2024\/07\/20240731_152352-rotated.jpg?fit=900%2C1200&ssl=1&resize=350%2C200","width":350,"height":200,"srcset":"https:\/\/i0.wp.com\/alfarrabistacaldeira.com\/wp-content\/uploads\/2024\/07\/20240731_152352-rotated.jpg?fit=900%2C1200&ssl=1&resize=350%2C200 1x, https:\/\/i0.wp.com\/alfarrabistacaldeira.com\/wp-content\/uploads\/2024\/07\/20240731_152352-rotated.jpg?fit=900%2C1200&ssl=1&resize=525%2C300 1.5x, https:\/\/i0.wp.com\/alfarrabistacaldeira.com\/wp-content\/uploads\/2024\/07\/20240731_152352-rotated.jpg?fit=900%2C1200&ssl=1&resize=700%2C400 2x"},"classes":[]},{"id":5028,"url":"https:\/\/alfarrabistacaldeira.com\/?product=sciencia-sexual-contribuicoes-para-o-seu-estudo-asdrubal-antonio-daguiar","url_meta":{"origin":38755,"position":2},"title":"SCI\u00caNCIA SEXUAL CONTRIBUI\u00c7\u00d5ES PARA O SEU ESTUDO ASDRUBAL ANT\u00d3NIO D\u00b4AGUIAR","author":"Alfarrabista Caldeira","date":"Dezembro 29, 2023","format":false,"excerpt":"autoresASDRUBAL ANT\u00d3NIO D\u00b4AGUIARpublica\u00e7\u00e3oEDI\u00c7\u00c3O DE AUTOR 1927descri\u00e7\u00e3o f\u00edsica257 \u2013 P\u00c1GINAS ILUSTRADO COM GRAVURAS\u00d3RG\u00c3OS FEMENINOS DA COPULA\u00c7\u00c3OENCADERNADO","rel":"","context":"Similar post","block_context":{"text":"Similar post","link":""},"img":{"alt_text":"","src":"https:\/\/i0.wp.com\/alfarrabistacaldeira.com\/wp-content\/uploads\/2023\/12\/IMG_20231229_093537.jpg?fit=1200%2C540&ssl=1&resize=350%2C200","width":350,"height":200,"srcset":"https:\/\/i0.wp.com\/alfarrabistacaldeira.com\/wp-content\/uploads\/2023\/12\/IMG_20231229_093537.jpg?fit=1200%2C540&ssl=1&resize=350%2C200 1x, https:\/\/i0.wp.com\/alfarrabistacaldeira.com\/wp-content\/uploads\/2023\/12\/IMG_20231229_093537.jpg?fit=1200%2C540&ssl=1&resize=525%2C300 1.5x, https:\/\/i0.wp.com\/alfarrabistacaldeira.com\/wp-content\/uploads\/2023\/12\/IMG_20231229_093537.jpg?fit=1200%2C540&ssl=1&resize=700%2C400 2x, https:\/\/i0.wp.com\/alfarrabistacaldeira.com\/wp-content\/uploads\/2023\/12\/IMG_20231229_093537.jpg?fit=1200%2C540&ssl=1&resize=1050%2C600 3x"},"classes":[]},{"id":38040,"url":"https:\/\/alfarrabistacaldeira.com\/?product=as-cortes-portuguesas-reinado-de-d-afonso-iv-1325-1357","url_meta":{"origin":38755,"position":3},"title":"AS CORTES PORTUGUESAS REINADO DE D.AFONSO IV 1325-1357","author":"Alfarrabista Caldeira","date":"Mar\u00e7o 6, 2026","format":false,"excerpt":"AUTORES :\u00a0Centro de estudos hist\u00f3ricos A.H. oliveira marques (prepara\u00e7\u00e3o)\u00a0\u00a0PUBLICA\u00c7\u00c3O: instituto nacional de investiga\u00e7\u00e3o cientifica 1982\u00a0 DESCRI\u00c7\u00c3O FISICA: 167 -\u00a0 \u00a0 P\u00c1GINAS\u00a0Transcri\u00e7\u00f5es de Ana margarida sousa da luz - diogo curto - jo\u00e3o dias - margarida lages - nuno jos\u00e9 pizarro BROCHURA. -D. Afonso IV obt\u00e9m uma grande vit\u00f3ria contra os\u2026","rel":"","context":"Similar post","block_context":{"text":"Similar post","link":""},"img":{"alt_text":"","src":"https:\/\/i0.wp.com\/alfarrabistacaldeira.com\/wp-content\/uploads\/2026\/03\/1000034240.jpg?fit=834%2C1200&ssl=1&resize=350%2C200","width":350,"height":200,"srcset":"https:\/\/i0.wp.com\/alfarrabistacaldeira.com\/wp-content\/uploads\/2026\/03\/1000034240.jpg?fit=834%2C1200&ssl=1&resize=350%2C200 1x, https:\/\/i0.wp.com\/alfarrabistacaldeira.com\/wp-content\/uploads\/2026\/03\/1000034240.jpg?fit=834%2C1200&ssl=1&resize=525%2C300 1.5x, https:\/\/i0.wp.com\/alfarrabistacaldeira.com\/wp-content\/uploads\/2026\/03\/1000034240.jpg?fit=834%2C1200&ssl=1&resize=700%2C400 2x"},"classes":[]},{"id":7518,"url":"https:\/\/alfarrabistacaldeira.com\/?product=obras-de-francisco-de-sa-miranda-edicao-fac-simile-da-edicao-de-1595","url_meta":{"origin":38755,"position":4},"title":"OBRAS DE FRANCISCO DE S\u00c1 MIRANDA EDI\u00c7\u00c3O FAC-SIMILE DA EDI\u00c7\u00c3O DE 1595","author":"Alfarrabista Caldeira","date":"Janeiro 12, 2024","format":false,"excerpt":"autoresFRANCISCO DE S\u00c1 MIRANDApublica\u00e7\u00e3oBRAGA 1994descri\u00e7\u00e3o f\u00edsica374 \u2013 P\u00c1GINAS ESTUDO INTRODUT\u00d3RIO DE VITOR AGUIAR E SILVACAPA DURA","rel":"","context":"Similar post","block_context":{"text":"Similar post","link":""},"img":{"alt_text":"","src":"https:\/\/i0.wp.com\/alfarrabistacaldeira.com\/wp-content\/uploads\/2024\/01\/IMG_20240112_084103.jpg?fit=900%2C1200&ssl=1&resize=350%2C200","width":350,"height":200,"srcset":"https:\/\/i0.wp.com\/alfarrabistacaldeira.com\/wp-content\/uploads\/2024\/01\/IMG_20240112_084103.jpg?fit=900%2C1200&ssl=1&resize=350%2C200 1x, https:\/\/i0.wp.com\/alfarrabistacaldeira.com\/wp-content\/uploads\/2024\/01\/IMG_20240112_084103.jpg?fit=900%2C1200&ssl=1&resize=525%2C300 1.5x, https:\/\/i0.wp.com\/alfarrabistacaldeira.com\/wp-content\/uploads\/2024\/01\/IMG_20240112_084103.jpg?fit=900%2C1200&ssl=1&resize=700%2C400 2x"},"classes":[]},{"id":25807,"url":"https:\/\/alfarrabistacaldeira.com\/?product=os-solos-da-guine-portuguesa-a-j-da-silva-teixeira","url_meta":{"origin":38755,"position":5},"title":"os solos da Guin\u00e9 Portuguesa A.J. Da silva teixeira","author":"Alfarrabista Caldeira","date":"Dezembro 12, 2024","format":false,"excerpt":"autoresA.J. Da silva teixeirapublica\u00e7\u00e3olisboa 1962descri\u00e7\u00e3o f\u00edsica397 - 182 P\u00c1GINAS ilustrado com fotografias a P\/BINUMEROS MAPAS DESDOBRAVEIS COM MAPAS colec\u00e7\u00e3o\u00a0Estudos, Ensaios e Documentos\u00a0(n\u00ba100, da Junta de Investiga\u00e7\u00f5es do Ultramar.CAPA MOLE","rel":"","context":"Similar post","block_context":{"text":"Similar post","link":""},"img":{"alt_text":"","src":"https:\/\/i0.wp.com\/alfarrabistacaldeira.com\/wp-content\/uploads\/2024\/12\/20241212_172519.jpg?fit=1200%2C900&ssl=1&resize=350%2C200","width":350,"height":200,"srcset":"https:\/\/i0.wp.com\/alfarrabistacaldeira.com\/wp-content\/uploads\/2024\/12\/20241212_172519.jpg?fit=1200%2C900&ssl=1&resize=350%2C200 1x, https:\/\/i0.wp.com\/alfarrabistacaldeira.com\/wp-content\/uploads\/2024\/12\/20241212_172519.jpg?fit=1200%2C900&ssl=1&resize=525%2C300 1.5x, https:\/\/i0.wp.com\/alfarrabistacaldeira.com\/wp-content\/uploads\/2024\/12\/20241212_172519.jpg?fit=1200%2C900&ssl=1&resize=700%2C400 2x, https:\/\/i0.wp.com\/alfarrabistacaldeira.com\/wp-content\/uploads\/2024\/12\/20241212_172519.jpg?fit=1200%2C900&ssl=1&resize=1050%2C600 3x"},"classes":[]}],"_links":{"self":[{"href":"https:\/\/alfarrabistacaldeira.com\/index.php?rest_route=\/wp\/v2\/product\/38755","targetHints":{"allow":["GET"]}}],"collection":[{"href":"https:\/\/alfarrabistacaldeira.com\/index.php?rest_route=\/wp\/v2\/product"}],"about":[{"href":"https:\/\/alfarrabistacaldeira.com\/index.php?rest_route=\/wp\/v2\/types\/product"}],"replies":[{"embeddable":true,"href":"https:\/\/alfarrabistacaldeira.com\/index.php?rest_route=%2Fwp%2Fv2%2Fcomments&post=38755"}],"version-history":[{"count":1,"href":"https:\/\/alfarrabistacaldeira.com\/index.php?rest_route=\/wp\/v2\/product\/38755\/revisions"}],"predecessor-version":[{"id":38760,"href":"https:\/\/alfarrabistacaldeira.com\/index.php?rest_route=\/wp\/v2\/product\/38755\/revisions\/38760"}],"wp:featuredmedia":[{"embeddable":true,"href":"https:\/\/alfarrabistacaldeira.com\/index.php?rest_route=\/wp\/v2\/media\/38756"}],"wp:attachment":[{"href":"https:\/\/alfarrabistacaldeira.com\/index.php?rest_route=%2Fwp%2Fv2%2Fmedia&parent=38755"}],"wp:term":[{"taxonomy":"product_brand","embeddable":true,"href":"https:\/\/alfarrabistacaldeira.com\/index.php?rest_route=%2Fwp%2Fv2%2Fproduct_brand&post=38755"},{"taxonomy":"product_cat","embeddable":true,"href":"https:\/\/alfarrabistacaldeira.com\/index.php?rest_route=%2Fwp%2Fv2%2Fproduct_cat&post=38755"},{"taxonomy":"product_tag","embeddable":true,"href":"https:\/\/alfarrabistacaldeira.com\/index.php?rest_route=%2Fwp%2Fv2%2Fproduct_tag&post=38755"}],"curies":[{"name":"wp","href":"https:\/\/api.w.org\/{rel}","templated":true}]}}