{"id":38602,"date":"2026-03-22T19:16:41","date_gmt":"2026-03-22T19:16:41","guid":{"rendered":"https:\/\/alfarrabistacaldeira.com\/?post_type=product&#038;p=38602"},"modified":"2026-03-22T19:16:47","modified_gmt":"2026-03-22T19:16:47","slug":"mario-de-sa-carneiro-e-os-outros-fernando-j-b-martinho","status":"publish","type":"product","link":"https:\/\/alfarrabistacaldeira.com\/?product=mario-de-sa-carneiro-e-os-outros-fernando-j-b-martinho","title":{"rendered":"M\u00c1RIO DE S\u00c1-CARNEIRO E OS OUTROS FERNANDO J.B.MARTINHO"},"content":{"rendered":"","protected":false},"excerpt":{"rendered":"<p><strong>AUTORES :<\/strong> <span id=\"ctl00_ctl41_g_fe751f36_df83_4e00_af72_fb6d7f868795_ctl00_lblDetalheNome\">Fernando J. B. Martinho<\/span>\u00a0\u00a0 \u00a0<strong>PUBLICA\u00c7\u00c3O:<\/strong> Hiena editora 1990\u00a0 <strong>DESCRI\u00c7\u00c3O FISICA:<\/strong> 91 &#8211;\u00a0 <strong>P\u00c1GINAS\u00a0<\/strong>capa de rui andr\u00e9 <strong>BROCHURA. <\/strong>-Enquanto cr\u00edtico e ensa\u00edsta, dedicou-se especialmente \u00e0 poesia portuguesa contempor\u00e2nea e \u00e0s literaturas africanas de express\u00e3o portuguesa. Teve colabora\u00e7\u00e3o cr\u00edtica e ensa\u00edstica dispersa em publica\u00e7\u00f5es como\u00a0<i>Col\u00f3quio\/Letras<\/i>,\u00a0<i>Revista da Faculdade de Letras<\/i>,\u00a0<i>Rom\u00e2nica<\/i>,\u00a0<i>\u00c1frica<\/i>,\u00a0<i>Persona<\/i>,\u00a0<i>V\u00e9rtice<\/i>,\u00a0<i>JL<\/i>,\u00a0<i>Vis\u00e3o<\/i>,\u00a0<i>Rassegna Iberistica<\/i>,\u00a0<i>Indiana Journal of Hispanic Literatures<\/i>,\u00a0<i>Loreto 13<\/i>,\u00a0<i>Cadernos de Literatura<\/i>,\u00a0<i>World Literature Today<\/i>,\u00a0<i>Reasearch in African Literatures<\/i>,\u00a0<i>Ler<\/i>,\u00a0<i>A Cidade<\/i> e em actas de col\u00f3quios, encontros e congressos.-<\/p>\n","protected":false},"featured_media":38603,"comment_status":"open","ping_status":"closed","template":"","meta":{"advanced_seo_description":"","jetpack_seo_html_title":"","jetpack_seo_noindex":false,"jetpack_post_was_ever_published":false,"jetpack_publicize_message":"","jetpack_publicize_feature_enabled":true,"jetpack_social_post_already_shared":true,"jetpack_social_options":{"image_generator_settings":{"template":"highway","default_image_id":0,"font":"","enabled":false},"version":2},"_wpas_customize_per_network":false},"product_brand":[],"product_cat":[1513],"product_tag":[],"class_list":{"0":"post-38602","1":"product","2":"type-product","3":"status-publish","4":"has-post-thumbnail","6":"product_cat-literatura-portuguesa","8":"first","9":"instock","10":"shipping-taxable","11":"purchasable","12":"product-type-simple"},"jetpack_publicize_connections":[],"jetpack_likes_enabled":true,"jetpack_sharing_enabled":true,"jetpack-related-posts":[{"id":8433,"url":"https:\/\/alfarrabistacaldeira.com\/?product=o-pau-sebo-amandio-cesar-1-a-edicao","url_meta":{"origin":38602,"position":0},"title":"O PAU-SEBO AM\u00c2NDIO C\u00c9SAR 1.\u00aa EDI\u00c7\u00c3O","author":"Alfarrabista Caldeira","date":"Janeiro 16, 2024","format":false,"excerpt":"autoresAM\u00c2NDIO C\u00c9SARpublica\u00e7\u00e3oEDI\u00c7\u00d5ES PANORAMA 1966descri\u00e7\u00e3o f\u00edsica185 \u2013 P\u00c1GINAS CAPA MOLE","rel":"","context":"Similar post","block_context":{"text":"Similar post","link":""},"img":{"alt_text":"","src":"https:\/\/i0.wp.com\/alfarrabistacaldeira.com\/wp-content\/uploads\/2024\/01\/IMG_20240114_215202.jpg?fit=900%2C1200&ssl=1&resize=350%2C200","width":350,"height":200,"srcset":"https:\/\/i0.wp.com\/alfarrabistacaldeira.com\/wp-content\/uploads\/2024\/01\/IMG_20240114_215202.jpg?fit=900%2C1200&ssl=1&resize=350%2C200 1x, https:\/\/i0.wp.com\/alfarrabistacaldeira.com\/wp-content\/uploads\/2024\/01\/IMG_20240114_215202.jpg?fit=900%2C1200&ssl=1&resize=525%2C300 1.5x, https:\/\/i0.wp.com\/alfarrabistacaldeira.com\/wp-content\/uploads\/2024\/01\/IMG_20240114_215202.jpg?fit=900%2C1200&ssl=1&resize=700%2C400 2x"},"classes":[]},{"id":9480,"url":"https:\/\/alfarrabistacaldeira.com\/?product=em-chao-papel-na-terra-da-guine-amandio-cesar","url_meta":{"origin":38602,"position":1},"title":"EM CH\u00c3O PAPEL NA TERRA DA GUIN\u00c9 AM\u00c3NDIO C\u00c9SAR","author":"Alfarrabista Caldeira","date":"Janeiro 23, 2024","format":false,"excerpt":"autoresAM\u00c3NDIO C\u00c9SARpublica\u00e7\u00e3oEdi\u00e7\u00e3o da Ag\u00eancia-Geral do Ultramar 1967descri\u00e7\u00e3o f\u00edsica197 \u2013 P\u00c1GINAS CAPA MOLE","rel":"","context":"Similar post","block_context":{"text":"Similar post","link":""},"img":{"alt_text":"","src":"https:\/\/i0.wp.com\/alfarrabistacaldeira.com\/wp-content\/uploads\/2024\/01\/IMG_20240121_155141.jpg?fit=675%2C1200&ssl=1&resize=350%2C200","width":350,"height":200,"srcset":"https:\/\/i0.wp.com\/alfarrabistacaldeira.com\/wp-content\/uploads\/2024\/01\/IMG_20240121_155141.jpg?fit=675%2C1200&ssl=1&resize=350%2C200 1x, https:\/\/i0.wp.com\/alfarrabistacaldeira.com\/wp-content\/uploads\/2024\/01\/IMG_20240121_155141.jpg?fit=675%2C1200&ssl=1&resize=525%2C300 1.5x"},"classes":[]},{"id":10359,"url":"https:\/\/alfarrabistacaldeira.com\/?product=as-inumeraveis-aguas-nuno-judice-1-a-edicao","url_meta":{"origin":38602,"position":2},"title":"AS INUMER\u00c1VEIS \u00c1GUAS NUNO JUDICE 1.\u00aa EDI\u00c7\u00c3O","author":"Alfarrabista Caldeira","date":"Janeiro 28, 2024","format":false,"excerpt":"autoresNUNO JUDICEpublica\u00e7\u00e3oASSIRIO & ALVIM 1974descri\u00e7\u00e3o f\u00edsica48 \u2013 P\u00c1GINAS CAPA MOLE","rel":"","context":"Similar post","block_context":{"text":"Similar post","link":""},"img":{"alt_text":"","src":"https:\/\/i0.wp.com\/alfarrabistacaldeira.com\/wp-content\/uploads\/2024\/01\/IMG_20240128_142309.jpg?fit=900%2C1200&ssl=1&resize=350%2C200","width":350,"height":200,"srcset":"https:\/\/i0.wp.com\/alfarrabistacaldeira.com\/wp-content\/uploads\/2024\/01\/IMG_20240128_142309.jpg?fit=900%2C1200&ssl=1&resize=350%2C200 1x, https:\/\/i0.wp.com\/alfarrabistacaldeira.com\/wp-content\/uploads\/2024\/01\/IMG_20240128_142309.jpg?fit=900%2C1200&ssl=1&resize=525%2C300 1.5x, https:\/\/i0.wp.com\/alfarrabistacaldeira.com\/wp-content\/uploads\/2024\/01\/IMG_20240128_142309.jpg?fit=900%2C1200&ssl=1&resize=700%2C400 2x"},"classes":[]},{"id":5977,"url":"https:\/\/alfarrabistacaldeira.com\/?product=a-serpente-de-bronze-ernesto-rodrigues-1-a-edicao","url_meta":{"origin":38602,"position":3},"title":"A SERPENTE DE BRONZE ERNESTO RODRIGUES 1.\u00aa EDI\u00c7\u00c3O","author":"Alfarrabista Caldeira","date":"Janeiro 2, 2024","format":false,"excerpt":"autoresERNESTO RODRIGUESpublica\u00e7\u00e3oPUBLICA\u00c7\u00d5ES DOM QUIXOTE 1989descri\u00e7\u00e3o f\u00edsica219 \u2013 P\u00c1GINASCAPA MOLE","rel":"","context":"Similar post","block_context":{"text":"Similar post","link":""},"img":{"alt_text":"","src":"https:\/\/i0.wp.com\/alfarrabistacaldeira.com\/wp-content\/uploads\/2024\/01\/IMG_20240102_100211.jpg?fit=900%2C1200&ssl=1&resize=350%2C200","width":350,"height":200,"srcset":"https:\/\/i0.wp.com\/alfarrabistacaldeira.com\/wp-content\/uploads\/2024\/01\/IMG_20240102_100211.jpg?fit=900%2C1200&ssl=1&resize=350%2C200 1x, https:\/\/i0.wp.com\/alfarrabistacaldeira.com\/wp-content\/uploads\/2024\/01\/IMG_20240102_100211.jpg?fit=900%2C1200&ssl=1&resize=525%2C300 1.5x, https:\/\/i0.wp.com\/alfarrabistacaldeira.com\/wp-content\/uploads\/2024\/01\/IMG_20240102_100211.jpg?fit=900%2C1200&ssl=1&resize=700%2C400 2x"},"classes":[]},{"id":19282,"url":"https:\/\/alfarrabistacaldeira.com\/?product=a-nau-quixiba-alexandre-pinheiro-torres-1-a-edicao","url_meta":{"origin":38602,"position":4},"title":"A NAU QUIXIB\u00c1 ALEXANDRE PINHEIRO TORRES 1.\u00aa EDI\u00c7\u00c3O","author":"Alfarrabista Caldeira","date":"Maio 26, 2024","format":false,"excerpt":"autoresALEXANDRE PINHEIRO TORRESpublica\u00e7\u00e3oMORAES EDITORES 1977descri\u00e7\u00e3o f\u00edsica220 - P\u00c1GINASCIRCULO DE PROSACAPA MOLE","rel":"","context":"Similar post","block_context":{"text":"Similar post","link":""},"img":{"alt_text":"","src":"https:\/\/i0.wp.com\/alfarrabistacaldeira.com\/wp-content\/uploads\/2024\/05\/20240525_210736-rotated.jpg?fit=900%2C1200&ssl=1&resize=350%2C200","width":350,"height":200,"srcset":"https:\/\/i0.wp.com\/alfarrabistacaldeira.com\/wp-content\/uploads\/2024\/05\/20240525_210736-rotated.jpg?fit=900%2C1200&ssl=1&resize=350%2C200 1x, https:\/\/i0.wp.com\/alfarrabistacaldeira.com\/wp-content\/uploads\/2024\/05\/20240525_210736-rotated.jpg?fit=900%2C1200&ssl=1&resize=525%2C300 1.5x, https:\/\/i0.wp.com\/alfarrabistacaldeira.com\/wp-content\/uploads\/2024\/05\/20240525_210736-rotated.jpg?fit=900%2C1200&ssl=1&resize=700%2C400 2x"},"classes":[]},{"id":11099,"url":"https:\/\/alfarrabistacaldeira.com\/?product=imitacao-da-morte-jose-martins-garcia-1-a-edicao","url_meta":{"origin":38602,"position":5},"title":"IMITA\u00c7\u00c3O DA MORTE JOS\u00c9 MARTINS GARCIA 1.\u00aa EDI\u00c7\u00c3O","author":"Alfarrabista Caldeira","date":"Fevereiro 2, 2024","format":false,"excerpt":"autoresJOS\u00c9 MARTINS GARCIApublica\u00e7\u00e3oMORAES EDITORES 1982descri\u00e7\u00e3o f\u00edsica208 \u2013 P\u00c1GINASCAPA MOLE","rel":"","context":"Similar post","block_context":{"text":"Similar post","link":""},"img":{"alt_text":"","src":"https:\/\/i0.wp.com\/alfarrabistacaldeira.com\/wp-content\/uploads\/2024\/02\/IMG_20240202_115754.jpg?fit=900%2C1200&ssl=1&resize=350%2C200","width":350,"height":200,"srcset":"https:\/\/i0.wp.com\/alfarrabistacaldeira.com\/wp-content\/uploads\/2024\/02\/IMG_20240202_115754.jpg?fit=900%2C1200&ssl=1&resize=350%2C200 1x, https:\/\/i0.wp.com\/alfarrabistacaldeira.com\/wp-content\/uploads\/2024\/02\/IMG_20240202_115754.jpg?fit=900%2C1200&ssl=1&resize=525%2C300 1.5x, https:\/\/i0.wp.com\/alfarrabistacaldeira.com\/wp-content\/uploads\/2024\/02\/IMG_20240202_115754.jpg?fit=900%2C1200&ssl=1&resize=700%2C400 2x"},"classes":[]}],"_links":{"self":[{"href":"https:\/\/alfarrabistacaldeira.com\/index.php?rest_route=\/wp\/v2\/product\/38602","targetHints":{"allow":["GET"]}}],"collection":[{"href":"https:\/\/alfarrabistacaldeira.com\/index.php?rest_route=\/wp\/v2\/product"}],"about":[{"href":"https:\/\/alfarrabistacaldeira.com\/index.php?rest_route=\/wp\/v2\/types\/product"}],"replies":[{"embeddable":true,"href":"https:\/\/alfarrabistacaldeira.com\/index.php?rest_route=%2Fwp%2Fv2%2Fcomments&post=38602"}],"version-history":[{"count":1,"href":"https:\/\/alfarrabistacaldeira.com\/index.php?rest_route=\/wp\/v2\/product\/38602\/revisions"}],"predecessor-version":[{"id":38607,"href":"https:\/\/alfarrabistacaldeira.com\/index.php?rest_route=\/wp\/v2\/product\/38602\/revisions\/38607"}],"wp:featuredmedia":[{"embeddable":true,"href":"https:\/\/alfarrabistacaldeira.com\/index.php?rest_route=\/wp\/v2\/media\/38603"}],"wp:attachment":[{"href":"https:\/\/alfarrabistacaldeira.com\/index.php?rest_route=%2Fwp%2Fv2%2Fmedia&parent=38602"}],"wp:term":[{"taxonomy":"product_brand","embeddable":true,"href":"https:\/\/alfarrabistacaldeira.com\/index.php?rest_route=%2Fwp%2Fv2%2Fproduct_brand&post=38602"},{"taxonomy":"product_cat","embeddable":true,"href":"https:\/\/alfarrabistacaldeira.com\/index.php?rest_route=%2Fwp%2Fv2%2Fproduct_cat&post=38602"},{"taxonomy":"product_tag","embeddable":true,"href":"https:\/\/alfarrabistacaldeira.com\/index.php?rest_route=%2Fwp%2Fv2%2Fproduct_tag&post=38602"}],"curies":[{"name":"wp","href":"https:\/\/api.w.org\/{rel}","templated":true}]}}