{"id":38515,"date":"2026-03-20T13:56:42","date_gmt":"2026-03-20T13:56:42","guid":{"rendered":"https:\/\/alfarrabistacaldeira.com\/?post_type=product&#038;p=38515"},"modified":"2026-03-20T13:56:49","modified_gmt":"2026-03-20T13:56:49","slug":"in-novar-e-m-de-melo-e-castro-1-a-edicao","status":"publish","type":"product","link":"https:\/\/alfarrabistacaldeira.com\/?product=in-novar-e-m-de-melo-e-castro-1-a-edicao","title":{"rendered":"IN-NOVAR E.M. DE MELO E CASTRO 1.\u00aa EDI\u00c7\u00c3O"},"content":{"rendered":"","protected":false},"excerpt":{"rendered":"<p><strong>AUTORES :<\/strong> E. M. de Melo e Castro \u00a0 <strong>PUBLICA\u00c7\u00c3O:<\/strong> Pl\u00e1tano editora 1977\u00a0 <strong>DESCRI\u00c7\u00c3O FISICA:<\/strong> 280 &#8211;\u00a0 <strong>P\u00c1GINAS <\/strong>ilustrado com uma fotografia a negro de ken kox <strong>BROCHURA. &#8211; <\/strong>\u00c9 um dos introdutores e mais persistentes animadores do experimentalismo po\u00e9tico em Portugal, seu te\u00f3rico e praticante. \u00c0 sua iniciativa se ficou devendo a publica\u00e7\u00e3o, no\u00a0<i>Jornal do Fund\u00e3o<\/i>\u00a0e no\u00a0<i>Not\u00edcias de Luanda<\/i>, de p\u00e1ginas especiais dedicadas \u00e0 poesia experimental, sendo tamb\u00e9m um dos organizadores do segundo caderno de\u00a0<i>Poesia Experimental<\/i>\u00a0e de outras publica\u00e7\u00f5es de car\u00e1cter vanguardista como\u00a0<i>Hidra<\/i>\u00a0e\u00a0<i>Opera\u00e7\u00e3o I<\/i>.\u00a0<i>Com Ideogramas<\/i>, \u00e9 considerado o introdutor em Portugal da poesia concreta e com\u00a0<i>Roda Lume<\/i> pioneiro da videopoesia. &#8211;<\/p>\n","protected":false},"featured_media":38516,"comment_status":"open","ping_status":"closed","template":"","meta":{"advanced_seo_description":"","jetpack_seo_html_title":"","jetpack_seo_noindex":false,"jetpack_post_was_ever_published":false,"jetpack_publicize_message":"","jetpack_publicize_feature_enabled":true,"jetpack_social_post_already_shared":true,"jetpack_social_options":{"image_generator_settings":{"template":"highway","default_image_id":0,"font":"","enabled":false},"version":2},"_wpas_customize_per_network":false},"product_brand":[],"product_cat":[1562],"product_tag":[],"class_list":{"0":"post-38515","1":"product","2":"type-product","3":"status-publish","4":"has-post-thumbnail","6":"product_cat-poesia-portuguesa","8":"first","9":"instock","10":"shipping-taxable","11":"purchasable","12":"product-type-simple"},"jetpack_publicize_connections":[],"jetpack_likes_enabled":true,"jetpack_sharing_enabled":true,"jetpack-related-posts":[{"id":38714,"url":"https:\/\/alfarrabistacaldeira.com\/?product=resistencia-das-palavras-e-m-de-melo-e-castro-1-o-edicao","url_meta":{"origin":38515,"position":0},"title":"RESIST\u00caNCIA DAS PALAVRAS E.M. DE MELO E CASTRO 1.\u00ba EDI\u00c7\u00c3O","author":"Alfarrabista Caldeira","date":"Mar\u00e7o 25, 2026","format":false,"excerpt":"AUTORES : E.M. DE MELO E CASTRO\u00a0PUBLICA\u00c7\u00c3O: pl\u00e1tano editora 1975\u00a0 DESCRI\u00c7\u00c3O FISICA: 91\u00a0-\u00a0 P\u00c1GINAS\u00a0cadernos sagitario 2 BROCHURA. - \u00c9 um dos introdutores e mais persistentes animadores do experimentalismo po\u00e9tico em Portugal, seu te\u00f3rico e praticante. \u00c0 sua iniciativa se ficou devendo a publica\u00e7\u00e3o, no\u00a0Jornal do Fund\u00e3o\u00a0e no\u00a0Not\u00edcias de Luanda, de\u2026","rel":"","context":"Similar post","block_context":{"text":"Similar post","link":""},"img":{"alt_text":"","src":"https:\/\/i0.wp.com\/alfarrabistacaldeira.com\/wp-content\/uploads\/2026\/03\/1000035249.jpg?fit=1200%2C777&ssl=1&resize=350%2C200","width":350,"height":200,"srcset":"https:\/\/i0.wp.com\/alfarrabistacaldeira.com\/wp-content\/uploads\/2026\/03\/1000035249.jpg?fit=1200%2C777&ssl=1&resize=350%2C200 1x, https:\/\/i0.wp.com\/alfarrabistacaldeira.com\/wp-content\/uploads\/2026\/03\/1000035249.jpg?fit=1200%2C777&ssl=1&resize=525%2C300 1.5x, https:\/\/i0.wp.com\/alfarrabistacaldeira.com\/wp-content\/uploads\/2026\/03\/1000035249.jpg?fit=1200%2C777&ssl=1&resize=700%2C400 2x, https:\/\/i0.wp.com\/alfarrabistacaldeira.com\/wp-content\/uploads\/2026\/03\/1000035249.jpg?fit=1200%2C777&ssl=1&resize=1050%2C600 3x"},"classes":[]},{"id":36882,"url":"https:\/\/alfarrabistacaldeira.com\/?product=mais-exactamente-problemas-antonio-aragao-1-o-edicao","url_meta":{"origin":38515,"position":1},"title":"MAIS EXACTAMENTE PROBLEMAS ANT\u00d3NIO ARAG\u00c3O 1.\u00ba EDI\u00c7\u00c3O","author":"Alfarrabista Caldeira","date":"Fevereiro 10, 2026","format":false,"excerpt":"AUTORES : Ant\u00f3nio Arag\u00e3o\u00a0\u00a0PUBLICA\u00c7\u00c3O:\u00a0Edi\u00e7\u00e3o de autor 1967 DESCRI\u00c7\u00c3O FISICA:\u00a0XII - 44\u00a0-\u00a0\u00a0P\u00c1GINAS\u00a0\u00a0ilustrado com suplementos gr\u00e1ficos\u00a0 BROCHURA. Colec\u00e7\u00e3o- Pedras Brancas\/ 3\u00aa S\u00e9rie\u00a0 ( a ana hatherly , ant\u00f3nio ramos rosa , E.M. de melo e castro , herberto helder)\u00a0 Mais Exacta Mente P(r)o(bl)mas.","rel":"","context":"Similar post","block_context":{"text":"Similar post","link":""},"img":{"alt_text":"","src":"https:\/\/i0.wp.com\/alfarrabistacaldeira.com\/wp-content\/uploads\/2026\/02\/1000032523.jpg?fit=1200%2C961&ssl=1&resize=350%2C200","width":350,"height":200,"srcset":"https:\/\/i0.wp.com\/alfarrabistacaldeira.com\/wp-content\/uploads\/2026\/02\/1000032523.jpg?fit=1200%2C961&ssl=1&resize=350%2C200 1x, https:\/\/i0.wp.com\/alfarrabistacaldeira.com\/wp-content\/uploads\/2026\/02\/1000032523.jpg?fit=1200%2C961&ssl=1&resize=525%2C300 1.5x, https:\/\/i0.wp.com\/alfarrabistacaldeira.com\/wp-content\/uploads\/2026\/02\/1000032523.jpg?fit=1200%2C961&ssl=1&resize=700%2C400 2x, https:\/\/i0.wp.com\/alfarrabistacaldeira.com\/wp-content\/uploads\/2026\/02\/1000032523.jpg?fit=1200%2C961&ssl=1&resize=1050%2C600 3x"},"classes":[]},{"id":38546,"url":"https:\/\/alfarrabistacaldeira.com\/?product=espelho-cego-salette-tavares-1-a-edicao","url_meta":{"origin":38515,"position":2},"title":"ESPELHO CEGO SALETTE TAVARES 1.\u00aa EDI\u00c7\u00c3O","author":"Alfarrabista Caldeira","date":"Mar\u00e7o 20, 2026","format":false,"excerpt":"AUTORES : Salette Tavares\u00a0 \u00a0PUBLICA\u00c7\u00c3O: Edi\u00e7\u00f5es \u00e1tica 1957\u00a0 DESCRI\u00c7\u00c3O FISICA: 81 -\u00a0 P\u00c1GINAS\u00a0primeira livro da autora. BROCHURA. -in\u00edcio de uma das trajet\u00f3rias mais inovadoras da literatura portuguesa do s\u00e9culo XX, fundindo poesia, artes visuais e teoria... -A estreia po\u00e9tica deu-se com Espelho Cego\u00a0(1957), que n\u00e3o se esgota, como refere Fernando\u2026","rel":"","context":"Similar post","block_context":{"text":"Similar post","link":""},"img":{"alt_text":"","src":"https:\/\/i0.wp.com\/alfarrabistacaldeira.com\/wp-content\/uploads\/2026\/03\/1000035006.jpg?fit=809%2C1200&ssl=1&resize=350%2C200","width":350,"height":200,"srcset":"https:\/\/i0.wp.com\/alfarrabistacaldeira.com\/wp-content\/uploads\/2026\/03\/1000035006.jpg?fit=809%2C1200&ssl=1&resize=350%2C200 1x, https:\/\/i0.wp.com\/alfarrabistacaldeira.com\/wp-content\/uploads\/2026\/03\/1000035006.jpg?fit=809%2C1200&ssl=1&resize=525%2C300 1.5x, https:\/\/i0.wp.com\/alfarrabistacaldeira.com\/wp-content\/uploads\/2026\/03\/1000035006.jpg?fit=809%2C1200&ssl=1&resize=700%2C400 2x"},"classes":[]},{"id":13963,"url":"https:\/\/alfarrabistacaldeira.com\/?product=bandarra-artes-e-letras","url_meta":{"origin":38515,"position":3},"title":"BANDARRA ARTES E LETRAS","author":"Alfarrabista Caldeira","date":"Mar\u00e7o 8, 2024","format":false,"excerpt":"autoresV\u00c1RIOS publica\u00e7\u00e3oLISBOA 1961descri\u00e7\u00e3o f\u00edsica96 - P\u00c1GINASN.\u00ba 1 . 2 . 3 colabora\u00e7\u00e3o de Carlos Drummond de Andrade e o aprofundado estudo de E.M. de Melo e Castro \u00abPara a Poesia de Ant\u00f3nio Ramos RosaCAPA MOLE","rel":"","context":"Similar post","block_context":{"text":"Similar post","link":""},"img":{"alt_text":"","src":"https:\/\/i0.wp.com\/alfarrabistacaldeira.com\/wp-content\/uploads\/2024\/03\/20240307_132401-2.jpg?fit=875%2C1200&ssl=1&resize=350%2C200","width":350,"height":200,"srcset":"https:\/\/i0.wp.com\/alfarrabistacaldeira.com\/wp-content\/uploads\/2024\/03\/20240307_132401-2.jpg?fit=875%2C1200&ssl=1&resize=350%2C200 1x, https:\/\/i0.wp.com\/alfarrabistacaldeira.com\/wp-content\/uploads\/2024\/03\/20240307_132401-2.jpg?fit=875%2C1200&ssl=1&resize=525%2C300 1.5x, https:\/\/i0.wp.com\/alfarrabistacaldeira.com\/wp-content\/uploads\/2024\/03\/20240307_132401-2.jpg?fit=875%2C1200&ssl=1&resize=700%2C400 2x"},"classes":[]},{"id":29526,"url":"https:\/\/alfarrabistacaldeira.com\/?product=o-poder-das-piramides-emilio-salas","url_meta":{"origin":38515,"position":4},"title":"O PODER DAS PIR\u00c2MIDES EMILIO SALAS","author":"Alfarrabista Caldeira","date":"Mar\u00e7o 7, 2025","format":false,"excerpt":"autores EMILIO SALAS - ROM\u00c1N CANO\u00a0 \u00a0publica\u00e7\u00e3o litexa portugal 1979 descri\u00e7\u00e3o f\u00edsica 218 -\u00a0 P\u00c1GINAS\u00a0 ilustrado com gravuras brochura contem pir\u00e3mide experimental multicor","rel":"","context":"Similar post","block_context":{"text":"Similar post","link":""},"img":{"alt_text":"","src":"https:\/\/i0.wp.com\/alfarrabistacaldeira.com\/wp-content\/uploads\/2025\/03\/20250304_215322-rotated.jpg?fit=900%2C1200&ssl=1&resize=350%2C200","width":350,"height":200,"srcset":"https:\/\/i0.wp.com\/alfarrabistacaldeira.com\/wp-content\/uploads\/2025\/03\/20250304_215322-rotated.jpg?fit=900%2C1200&ssl=1&resize=350%2C200 1x, https:\/\/i0.wp.com\/alfarrabistacaldeira.com\/wp-content\/uploads\/2025\/03\/20250304_215322-rotated.jpg?fit=900%2C1200&ssl=1&resize=525%2C300 1.5x, https:\/\/i0.wp.com\/alfarrabistacaldeira.com\/wp-content\/uploads\/2025\/03\/20250304_215322-rotated.jpg?fit=900%2C1200&ssl=1&resize=700%2C400 2x"},"classes":[]},{"id":18408,"url":"https:\/\/alfarrabistacaldeira.com\/?product=livros-da-india-antonio-barahona","url_meta":{"origin":38515,"position":5},"title":"LIVROS DA \u00cdNDIA ANT\u00d3NIO BARAHONA","author":"Alfarrabista Caldeira","date":"Maio 12, 2024","format":false,"excerpt":"autoresANT\u00d3NIO BARAHONApublica\u00e7\u00e3oINCM 1984descri\u00e7\u00e3o f\u00edsica119 - P\u00c1GINASCAPA MOLE","rel":"","context":"Similar post","block_context":{"text":"Similar post","link":""},"img":{"alt_text":"","src":"https:\/\/i0.wp.com\/alfarrabistacaldeira.com\/wp-content\/uploads\/2024\/05\/20240512_153038-rotated.jpg?fit=900%2C1200&ssl=1&resize=350%2C200","width":350,"height":200,"srcset":"https:\/\/i0.wp.com\/alfarrabistacaldeira.com\/wp-content\/uploads\/2024\/05\/20240512_153038-rotated.jpg?fit=900%2C1200&ssl=1&resize=350%2C200 1x, https:\/\/i0.wp.com\/alfarrabistacaldeira.com\/wp-content\/uploads\/2024\/05\/20240512_153038-rotated.jpg?fit=900%2C1200&ssl=1&resize=525%2C300 1.5x, https:\/\/i0.wp.com\/alfarrabistacaldeira.com\/wp-content\/uploads\/2024\/05\/20240512_153038-rotated.jpg?fit=900%2C1200&ssl=1&resize=700%2C400 2x"},"classes":[]}],"_links":{"self":[{"href":"https:\/\/alfarrabistacaldeira.com\/index.php?rest_route=\/wp\/v2\/product\/38515","targetHints":{"allow":["GET"]}}],"collection":[{"href":"https:\/\/alfarrabistacaldeira.com\/index.php?rest_route=\/wp\/v2\/product"}],"about":[{"href":"https:\/\/alfarrabistacaldeira.com\/index.php?rest_route=\/wp\/v2\/types\/product"}],"replies":[{"embeddable":true,"href":"https:\/\/alfarrabistacaldeira.com\/index.php?rest_route=%2Fwp%2Fv2%2Fcomments&post=38515"}],"version-history":[{"count":1,"href":"https:\/\/alfarrabistacaldeira.com\/index.php?rest_route=\/wp\/v2\/product\/38515\/revisions"}],"predecessor-version":[{"id":38521,"href":"https:\/\/alfarrabistacaldeira.com\/index.php?rest_route=\/wp\/v2\/product\/38515\/revisions\/38521"}],"wp:featuredmedia":[{"embeddable":true,"href":"https:\/\/alfarrabistacaldeira.com\/index.php?rest_route=\/wp\/v2\/media\/38516"}],"wp:attachment":[{"href":"https:\/\/alfarrabistacaldeira.com\/index.php?rest_route=%2Fwp%2Fv2%2Fmedia&parent=38515"}],"wp:term":[{"taxonomy":"product_brand","embeddable":true,"href":"https:\/\/alfarrabistacaldeira.com\/index.php?rest_route=%2Fwp%2Fv2%2Fproduct_brand&post=38515"},{"taxonomy":"product_cat","embeddable":true,"href":"https:\/\/alfarrabistacaldeira.com\/index.php?rest_route=%2Fwp%2Fv2%2Fproduct_cat&post=38515"},{"taxonomy":"product_tag","embeddable":true,"href":"https:\/\/alfarrabistacaldeira.com\/index.php?rest_route=%2Fwp%2Fv2%2Fproduct_tag&post=38515"}],"curies":[{"name":"wp","href":"https:\/\/api.w.org\/{rel}","templated":true}]}}