{"id":38468,"date":"2026-03-18T21:42:11","date_gmt":"2026-03-18T21:42:11","guid":{"rendered":"https:\/\/alfarrabistacaldeira.com\/?post_type=product&#038;p=38468"},"modified":"2026-03-18T22:11:57","modified_gmt":"2026-03-18T22:11:57","slug":"o-cantico-do-pais-emerso-natalia-correia-1-a-edicao","status":"publish","type":"product","link":"https:\/\/alfarrabistacaldeira.com\/produto\/o-cantico-do-pais-emerso-natalia-correia-1-a-edicao\/","title":{"rendered":"O C\u00c2NTICO DO PA\u00cdS EMERSO NAT\u00c1LIA CORREIA 1.\u00aa EDI\u00c7\u00c3O"},"content":{"rendered":"","protected":false},"excerpt":{"rendered":"<p><strong>AUTORES :<\/strong> Nat\u00e1lia Correia <strong>PUBLICA\u00c7\u00c3O:<\/strong> Contraponto 1961\u00a0 <strong>DESCRI\u00c7\u00c3O FISICA:<\/strong> 37 &#8211;\u00a0 <strong>P\u00c1GINAS\u00a0<\/strong>com assinatura de posse. <strong>BROCHURA. &#8211;<\/strong>Nat\u00e1lia Correia, cuja escrita alguns cr\u00edticos classificaram como surrealista, outros como barroca e outros, ainda, como rom\u00e2ntica (entre todas, a classifica\u00e7\u00e3o preferida pela pr\u00f3pria), foi na verdade uma escritora cuja originalidade e versatilidade n\u00e3o podem ser compartimentadas em qualquer escola liter\u00e1ria. Estudiosa do Cancioneiro Medieval, e adaptadora para portugu\u00eas moderno dos\u00a0<i>Cantares dos Trovadores Galego-Portugueses<\/i>, organizou uma\u00a0<i>Antologia da Poesia do Per\u00edodo Barroco<\/i>; em ambos os per\u00edodos liter\u00e1rios buscou inspira\u00e7\u00e3o, mas n\u00e3o deixou de introduzir nos poemas da sua lavra um singular talento e uma peculiar express\u00e3o po\u00e9tica, a que n\u00e3o \u00e9 alheia a h\u00e1bil utiliza\u00e7\u00e3o de figuras de estilo como a met\u00e1fora, os paralelismos e as repeti\u00e7\u00f5es. Por outro lado, a ironia e o sarcasmo, as associa\u00e7\u00f5es f\u00f3nicas e imag\u00e9ticas, aproximam-na do surrealismo, sem que a sua poesia deixe de ter um toque de originalidade que n\u00e3o pode sofrer compara\u00e7\u00e3o com outras express\u00f5es do movimento surrealista portugu\u00eas.-<\/p>\n","protected":false},"featured_media":38469,"comment_status":"open","ping_status":"closed","template":"","meta":{"advanced_seo_description":"","jetpack_seo_html_title":"","jetpack_seo_noindex":false,"jetpack_post_was_ever_published":false,"jetpack_publicize_message":"","jetpack_publicize_feature_enabled":true,"jetpack_social_post_already_shared":true,"jetpack_social_options":{"image_generator_settings":{"template":"highway","default_image_id":0,"font":"","enabled":false},"version":2},"_wpas_customize_per_network":false},"product_brand":[],"product_cat":[1562],"product_tag":[],"class_list":{"0":"post-38468","1":"product","2":"type-product","3":"status-publish","4":"has-post-thumbnail","6":"product_cat-poesia-portuguesa","8":"first","9":"instock","10":"featured","11":"shipping-taxable","12":"purchasable","13":"product-type-simple"},"jetpack_publicize_connections":[],"jetpack_likes_enabled":true,"jetpack_sharing_enabled":true,"jetpack-related-posts":[{"id":38683,"url":"https:\/\/alfarrabistacaldeira.com\/produto\/as-macas-de-orestes-natalia-correia-1-a-edicao\/","url_meta":{"origin":38468,"position":0},"title":"AS MA\u00c7AS DE ORESTES NAT\u00c1LIA CORREIA 1.\u00aa EDI\u00c7\u00c3O","author":"Alfarrabista Caldeira","date":"Mar\u00e7o 24, 2026","format":false,"excerpt":"AUTORES : Nat\u00e1lia Correia\u00a0PUBLICA\u00c7\u00c3O: publica\u00e7\u00f5es dom quixote 1970\u00a0 DESCRI\u00c7\u00c3O FISICA: 121 -\u00a0 P\u00c1GINAS\u00a0com assinatura de posse\u00a0-\u00a0cadernos de poesia 13 BROCHURA.\u00a0 - Nat\u00e1lia Correia, cuja escrita alguns cr\u00edticos classificaram como surrealista, outros como barroca e outros, ainda, como rom\u00e2ntica (entre todas, a classifica\u00e7\u00e3o preferida pela pr\u00f3pria), foi na verdade uma escritora\u2026","rel":"","context":"Similar post","block_context":{"text":"Similar post","link":""},"img":{"alt_text":"","src":"https:\/\/i0.wp.com\/alfarrabistacaldeira.com\/wp-content\/uploads\/2026\/03\/1000035156.jpg?fit=731%2C1200&ssl=1&resize=350%2C200","width":350,"height":200,"srcset":"https:\/\/i0.wp.com\/alfarrabistacaldeira.com\/wp-content\/uploads\/2026\/03\/1000035156.jpg?fit=731%2C1200&ssl=1&resize=350%2C200 1x, https:\/\/i0.wp.com\/alfarrabistacaldeira.com\/wp-content\/uploads\/2026\/03\/1000035156.jpg?fit=731%2C1200&ssl=1&resize=525%2C300 1.5x, https:\/\/i0.wp.com\/alfarrabistacaldeira.com\/wp-content\/uploads\/2026\/03\/1000035156.jpg?fit=731%2C1200&ssl=1&resize=700%2C400 2x"},"classes":[]},{"id":38506,"url":"https:\/\/alfarrabistacaldeira.com\/produto\/antologia-de-poesia-portuguesa-erotica-e-satirica-natalia-correia\/","url_meta":{"origin":38468,"position":1},"title":"ANTOLOGIA DE POESIA PORTUGUESA ER\u00d3TICA E SAT\u00cdRICA NAT\u00c1LIA CORREIA","author":"Alfarrabista Caldeira","date":"Mar\u00e7o 20, 2026","format":false,"excerpt":"AUTORES : Nat\u00e1lia correia ( sele\u00e7\u00e3o , pref\u00e1cio e notas )\u00a0 \u00a0PUBLICA\u00c7\u00c3O: ponto de fuga 2019\u00a0 DESCRI\u00c7\u00c3O FISICA: 559 -\u00a0 P\u00c1GINAS\u00a0ilustra\u00e7\u00f5es de cruzeiro seixas mais fotografias e documentos a negro BROCHURA. ninclui tamb\u00e9m novos textos introdut\u00f3rios e reprodu\u00e7\u00f5es de documentos que contextualizam um marco hist\u00f3rico","rel":"","context":"Similar post","block_context":{"text":"Similar post","link":""},"img":{"alt_text":"","src":"https:\/\/i0.wp.com\/alfarrabistacaldeira.com\/wp-content\/uploads\/2026\/03\/1000034976.jpg?fit=783%2C1200&ssl=1&resize=350%2C200","width":350,"height":200,"srcset":"https:\/\/i0.wp.com\/alfarrabistacaldeira.com\/wp-content\/uploads\/2026\/03\/1000034976.jpg?fit=783%2C1200&ssl=1&resize=350%2C200 1x, https:\/\/i0.wp.com\/alfarrabistacaldeira.com\/wp-content\/uploads\/2026\/03\/1000034976.jpg?fit=783%2C1200&ssl=1&resize=525%2C300 1.5x, https:\/\/i0.wp.com\/alfarrabistacaldeira.com\/wp-content\/uploads\/2026\/03\/1000034976.jpg?fit=783%2C1200&ssl=1&resize=700%2C400 2x"},"classes":[]},{"id":21742,"url":"https:\/\/alfarrabistacaldeira.com\/produto\/pao-nosso-periodico-republicano-e-anticlerical\/","url_meta":{"origin":38468,"position":2},"title":"P\u00c3O NOSSO PERI\u00d3DICO REPUBLICANO E ANTICLERICAL","author":"Alfarrabista Caldeira","date":"Julho 31, 2024","format":false,"excerpt":"autoresP\u00c1DUA CORREIA publica\u00e7\u00e3oPORTO 1910descri\u00e7\u00e3o f\u00edsicaN.\u00ba 1 ao 23 368 p\u00e1ginascole\u00e7\u00e3o completarefer\u00eancias \u00e0 Carbon\u00e1ria, cuja exist\u00eancia justifica, e \u00e0 utiliza\u00e7\u00e3o de bombasImportante para a reconstitui\u00e7\u00e3o da hist\u00f3ria da \u00e9poca que antecedeu a implanta\u00e7\u00e3oda Rep\u00fablica. \u00c9 uma publica\u00e7\u00e3o pol\u00edtica, inteiramente redigida por P\u00e1dua Correia, um dos principaisdinamizadores da propaganda republicana no Minho,\u2026","rel":"","context":"Similar post","block_context":{"text":"Similar post","link":""},"img":{"alt_text":"","src":"https:\/\/i0.wp.com\/alfarrabistacaldeira.com\/wp-content\/uploads\/2024\/07\/20240731_152036-rotated.jpg?fit=900%2C1200&ssl=1&resize=350%2C200","width":350,"height":200,"srcset":"https:\/\/i0.wp.com\/alfarrabistacaldeira.com\/wp-content\/uploads\/2024\/07\/20240731_152036-rotated.jpg?fit=900%2C1200&ssl=1&resize=350%2C200 1x, https:\/\/i0.wp.com\/alfarrabistacaldeira.com\/wp-content\/uploads\/2024\/07\/20240731_152036-rotated.jpg?fit=900%2C1200&ssl=1&resize=525%2C300 1.5x, https:\/\/i0.wp.com\/alfarrabistacaldeira.com\/wp-content\/uploads\/2024\/07\/20240731_152036-rotated.jpg?fit=900%2C1200&ssl=1&resize=700%2C400 2x"},"classes":[]},{"id":32839,"url":"https:\/\/alfarrabistacaldeira.com\/produto\/antologia-de-poesia-acoriana-do-seculo-xviii-a-1975-pedro-da-silveira\/","url_meta":{"origin":38468,"position":3},"title":"ANTOLOGIA DE POESIA A\u00c7ORIANA DO S\u00c9CULO XVIII A 1975 PEDRO DA SILVEIRA","author":"Alfarrabista Caldeira","date":"Julho 10, 2025","format":false,"excerpt":"autores PEDRO DA SILVEIRA ( sele\u00e7\u00e3o pref\u00e1cio e notas)\u00a0 publica\u00e7\u00e3o Livraria s\u00e1 da costa 1977 descri\u00e7\u00e3o f\u00edsica 356 -\u00a0 P\u00c1GINAS cole\u00e7\u00e3o vozes do mundo\u00a0 Brochura antero de quental , nat\u00e1lia correia , vitorino nem\u00e9sio , jos\u00e9 ant\u00f3nio cam\u00f5es , d. frei alexandre da sagrada familia (entre outros ...)\u00a0 capa de\u2026","rel":"","context":"Similar post","block_context":{"text":"Similar post","link":""},"img":{"alt_text":"","src":"https:\/\/i0.wp.com\/alfarrabistacaldeira.com\/wp-content\/uploads\/2025\/07\/20250710_152859.jpg?fit=900%2C1200&ssl=1&resize=350%2C200","width":350,"height":200,"srcset":"https:\/\/i0.wp.com\/alfarrabistacaldeira.com\/wp-content\/uploads\/2025\/07\/20250710_152859.jpg?fit=900%2C1200&ssl=1&resize=350%2C200 1x, https:\/\/i0.wp.com\/alfarrabistacaldeira.com\/wp-content\/uploads\/2025\/07\/20250710_152859.jpg?fit=900%2C1200&ssl=1&resize=525%2C300 1.5x, https:\/\/i0.wp.com\/alfarrabistacaldeira.com\/wp-content\/uploads\/2025\/07\/20250710_152859.jpg?fit=900%2C1200&ssl=1&resize=700%2C400 2x"},"classes":[]},{"id":33728,"url":"https:\/\/alfarrabistacaldeira.com\/produto\/rectrospectiva-lima-de-freitas\/","url_meta":{"origin":38468,"position":4},"title":"RECTROSPECTIVA LIMA DE FREITAS","author":"Alfarrabista Caldeira","date":"Agosto 7, 2025","format":false,"excerpt":"AUTORES\u00a0 LIMA DE FREITAS PUBLICA\u00c7\u00c3O\u00a0 Sociedade nacional de belas artes 1972 DESCRI\u00c7\u00c3O FISICA\u00a0 8 \u20133 P\u00c1GINAS ilustrado com fotografias a cores e negro BROCHURA texto de Nat\u00e1lia Correia","rel":"","context":"Similar post","block_context":{"text":"Similar post","link":""},"img":{"alt_text":"","src":"https:\/\/i0.wp.com\/alfarrabistacaldeira.com\/wp-content\/uploads\/2025\/08\/20250805_185356.jpg?fit=1016%2C1200&ssl=1&resize=350%2C200","width":350,"height":200,"srcset":"https:\/\/i0.wp.com\/alfarrabistacaldeira.com\/wp-content\/uploads\/2025\/08\/20250805_185356.jpg?fit=1016%2C1200&ssl=1&resize=350%2C200 1x, https:\/\/i0.wp.com\/alfarrabistacaldeira.com\/wp-content\/uploads\/2025\/08\/20250805_185356.jpg?fit=1016%2C1200&ssl=1&resize=525%2C300 1.5x, https:\/\/i0.wp.com\/alfarrabistacaldeira.com\/wp-content\/uploads\/2025\/08\/20250805_185356.jpg?fit=1016%2C1200&ssl=1&resize=700%2C400 2x"},"classes":[]},{"id":38977,"url":"https:\/\/alfarrabistacaldeira.com\/produto\/in-memoriam-de-jose-regio-1-a-edicao\/","url_meta":{"origin":38468,"position":5},"title":"IN MEMORIAM DE JOS\u00c9 R\u00c9GIO 1.\u00aa EDI\u00c7\u00c3O","author":"Alfarrabista Caldeira","date":"Abril 6, 2026","format":false,"excerpt":"AUTORES :\u00a0Jos\u00e9 r\u00e9gio\u00a0\u00a0PUBLICA\u00c7\u00c3O: brasilia editora porto 1970\u00a0 DESCRI\u00c7\u00c3O FISICA: 558 -\u00a0 \u00a0P\u00c1GINAS\u00a0ilustrado com fotografias a negro retratos - frontisp\u00edcios - manuscritos\u00a0 \u00a0BROCHURA.\u00a0 - testemunhos de Adolfo Casais Monteiro, Agustina Bessa-Luis, Alberto de Serpa, Ana Hatherly, Couto Viana, Jo\u00e3o de Ara\u00fajo Correia, Jo\u00e3o Gaspar Sim\u00f5es, Jorge de Sena, Jos\u00e9-Augusto Fran\u00e7a, Jos\u00e9\u2026","rel":"","context":"Similar post","block_context":{"text":"Similar post","link":""},"img":{"alt_text":"","src":"https:\/\/i0.wp.com\/alfarrabistacaldeira.com\/wp-content\/uploads\/2026\/04\/1000036094.jpg?fit=847%2C1200&ssl=1&resize=350%2C200","width":350,"height":200,"srcset":"https:\/\/i0.wp.com\/alfarrabistacaldeira.com\/wp-content\/uploads\/2026\/04\/1000036094.jpg?fit=847%2C1200&ssl=1&resize=350%2C200 1x, https:\/\/i0.wp.com\/alfarrabistacaldeira.com\/wp-content\/uploads\/2026\/04\/1000036094.jpg?fit=847%2C1200&ssl=1&resize=525%2C300 1.5x, https:\/\/i0.wp.com\/alfarrabistacaldeira.com\/wp-content\/uploads\/2026\/04\/1000036094.jpg?fit=847%2C1200&ssl=1&resize=700%2C400 2x"},"classes":[]}],"_links":{"self":[{"href":"https:\/\/alfarrabistacaldeira.com\/wp-json\/wp\/v2\/product\/38468","targetHints":{"allow":["GET"]}}],"collection":[{"href":"https:\/\/alfarrabistacaldeira.com\/wp-json\/wp\/v2\/product"}],"about":[{"href":"https:\/\/alfarrabistacaldeira.com\/wp-json\/wp\/v2\/types\/product"}],"replies":[{"embeddable":true,"href":"https:\/\/alfarrabistacaldeira.com\/wp-json\/wp\/v2\/comments?post=38468"}],"version-history":[{"count":1,"href":"https:\/\/alfarrabistacaldeira.com\/wp-json\/wp\/v2\/product\/38468\/revisions"}],"predecessor-version":[{"id":38474,"href":"https:\/\/alfarrabistacaldeira.com\/wp-json\/wp\/v2\/product\/38468\/revisions\/38474"}],"wp:featuredmedia":[{"embeddable":true,"href":"https:\/\/alfarrabistacaldeira.com\/wp-json\/wp\/v2\/media\/38469"}],"wp:attachment":[{"href":"https:\/\/alfarrabistacaldeira.com\/wp-json\/wp\/v2\/media?parent=38468"}],"wp:term":[{"taxonomy":"product_brand","embeddable":true,"href":"https:\/\/alfarrabistacaldeira.com\/wp-json\/wp\/v2\/product_brand?post=38468"},{"taxonomy":"product_cat","embeddable":true,"href":"https:\/\/alfarrabistacaldeira.com\/wp-json\/wp\/v2\/product_cat?post=38468"},{"taxonomy":"product_tag","embeddable":true,"href":"https:\/\/alfarrabistacaldeira.com\/wp-json\/wp\/v2\/product_tag?post=38468"}],"curies":[{"name":"wp","href":"https:\/\/api.w.org\/{rel}","templated":true}]}}