{"id":33594,"date":"2025-08-04T18:48:47","date_gmt":"2025-08-04T17:48:47","guid":{"rendered":"https:\/\/alfarrabistacaldeira.com\/?post_type=product&#038;p=33594"},"modified":"2025-08-04T18:48:47","modified_gmt":"2025-08-04T17:48:47","slug":"portugal-e-o-socialismo-oliveira-martins","status":"publish","type":"product","link":"https:\/\/alfarrabistacaldeira.com\/?product=portugal-e-o-socialismo-oliveira-martins","title":{"rendered":"PORTUGAL E O SOCIALISMO OLIVEIRA MARTINS"},"content":{"rendered":"","protected":false},"excerpt":{"rendered":"<p><strong>autores<\/strong>\u00a0OLIVEIRA MARTINS\u00a0<strong>publica\u00e7\u00e3o<\/strong> Guim\u00e3res &amp; editores 1953 <strong>descri\u00e7\u00e3o f\u00edsica<\/strong> 231 \u2013\u00a0 <strong>P\u00c1GINAS<\/strong>\u00a0 exame constitucional na sociedade portuguesa e sua reorganiza\u00e7\u00e3o pelo socialismo<strong>\u00a0encaderna\u00e7\u00e3o meia francesa\u00a0<\/strong>em pele e nervuras gravadas a ouro<\/p>\n","protected":false},"featured_media":33595,"comment_status":"open","ping_status":"closed","template":"","meta":{"advanced_seo_description":"","jetpack_seo_html_title":"","jetpack_seo_noindex":false,"jetpack_post_was_ever_published":false,"jetpack_publicize_message":"","jetpack_publicize_feature_enabled":true,"jetpack_social_post_already_shared":true,"jetpack_social_options":{"image_generator_settings":{"template":"highway","default_image_id":0,"font":"","enabled":false},"version":2},"_wpas_customize_per_network":false},"product_brand":[],"product_cat":[1513,1571],"product_tag":[],"class_list":{"0":"post-33594","1":"product","2":"type-product","3":"status-publish","4":"has-post-thumbnail","6":"product_cat-literatura-portuguesa","7":"product_cat-memorias","9":"first","10":"instock","11":"shipping-taxable","12":"purchasable","13":"product-type-simple"},"jetpack_publicize_connections":[],"jetpack_likes_enabled":true,"jetpack_sharing_enabled":true,"jetpack-related-posts":[{"id":33520,"url":"https:\/\/alfarrabistacaldeira.com\/?product=historia-da-republica-romana-oliveira-martins","url_meta":{"origin":33594,"position":0},"title":"HIST\u00d3RIA DA REP\u00daBLICA ROMANA OLIVEIRA MARTINS","author":"Alfarrabista Caldeira","date":"Agosto 1, 2025","format":false,"excerpt":"autores OLIVEIRA MARTINS publica\u00e7\u00e3o Guim\u00e3res & editores 1952 descri\u00e7\u00e3o f\u00edsica 327 \u2013 280 - 306 P\u00c1GINAS\u00a0 3 volumes completo \u00a0encaderna\u00e7\u00e3o meia francesa em pele e nervuras gravadas a ouro","rel":"","context":"Similar post","block_context":{"text":"Similar post","link":""},"img":{"alt_text":"","src":"https:\/\/i0.wp.com\/alfarrabistacaldeira.com\/wp-content\/uploads\/2025\/08\/20250801_184237-rotated.jpg?fit=900%2C1200&ssl=1&resize=350%2C200","width":350,"height":200,"srcset":"https:\/\/i0.wp.com\/alfarrabistacaldeira.com\/wp-content\/uploads\/2025\/08\/20250801_184237-rotated.jpg?fit=900%2C1200&ssl=1&resize=350%2C200 1x, https:\/\/i0.wp.com\/alfarrabistacaldeira.com\/wp-content\/uploads\/2025\/08\/20250801_184237-rotated.jpg?fit=900%2C1200&ssl=1&resize=525%2C300 1.5x, https:\/\/i0.wp.com\/alfarrabistacaldeira.com\/wp-content\/uploads\/2025\/08\/20250801_184237-rotated.jpg?fit=900%2C1200&ssl=1&resize=700%2C400 2x"},"classes":[]},{"id":36769,"url":"https:\/\/alfarrabistacaldeira.com\/?product=os-filhos-de-d-joao-i-j-p-oliveira-martins","url_meta":{"origin":33594,"position":1},"title":"OS FILHOS DE D. JO\u00c3O I J.P. OLIVEIRA MARTINS","author":"Alfarrabista Caldeira","date":"Fevereiro 5, 2026","format":false,"excerpt":"AUTORES : Oliveira Martins\u00a0PUBLICA\u00c7\u00c3O:\u00a0Edi\u00e7\u00f5es S.I.T. Lisboa 1947 DESCRI\u00c7\u00c3O FISICA:\u00a0 - 435 P\u00c1GINAS\u00a0 -al\u00e9m dos desaires de D. Duarte e dos sonhos de conquista do Infante D. Henrique, trazendo para os holofotes os irm\u00e3os mais esquecidos como o Infante D. Jo\u00e3o, av\u00f4 de D. Manuel I ou a Duquesa da Borgonha\u2026","rel":"","context":"Similar post","block_context":{"text":"Similar post","link":""},"img":{"alt_text":"","src":"https:\/\/i0.wp.com\/alfarrabistacaldeira.com\/wp-content\/uploads\/2026\/02\/1000032258.jpg?fit=1200%2C900&ssl=1&resize=350%2C200","width":350,"height":200,"srcset":"https:\/\/i0.wp.com\/alfarrabistacaldeira.com\/wp-content\/uploads\/2026\/02\/1000032258.jpg?fit=1200%2C900&ssl=1&resize=350%2C200 1x, https:\/\/i0.wp.com\/alfarrabistacaldeira.com\/wp-content\/uploads\/2026\/02\/1000032258.jpg?fit=1200%2C900&ssl=1&resize=525%2C300 1.5x, https:\/\/i0.wp.com\/alfarrabistacaldeira.com\/wp-content\/uploads\/2026\/02\/1000032258.jpg?fit=1200%2C900&ssl=1&resize=700%2C400 2x, https:\/\/i0.wp.com\/alfarrabistacaldeira.com\/wp-content\/uploads\/2026\/02\/1000032258.jpg?fit=1200%2C900&ssl=1&resize=1050%2C600 3x"},"classes":[]},{"id":33642,"url":"https:\/\/alfarrabistacaldeira.com\/?product=camoes-oliveira-martins","url_meta":{"origin":33594,"position":2},"title":"CAM\u00d5ES OLIVEIRA MARTINS","author":"Alfarrabista Caldeira","date":"Agosto 5, 2025","format":false,"excerpt":"autores\u00a0OLIVEIRA MARTINS\u00a0publica\u00e7\u00e3o Guim\u00e3res & editores 1952 descri\u00e7\u00e3o f\u00edsica 324 \u2013\u00a0 P\u00c1GINAS\u00a0 os lusiadas e a renascen\u00e7a em portugal\u00a0encaderna\u00e7\u00e3o meia francesa\u00a0em pele e nervuras gravadas a ouro","rel":"","context":"Similar post","block_context":{"text":"Similar post","link":""},"img":{"alt_text":"","src":"https:\/\/i0.wp.com\/alfarrabistacaldeira.com\/wp-content\/uploads\/2025\/08\/20250803_175615.jpg?fit=900%2C1200&ssl=1&resize=350%2C200","width":350,"height":200,"srcset":"https:\/\/i0.wp.com\/alfarrabistacaldeira.com\/wp-content\/uploads\/2025\/08\/20250803_175615.jpg?fit=900%2C1200&ssl=1&resize=350%2C200 1x, https:\/\/i0.wp.com\/alfarrabistacaldeira.com\/wp-content\/uploads\/2025\/08\/20250803_175615.jpg?fit=900%2C1200&ssl=1&resize=525%2C300 1.5x, https:\/\/i0.wp.com\/alfarrabistacaldeira.com\/wp-content\/uploads\/2025\/08\/20250803_175615.jpg?fit=900%2C1200&ssl=1&resize=700%2C400 2x"},"classes":[]},{"id":15441,"url":"https:\/\/alfarrabistacaldeira.com\/?product=os-filhos-de-d-joao-i-oliveira-martins","url_meta":{"origin":33594,"position":3},"title":"OS FILHOS DE D.JO\u00c3O I OLIVEIRA MARTINS","author":"Alfarrabista Caldeira","date":"Mar\u00e7o 30, 2024","format":false,"excerpt":"autoresOLIVEIRA MARTINSpublica\u00e7\u00e3oGUIMARAES EDITORES 1983descri\u00e7\u00e3o f\u00edsica346 \u2013 P\u00c1GINAShist\u00f3ria sobre os infantes de Avis e os momentos que mais marcaram o Reinado de D. Jo\u00e3oCAPA MOLE","rel":"","context":"Similar post","block_context":{"text":"Similar post","link":""},"img":{"alt_text":"","src":"https:\/\/i0.wp.com\/alfarrabistacaldeira.com\/wp-content\/uploads\/2024\/03\/20240326_211405-rotated.jpg?fit=900%2C1200&ssl=1&resize=350%2C200","width":350,"height":200,"srcset":"https:\/\/i0.wp.com\/alfarrabistacaldeira.com\/wp-content\/uploads\/2024\/03\/20240326_211405-rotated.jpg?fit=900%2C1200&ssl=1&resize=350%2C200 1x, https:\/\/i0.wp.com\/alfarrabistacaldeira.com\/wp-content\/uploads\/2024\/03\/20240326_211405-rotated.jpg?fit=900%2C1200&ssl=1&resize=525%2C300 1.5x, https:\/\/i0.wp.com\/alfarrabistacaldeira.com\/wp-content\/uploads\/2024\/03\/20240326_211405-rotated.jpg?fit=900%2C1200&ssl=1&resize=700%2C400 2x"},"classes":[]},{"id":17792,"url":"https:\/\/alfarrabistacaldeira.com\/?product=povoamento-e-promocao-social-em-africa-hermes-de-araujo-oliveira","url_meta":{"origin":33594,"position":4},"title":"POVOAMENTO E PROMO\u00c7\u00c3O SOCIAL EM \u00c1FRICA HERMES DE ARA\u00daJO OLIVEIRA","author":"Alfarrabista Caldeira","date":"Maio 8, 2024","format":false,"excerpt":"autoresHERMES DE ARA\u00daJO OLIVEIRApublica\u00e7\u00e3oFAMALIC\u00c3O 1971descri\u00e7\u00e3o f\u00edsica87 - P\u00c1GINAS exemplar numero 362 CAPA MOLE","rel":"","context":"Similar post","block_context":{"text":"Similar post","link":""},"img":{"alt_text":"","src":"https:\/\/i0.wp.com\/alfarrabistacaldeira.com\/wp-content\/uploads\/2024\/05\/20240508_151641-rotated.jpg?fit=900%2C1200&ssl=1&resize=350%2C200","width":350,"height":200,"srcset":"https:\/\/i0.wp.com\/alfarrabistacaldeira.com\/wp-content\/uploads\/2024\/05\/20240508_151641-rotated.jpg?fit=900%2C1200&ssl=1&resize=350%2C200 1x, https:\/\/i0.wp.com\/alfarrabistacaldeira.com\/wp-content\/uploads\/2024\/05\/20240508_151641-rotated.jpg?fit=900%2C1200&ssl=1&resize=525%2C300 1.5x, https:\/\/i0.wp.com\/alfarrabistacaldeira.com\/wp-content\/uploads\/2024\/05\/20240508_151641-rotated.jpg?fit=900%2C1200&ssl=1&resize=700%2C400 2x"},"classes":[]},{"id":37427,"url":"https:\/\/alfarrabistacaldeira.com\/?product=portugal-do-renascimento-a-crise-dinastica-joel-serrao","url_meta":{"origin":33594,"position":5},"title":"PORTUGAL DO RENASCIMENTO \u00c1 CRISE DIN\u00c1STICA JOEL SERR\u00c3O","author":"Alfarrabista Caldeira","date":"Fevereiro 19, 2026","format":false,"excerpt":"AUTORES :\u00a0Joel Serr\u00e3o\u00a0- A.H. de oliveira martins\u00a0PUBLICA\u00c7\u00c3O:\u00a0editorial presen\u00e7a 1998\u00a0 \u00a0DESCRI\u00c7\u00c3O FISICA: 910 -\u00a0 P\u00c1GINAS\u00a0 .ilustrado com fotografia a cores e negro BROCHURA .\u00a0nova hist\u00f3ria de portugal V","rel":"","context":"Similar post","block_context":{"text":"Similar post","link":""},"img":{"alt_text":"","src":"https:\/\/i0.wp.com\/alfarrabistacaldeira.com\/wp-content\/uploads\/2026\/02\/1000033393.jpg?fit=1200%2C900&ssl=1&resize=350%2C200","width":350,"height":200,"srcset":"https:\/\/i0.wp.com\/alfarrabistacaldeira.com\/wp-content\/uploads\/2026\/02\/1000033393.jpg?fit=1200%2C900&ssl=1&resize=350%2C200 1x, https:\/\/i0.wp.com\/alfarrabistacaldeira.com\/wp-content\/uploads\/2026\/02\/1000033393.jpg?fit=1200%2C900&ssl=1&resize=525%2C300 1.5x, https:\/\/i0.wp.com\/alfarrabistacaldeira.com\/wp-content\/uploads\/2026\/02\/1000033393.jpg?fit=1200%2C900&ssl=1&resize=700%2C400 2x, https:\/\/i0.wp.com\/alfarrabistacaldeira.com\/wp-content\/uploads\/2026\/02\/1000033393.jpg?fit=1200%2C900&ssl=1&resize=1050%2C600 3x"},"classes":[]}],"_links":{"self":[{"href":"https:\/\/alfarrabistacaldeira.com\/index.php?rest_route=\/wp\/v2\/product\/33594","targetHints":{"allow":["GET"]}}],"collection":[{"href":"https:\/\/alfarrabistacaldeira.com\/index.php?rest_route=\/wp\/v2\/product"}],"about":[{"href":"https:\/\/alfarrabistacaldeira.com\/index.php?rest_route=\/wp\/v2\/types\/product"}],"replies":[{"embeddable":true,"href":"https:\/\/alfarrabistacaldeira.com\/index.php?rest_route=%2Fwp%2Fv2%2Fcomments&post=33594"}],"version-history":[{"count":1,"href":"https:\/\/alfarrabistacaldeira.com\/index.php?rest_route=\/wp\/v2\/product\/33594\/revisions"}],"predecessor-version":[{"id":33600,"href":"https:\/\/alfarrabistacaldeira.com\/index.php?rest_route=\/wp\/v2\/product\/33594\/revisions\/33600"}],"wp:featuredmedia":[{"embeddable":true,"href":"https:\/\/alfarrabistacaldeira.com\/index.php?rest_route=\/wp\/v2\/media\/33595"}],"wp:attachment":[{"href":"https:\/\/alfarrabistacaldeira.com\/index.php?rest_route=%2Fwp%2Fv2%2Fmedia&parent=33594"}],"wp:term":[{"taxonomy":"product_brand","embeddable":true,"href":"https:\/\/alfarrabistacaldeira.com\/index.php?rest_route=%2Fwp%2Fv2%2Fproduct_brand&post=33594"},{"taxonomy":"product_cat","embeddable":true,"href":"https:\/\/alfarrabistacaldeira.com\/index.php?rest_route=%2Fwp%2Fv2%2Fproduct_cat&post=33594"},{"taxonomy":"product_tag","embeddable":true,"href":"https:\/\/alfarrabistacaldeira.com\/index.php?rest_route=%2Fwp%2Fv2%2Fproduct_tag&post=33594"}],"curies":[{"name":"wp","href":"https:\/\/api.w.org\/{rel}","templated":true}]}}