{"id":19092,"date":"2024-05-25T16:59:32","date_gmt":"2024-05-25T15:59:32","guid":{"rendered":"https:\/\/alfarrabistacaldeira.com\/?post_type=product&#038;p=19092"},"modified":"2024-05-25T17:11:04","modified_gmt":"2024-05-25T16:11:04","slug":"le-cinema-portugais-jean-loup-passek","status":"publish","type":"product","link":"https:\/\/alfarrabistacaldeira.com\/?product=le-cinema-portugais-jean-loup-passek","title":{"rendered":"LE CINEMA PORTUGAIS JEAN-LOUP PASSEK"},"content":{"rendered":"","protected":false},"excerpt":{"rendered":"<p><strong>autores<\/strong><br \/>JEAN-LOUP PASSEK<br \/><strong>publica\u00e7\u00e3o<\/strong><br \/>CENTRE GEORGES POMPIDOU 1982<br \/><strong>descri\u00e7\u00e3o f\u00edsica<\/strong><br \/>188 &#8211; P\u00c1GINAS ILUSTRADO COM FOTOGRAFIAS A P\/B<br \/>Texto de F\u00e9lix ribeiro , lu\u00eds de pina e Jos\u00e9 de matos cruz <br \/>entretiens avec Manoel de oliveira par Jos\u00e9 vieira marques <br \/>CAPA MOLE<\/p>\n","protected":false},"featured_media":19093,"comment_status":"open","ping_status":"closed","template":"","meta":{"advanced_seo_description":"","jetpack_seo_html_title":"","jetpack_seo_noindex":false,"jetpack_post_was_ever_published":false,"jetpack_publicize_message":"","jetpack_publicize_feature_enabled":true,"jetpack_social_post_already_shared":true,"jetpack_social_options":{"image_generator_settings":{"template":"highway","default_image_id":0,"font":"","enabled":false},"version":2},"_wpas_customize_per_network":false},"product_brand":[],"product_cat":[1481],"product_tag":[],"class_list":{"0":"post-19092","1":"product","2":"type-product","3":"status-publish","4":"has-post-thumbnail","6":"product_cat-cinema-teatro","8":"first","9":"instock","10":"shipping-taxable","11":"purchasable","12":"product-type-simple"},"jetpack_publicize_connections":[],"jetpack_likes_enabled":true,"jetpack_sharing_enabled":true,"jetpack-related-posts":[{"id":17198,"url":"https:\/\/alfarrabistacaldeira.com\/?product=jose-afonso-vozes-livres-jose-viale-moutinho","url_meta":{"origin":19092,"position":0},"title":"JOS\u00c9 AFONSO VOZES LIVRES JOS\u00c9 VIALE MOUTINHO","author":"Alfarrabista Caldeira","date":"Maio 1, 2024","format":false,"excerpt":"autoresJOS\u00c9 VIALE MOUTINHOpublica\u00e7\u00e3oLIVRARIA PAISAGEM 1972descri\u00e7\u00e3o f\u00edsica123 - P\u00c1GINASCAPA MOLE","rel":"","context":"Similar post","block_context":{"text":"Similar post","link":""},"img":{"alt_text":"","src":"https:\/\/i0.wp.com\/alfarrabistacaldeira.com\/wp-content\/uploads\/2024\/05\/20240501_142315-rotated.jpg?fit=900%2C1200&ssl=1&resize=350%2C200","width":350,"height":200,"srcset":"https:\/\/i0.wp.com\/alfarrabistacaldeira.com\/wp-content\/uploads\/2024\/05\/20240501_142315-rotated.jpg?fit=900%2C1200&ssl=1&resize=350%2C200 1x, https:\/\/i0.wp.com\/alfarrabistacaldeira.com\/wp-content\/uploads\/2024\/05\/20240501_142315-rotated.jpg?fit=900%2C1200&ssl=1&resize=525%2C300 1.5x, https:\/\/i0.wp.com\/alfarrabistacaldeira.com\/wp-content\/uploads\/2024\/05\/20240501_142315-rotated.jpg?fit=900%2C1200&ssl=1&resize=700%2C400 2x"},"classes":[]},{"id":27593,"url":"https:\/\/alfarrabistacaldeira.com\/?product=nikalai-nikalai-jose-rodrigues-migueis-1-a-edicao","url_meta":{"origin":19092,"position":1},"title":"NIKALAI NIKALAI JOS\u00c9 RODRIGUES MIGUEIS 1.\u00aa EDI\u00c7\u00c3O","author":"Alfarrabista Caldeira","date":"Fevereiro 10, 2025","format":false,"excerpt":"autores\u00a0JOS\u00c9 RODRIGUES MIGUEIS\u00a0 \u00a0\u00a0publica\u00e7\u00e3o editorial est\u00fadios cor 1971\u00a0 \u00a0descri\u00e7\u00e3o f\u00edsica\u00a0 259 - P\u00c1GINAS\u00a0 \u00a0Capa mole\u00a0 desenho de capa de jos\u00e9 rodrigues migueis","rel":"","context":"Similar post","block_context":{"text":"Similar post","link":""},"img":{"alt_text":"","src":"https:\/\/i0.wp.com\/alfarrabistacaldeira.com\/wp-content\/uploads\/2025\/02\/20250210_172030-rotated.jpg?fit=900%2C1200&ssl=1&resize=350%2C200","width":350,"height":200,"srcset":"https:\/\/i0.wp.com\/alfarrabistacaldeira.com\/wp-content\/uploads\/2025\/02\/20250210_172030-rotated.jpg?fit=900%2C1200&ssl=1&resize=350%2C200 1x, https:\/\/i0.wp.com\/alfarrabistacaldeira.com\/wp-content\/uploads\/2025\/02\/20250210_172030-rotated.jpg?fit=900%2C1200&ssl=1&resize=525%2C300 1.5x, https:\/\/i0.wp.com\/alfarrabistacaldeira.com\/wp-content\/uploads\/2025\/02\/20250210_172030-rotated.jpg?fit=900%2C1200&ssl=1&resize=700%2C400 2x"},"classes":[]},{"id":6797,"url":"https:\/\/alfarrabistacaldeira.com\/?product=novo-almocreve-das-petas-jose-daniel-rodrigues-costa","url_meta":{"origin":19092,"position":2},"title":"NOVO ALMOCREVE DAS PETAS JOS\u00c9 DANIEL RODRIGUES COSTA","author":"Alfarrabista Caldeira","date":"Janeiro 8, 2024","format":false,"excerpt":"autoresJOS\u00c9 DANIEL RODRIGUES COSTApublica\u00e7\u00e3oEDITOR JOAQUIM JOS\u00c9 BORDALO 1871descri\u00e7\u00e3o f\u00edsica319 \u2013 P\u00c1GINASLIVRO ALEGRE E FOLGAS\u00c3O NO GOSTO DO ANTIGO ALMOCREVE DAS PETAS ENCADERNA\u00c7\u00c3O MEIA FRANCESA","rel":"","context":"Similar post","block_context":{"text":"Similar post","link":""},"img":{"alt_text":"","src":"https:\/\/i0.wp.com\/alfarrabistacaldeira.com\/wp-content\/uploads\/2024\/01\/IMG_20240107_202937-2.jpg?fit=900%2C1200&ssl=1&resize=350%2C200","width":350,"height":200,"srcset":"https:\/\/i0.wp.com\/alfarrabistacaldeira.com\/wp-content\/uploads\/2024\/01\/IMG_20240107_202937-2.jpg?fit=900%2C1200&ssl=1&resize=350%2C200 1x, https:\/\/i0.wp.com\/alfarrabistacaldeira.com\/wp-content\/uploads\/2024\/01\/IMG_20240107_202937-2.jpg?fit=900%2C1200&ssl=1&resize=525%2C300 1.5x, https:\/\/i0.wp.com\/alfarrabistacaldeira.com\/wp-content\/uploads\/2024\/01\/IMG_20240107_202937-2.jpg?fit=900%2C1200&ssl=1&resize=700%2C400 2x"},"classes":[]},{"id":27725,"url":"https:\/\/alfarrabistacaldeira.com\/?product=cinco-minutos-de-jazz-jose-duarte","url_meta":{"origin":19092,"position":3},"title":"CINCO MINUTOS DE JAZZ JOS\u00c9 DUARTE","author":"Alfarrabista Caldeira","date":"Fevereiro 11, 2025","format":false,"excerpt":"autores JOS\u00c9 DUARTE \u00a0\u00a0publica\u00e7\u00e3o oficina do livro 2000 descri\u00e7\u00e3o f\u00edsica\u00a0 187 -\u00a0 P\u00c1GINAS ilustrado com fotografias a p\/b\u00a0 Capa mole\u00a0 Ao longo de mais de meio s\u00e9culo, Jos\u00e9 Duarte tem divulgado incansavelmente um g\u00e9nero musical que, apesar dos passos seguros que foi dando, tem demorado a fazer o seu caminho\u2026","rel":"","context":"Similar post","block_context":{"text":"Similar post","link":""},"img":{"alt_text":"","src":"https:\/\/i0.wp.com\/alfarrabistacaldeira.com\/wp-content\/uploads\/2025\/02\/20250211_143243-rotated.jpg?fit=900%2C1200&ssl=1&resize=350%2C200","width":350,"height":200,"srcset":"https:\/\/i0.wp.com\/alfarrabistacaldeira.com\/wp-content\/uploads\/2025\/02\/20250211_143243-rotated.jpg?fit=900%2C1200&ssl=1&resize=350%2C200 1x, https:\/\/i0.wp.com\/alfarrabistacaldeira.com\/wp-content\/uploads\/2025\/02\/20250211_143243-rotated.jpg?fit=900%2C1200&ssl=1&resize=525%2C300 1.5x, https:\/\/i0.wp.com\/alfarrabistacaldeira.com\/wp-content\/uploads\/2025\/02\/20250211_143243-rotated.jpg?fit=900%2C1200&ssl=1&resize=700%2C400 2x"},"classes":[]},{"id":7371,"url":"https:\/\/alfarrabistacaldeira.com\/?product=olho-por-olho-jose-fanha","url_meta":{"origin":19092,"position":4},"title":"OLHO POR OLHO JOS\u00c9 FANHA","author":"Alfarrabista Caldeira","date":"Janeiro 11, 2024","format":false,"excerpt":"autoresJOS\u00c9 FANHApublica\u00e7\u00e3oEDI\u00c7\u00c3O DE AUTOR 1977descri\u00e7\u00e3o f\u00edsica37 \u2013 P\u00c1GINAS CAPA MOLE","rel":"","context":"Similar post","block_context":{"text":"Similar post","link":""},"img":{"alt_text":"","src":"https:\/\/i0.wp.com\/alfarrabistacaldeira.com\/wp-content\/uploads\/2024\/01\/IMG_20240110_195433.jpg?fit=900%2C1200&ssl=1&resize=350%2C200","width":350,"height":200,"srcset":"https:\/\/i0.wp.com\/alfarrabistacaldeira.com\/wp-content\/uploads\/2024\/01\/IMG_20240110_195433.jpg?fit=900%2C1200&ssl=1&resize=350%2C200 1x, https:\/\/i0.wp.com\/alfarrabistacaldeira.com\/wp-content\/uploads\/2024\/01\/IMG_20240110_195433.jpg?fit=900%2C1200&ssl=1&resize=525%2C300 1.5x, https:\/\/i0.wp.com\/alfarrabistacaldeira.com\/wp-content\/uploads\/2024\/01\/IMG_20240110_195433.jpg?fit=900%2C1200&ssl=1&resize=700%2C400 2x"},"classes":[]},{"id":5762,"url":"https:\/\/alfarrabistacaldeira.com\/?product=triunfo-da-innocencia-poema-epico-dedicado-ao-serenissimo-senhor-d-jose-principe-do-brasil-jose-anastacio-da-costa","url_meta":{"origin":19092,"position":5},"title":"TRIUNFO DA INNOCENCIA POEMA EPICO DEDICADO AO SERENISSIMO SENHOR D.JOS\u00c9 PRINCIPE DO BRASIL JOSE ANASTACIO DA COSTA","author":"Alfarrabista Caldeira","date":"Janeiro 2, 2024","format":false,"excerpt":"autoresJOSE ANASTACIO DA COSTApublica\u00e7\u00e3oOFFIC. DE FILLIPE DA SILVA E AZEV. 1785descri\u00e7\u00e3o f\u00edsica271 \u2013 P\u00c1GINAS ENCADERNA\u00c7\u00c3O INTEIRA DE PELE","rel":"","context":"Similar post","block_context":{"text":"Similar post","link":""},"img":{"alt_text":"","src":"https:\/\/i0.wp.com\/alfarrabistacaldeira.com\/wp-content\/uploads\/2024\/01\/IMG_20240101_160237.jpg?fit=1200%2C900&ssl=1&resize=350%2C200","width":350,"height":200,"srcset":"https:\/\/i0.wp.com\/alfarrabistacaldeira.com\/wp-content\/uploads\/2024\/01\/IMG_20240101_160237.jpg?fit=1200%2C900&ssl=1&resize=350%2C200 1x, https:\/\/i0.wp.com\/alfarrabistacaldeira.com\/wp-content\/uploads\/2024\/01\/IMG_20240101_160237.jpg?fit=1200%2C900&ssl=1&resize=525%2C300 1.5x, https:\/\/i0.wp.com\/alfarrabistacaldeira.com\/wp-content\/uploads\/2024\/01\/IMG_20240101_160237.jpg?fit=1200%2C900&ssl=1&resize=700%2C400 2x, https:\/\/i0.wp.com\/alfarrabistacaldeira.com\/wp-content\/uploads\/2024\/01\/IMG_20240101_160237.jpg?fit=1200%2C900&ssl=1&resize=1050%2C600 3x"},"classes":[]}],"_links":{"self":[{"href":"https:\/\/alfarrabistacaldeira.com\/index.php?rest_route=\/wp\/v2\/product\/19092","targetHints":{"allow":["GET"]}}],"collection":[{"href":"https:\/\/alfarrabistacaldeira.com\/index.php?rest_route=\/wp\/v2\/product"}],"about":[{"href":"https:\/\/alfarrabistacaldeira.com\/index.php?rest_route=\/wp\/v2\/types\/product"}],"replies":[{"embeddable":true,"href":"https:\/\/alfarrabistacaldeira.com\/index.php?rest_route=%2Fwp%2Fv2%2Fcomments&post=19092"}],"version-history":[{"count":0,"href":"https:\/\/alfarrabistacaldeira.com\/index.php?rest_route=\/wp\/v2\/product\/19092\/revisions"}],"wp:featuredmedia":[{"embeddable":true,"href":"https:\/\/alfarrabistacaldeira.com\/index.php?rest_route=\/wp\/v2\/media\/19093"}],"wp:attachment":[{"href":"https:\/\/alfarrabistacaldeira.com\/index.php?rest_route=%2Fwp%2Fv2%2Fmedia&parent=19092"}],"wp:term":[{"taxonomy":"product_brand","embeddable":true,"href":"https:\/\/alfarrabistacaldeira.com\/index.php?rest_route=%2Fwp%2Fv2%2Fproduct_brand&post=19092"},{"taxonomy":"product_cat","embeddable":true,"href":"https:\/\/alfarrabistacaldeira.com\/index.php?rest_route=%2Fwp%2Fv2%2Fproduct_cat&post=19092"},{"taxonomy":"product_tag","embeddable":true,"href":"https:\/\/alfarrabistacaldeira.com\/index.php?rest_route=%2Fwp%2Fv2%2Fproduct_tag&post=19092"}],"curies":[{"name":"wp","href":"https:\/\/api.w.org\/{rel}","templated":true}]}}