{"id":13020,"date":"2024-02-25T15:02:42","date_gmt":"2024-02-25T15:02:42","guid":{"rendered":"https:\/\/alfarrabistacaldeira.com\/?post_type=product&#038;p=13020"},"modified":"2025-02-15T21:07:06","modified_gmt":"2025-02-15T21:07:06","slug":"viagem-a-portugal-jose-saramago","status":"publish","type":"product","link":"https:\/\/alfarrabistacaldeira.com\/?product=viagem-a-portugal-jose-saramago","title":{"rendered":"VIAGEM A PORTUGAL JOS\u00c9 SARAMAGO 1.\u00aa EDI\u00c7\u00c3O"},"content":{"rendered":"","protected":false},"excerpt":{"rendered":"<p><strong>autores<\/strong> JOS\u00c9 SARAMAGO \u00a0 <strong>publica\u00e7\u00e3o<\/strong> circulo leitores 1981 <strong>descri\u00e7\u00e3o f\u00edsica<\/strong> 237 &#8211; P\u00c1GINAS ilustrado com gravuras e fotografias\u00a0 <strong>Capa dura<\/strong><\/p>\n<p>outubro de 1979 e julho de 1980, Jos\u00e9 Saramago percorreu o pa\u00eds l\u00e9s a l\u00e9s a convite do C\u00edrculo de Leitores, que comemorava o d\u00e9cimo anivers\u00e1rio da sua implanta\u00e7\u00e3o em Portugal. Disse o autor ap\u00f3s essa deambula\u00e7\u00e3o, misto de cr\u00f3nica, narrativa e recorda\u00e7\u00f5es, que \u00abo fim de uma viagem \u00e9 apenas o come\u00e7o de outra. \u00c9 preciso ver o que n\u00e3o foi visto, ver outra vez o que se viu j\u00e1, ver na primavera o que se vira no ver\u00e3o, ver de dia o que se viu de noite<\/p>\n","protected":false},"featured_media":28140,"comment_status":"open","ping_status":"closed","template":"","meta":{"advanced_seo_description":"","jetpack_seo_html_title":"","jetpack_seo_noindex":false,"jetpack_post_was_ever_published":false,"jetpack_publicize_message":"","jetpack_publicize_feature_enabled":true,"jetpack_social_post_already_shared":true,"jetpack_social_options":{"image_generator_settings":{"template":"highway","default_image_id":0,"font":"","enabled":false},"version":2},"_wpas_customize_per_network":false},"product_brand":[],"product_cat":[1571,1575],"product_tag":[],"class_list":{"0":"post-13020","1":"product","2":"type-product","3":"status-publish","4":"has-post-thumbnail","6":"product_cat-memorias","7":"product_cat-viagens","9":"first","10":"instock","11":"shipping-taxable","12":"purchasable","13":"product-type-simple"},"jetpack_publicize_connections":[],"jetpack_likes_enabled":true,"jetpack_sharing_enabled":true,"jetpack-related-posts":[{"id":7871,"url":"https:\/\/alfarrabistacaldeira.com\/?product=jose-saramago-entre-a-historia-e-a-ficcao-uma-saga-de-portugueses-teresa-cristina-da-silva","url_meta":{"origin":13020,"position":0},"title":"JOS\u00c9 SARAMAGO ENTRE A HIST\u00d3RIA E A FIC\u00c7\u00c3O UMA SAGA DE PORTUGUESES TERESA CRISTINA DA SILVA","author":"Alfarrabista Caldeira","date":"Janeiro 13, 2024","format":false,"excerpt":"autoresTERESA CRISTINA DA SILVApublica\u00e7\u00e3oPUBLICA\u00c7\u00d5ES DOM QUIXOTE 1989descri\u00e7\u00e3o f\u00edsica277 \u2013 P\u00c1GINASCAPA MOLE","rel":"","context":"Similar post","block_context":{"text":"Similar post","link":""},"img":{"alt_text":"","src":"https:\/\/i0.wp.com\/alfarrabistacaldeira.com\/wp-content\/uploads\/2024\/01\/IMG_20240113_130900.jpg?fit=900%2C1200&ssl=1&resize=350%2C200","width":350,"height":200,"srcset":"https:\/\/i0.wp.com\/alfarrabistacaldeira.com\/wp-content\/uploads\/2024\/01\/IMG_20240113_130900.jpg?fit=900%2C1200&ssl=1&resize=350%2C200 1x, https:\/\/i0.wp.com\/alfarrabistacaldeira.com\/wp-content\/uploads\/2024\/01\/IMG_20240113_130900.jpg?fit=900%2C1200&ssl=1&resize=525%2C300 1.5x, https:\/\/i0.wp.com\/alfarrabistacaldeira.com\/wp-content\/uploads\/2024\/01\/IMG_20240113_130900.jpg?fit=900%2C1200&ssl=1&resize=700%2C400 2x"},"classes":[]},{"id":12423,"url":"https:\/\/alfarrabistacaldeira.com\/?product=elementos-para-a-historia-do-movimento-operario-em-portugal-1820-1975-ramiro-da-costa","url_meta":{"origin":13020,"position":1},"title":"ELEMENTOS PARA A HIST\u00d3RIA DO MOVIMENTO OPER\u00c1RIO EM PORTUGAL 1820-1975 RAMIRO DA COSTA","author":"Alfarrabista Caldeira","date":"Fevereiro 15, 2024","format":false,"excerpt":"autoresRAMIRO DA COSTApublica\u00e7\u00e3oASSIRIO & ALVIM 1979descri\u00e7\u00e3o f\u00edsica229 \u2013 335 P\u00c1GINAS 2 VOLUMES COMPLETO4 P\u00c1GINAS COM SUBLINHADOSCAPA MOLE","rel":"","context":"Similar post","block_context":{"text":"Similar post","link":""},"img":{"alt_text":"","src":"https:\/\/i0.wp.com\/alfarrabistacaldeira.com\/wp-content\/uploads\/2024\/02\/IMG_20240214_143617.jpg?fit=675%2C1200&ssl=1&resize=350%2C200","width":350,"height":200,"srcset":"https:\/\/i0.wp.com\/alfarrabistacaldeira.com\/wp-content\/uploads\/2024\/02\/IMG_20240214_143617.jpg?fit=675%2C1200&ssl=1&resize=350%2C200 1x, https:\/\/i0.wp.com\/alfarrabistacaldeira.com\/wp-content\/uploads\/2024\/02\/IMG_20240214_143617.jpg?fit=675%2C1200&ssl=1&resize=525%2C300 1.5x"},"classes":[]},{"id":15165,"url":"https:\/\/alfarrabistacaldeira.com\/?product=biografia-involuntaria-dos-amantes-joao-tordo","url_meta":{"origin":13020,"position":2},"title":"BIOGRAFIA INVOLUNT\u00c1RIA DOS AMANTES JO\u00c3O TORDO","author":"Alfarrabista Caldeira","date":"Mar\u00e7o 26, 2024","format":false,"excerpt":"autoresJO\u00c3O TORDOpublica\u00e7\u00e3oALFAGUARA 2014descri\u00e7\u00e3o f\u00edsica415 \u2013 P\u00c1GINASCAPA MOLE","rel":"","context":"Similar post","block_context":{"text":"Similar post","link":""},"img":{"alt_text":"","src":"https:\/\/i0.wp.com\/alfarrabistacaldeira.com\/wp-content\/uploads\/2024\/03\/20240325_204331-rotated.jpg?fit=900%2C1200&ssl=1&resize=350%2C200","width":350,"height":200,"srcset":"https:\/\/i0.wp.com\/alfarrabistacaldeira.com\/wp-content\/uploads\/2024\/03\/20240325_204331-rotated.jpg?fit=900%2C1200&ssl=1&resize=350%2C200 1x, https:\/\/i0.wp.com\/alfarrabistacaldeira.com\/wp-content\/uploads\/2024\/03\/20240325_204331-rotated.jpg?fit=900%2C1200&ssl=1&resize=525%2C300 1.5x, https:\/\/i0.wp.com\/alfarrabistacaldeira.com\/wp-content\/uploads\/2024\/03\/20240325_204331-rotated.jpg?fit=900%2C1200&ssl=1&resize=700%2C400 2x"},"classes":[]},{"id":38304,"url":"https:\/\/alfarrabistacaldeira.com\/?product=arroz-do-ceu-j-rodrigues-migueis","url_meta":{"origin":13020,"position":3},"title":"ARROZ DO C\u00c9U J. RODRIGUES MIGU\u00c9IS","author":"Alfarrabista Caldeira","date":"Mar\u00e7o 13, 2026","format":false,"excerpt":"AUTORES : Jos\u00e9 Rodrigues Migu\u00e9is\u00a0 \u00a0PUBLICA\u00c7\u00c3O: Contexto editora 1983\u00a0 DESCRI\u00c7\u00c3O FISICA: 18 -\u00a0 P\u00c1GINAS\u00a0ilustra\u00e7\u00f5es de jo\u00e2o botelho ENCADERNA\u00c7\u00c3O EDITORIAL. -A sua obra \u00e9 fortemente marcada pelas preocupa\u00e7\u00f5es de ordem \u00e9tica e pedag\u00f3gica que estavam associadas \u00e0 forma\u00e7\u00e3o acad\u00e9mica, pelos ideais republicanos de influ\u00eancia paterna, pelo pr\u00f3prio envolvimento na luta pol\u00edtica\u2026","rel":"","context":"Similar post","block_context":{"text":"Similar post","link":""},"img":{"alt_text":"","src":"https:\/\/i0.wp.com\/alfarrabistacaldeira.com\/wp-content\/uploads\/2026\/03\/1000034509.jpg?fit=876%2C1200&ssl=1&resize=350%2C200","width":350,"height":200,"srcset":"https:\/\/i0.wp.com\/alfarrabistacaldeira.com\/wp-content\/uploads\/2026\/03\/1000034509.jpg?fit=876%2C1200&ssl=1&resize=350%2C200 1x, https:\/\/i0.wp.com\/alfarrabistacaldeira.com\/wp-content\/uploads\/2026\/03\/1000034509.jpg?fit=876%2C1200&ssl=1&resize=525%2C300 1.5x, https:\/\/i0.wp.com\/alfarrabistacaldeira.com\/wp-content\/uploads\/2026\/03\/1000034509.jpg?fit=876%2C1200&ssl=1&resize=700%2C400 2x"},"classes":[]},{"id":9894,"url":"https:\/\/alfarrabistacaldeira.com\/?product=vasco-da-gama-e-a-sua-viagem-de-descobrimento-jose-pedro-machado","url_meta":{"origin":13020,"position":4},"title":"VASCO DA GAMA E A SUA VIAGEM DE DESCOBRIMENTO JOS\u00c9 PEDRO MACHADO","author":"Alfarrabista Caldeira","date":"Janeiro 24, 2024","format":false,"excerpt":"autoresJOS\u00c9 PEDRO MACHADO . VIRIATO CAMPOSpublica\u00e7\u00e3oLISBOA 1969descri\u00e7\u00e3o f\u00edsica271 \u2013 P\u00c1GINAS ILUSTRADO A P\/BEDI\u00c7\u00c3O CRITICA E LEITURA ACTUALIZADA DO RELATO AN\u00d3NIMO DA VIAGEMCAPA MOLE","rel":"","context":"Similar post","block_context":{"text":"Similar post","link":""},"img":{"alt_text":"","src":"https:\/\/i0.wp.com\/alfarrabistacaldeira.com\/wp-content\/uploads\/2024\/01\/IMG_20240124_094611.jpg?fit=900%2C1200&ssl=1&resize=350%2C200","width":350,"height":200,"srcset":"https:\/\/i0.wp.com\/alfarrabistacaldeira.com\/wp-content\/uploads\/2024\/01\/IMG_20240124_094611.jpg?fit=900%2C1200&ssl=1&resize=350%2C200 1x, https:\/\/i0.wp.com\/alfarrabistacaldeira.com\/wp-content\/uploads\/2024\/01\/IMG_20240124_094611.jpg?fit=900%2C1200&ssl=1&resize=525%2C300 1.5x, https:\/\/i0.wp.com\/alfarrabistacaldeira.com\/wp-content\/uploads\/2024\/01\/IMG_20240124_094611.jpg?fit=900%2C1200&ssl=1&resize=700%2C400 2x"},"classes":[]},{"id":28851,"url":"https:\/\/alfarrabistacaldeira.com\/?product=jose-de-almada-negreiros-ver-lima-de-freitas","url_meta":{"origin":13020,"position":5},"title":"JOS\u00c9 DE ALMADA NEGREIROS VER LIMA DE FREITAS","author":"Alfarrabista Caldeira","date":"Fevereiro 23, 2025","format":false,"excerpt":"autores\u00a0 LIMA DE FREITAS\u00a0publica\u00e7\u00e3o Editora Arc\u00e1dia. Lisboa . 1982 descri\u00e7\u00e3o f\u00edsica\u00a0 272 \u2013\u00a0 P\u00c1GINAS\u00a0 Ilustrado com fotografias e desenhos\u00a0 encaderna\u00e7\u00e3o editorial maior parte in\u00e9ditos, de Almada Negreiros, acompanhados de ilustra\u00e7\u00f5es e desenhos.","rel":"","context":"Similar post","block_context":{"text":"Similar post","link":""},"img":{"alt_text":"","src":"https:\/\/i0.wp.com\/alfarrabistacaldeira.com\/wp-content\/uploads\/2025\/02\/20250223_191331.jpg?fit=1200%2C900&ssl=1&resize=350%2C200","width":350,"height":200,"srcset":"https:\/\/i0.wp.com\/alfarrabistacaldeira.com\/wp-content\/uploads\/2025\/02\/20250223_191331.jpg?fit=1200%2C900&ssl=1&resize=350%2C200 1x, https:\/\/i0.wp.com\/alfarrabistacaldeira.com\/wp-content\/uploads\/2025\/02\/20250223_191331.jpg?fit=1200%2C900&ssl=1&resize=525%2C300 1.5x, https:\/\/i0.wp.com\/alfarrabistacaldeira.com\/wp-content\/uploads\/2025\/02\/20250223_191331.jpg?fit=1200%2C900&ssl=1&resize=700%2C400 2x, https:\/\/i0.wp.com\/alfarrabistacaldeira.com\/wp-content\/uploads\/2025\/02\/20250223_191331.jpg?fit=1200%2C900&ssl=1&resize=1050%2C600 3x"},"classes":[]}],"_links":{"self":[{"href":"https:\/\/alfarrabistacaldeira.com\/index.php?rest_route=\/wp\/v2\/product\/13020","targetHints":{"allow":["GET"]}}],"collection":[{"href":"https:\/\/alfarrabistacaldeira.com\/index.php?rest_route=\/wp\/v2\/product"}],"about":[{"href":"https:\/\/alfarrabistacaldeira.com\/index.php?rest_route=\/wp\/v2\/types\/product"}],"replies":[{"embeddable":true,"href":"https:\/\/alfarrabistacaldeira.com\/index.php?rest_route=%2Fwp%2Fv2%2Fcomments&post=13020"}],"version-history":[{"count":3,"href":"https:\/\/alfarrabistacaldeira.com\/index.php?rest_route=\/wp\/v2\/product\/13020\/revisions"}],"predecessor-version":[{"id":28147,"href":"https:\/\/alfarrabistacaldeira.com\/index.php?rest_route=\/wp\/v2\/product\/13020\/revisions\/28147"}],"wp:featuredmedia":[{"embeddable":true,"href":"https:\/\/alfarrabistacaldeira.com\/index.php?rest_route=\/wp\/v2\/media\/28140"}],"wp:attachment":[{"href":"https:\/\/alfarrabistacaldeira.com\/index.php?rest_route=%2Fwp%2Fv2%2Fmedia&parent=13020"}],"wp:term":[{"taxonomy":"product_brand","embeddable":true,"href":"https:\/\/alfarrabistacaldeira.com\/index.php?rest_route=%2Fwp%2Fv2%2Fproduct_brand&post=13020"},{"taxonomy":"product_cat","embeddable":true,"href":"https:\/\/alfarrabistacaldeira.com\/index.php?rest_route=%2Fwp%2Fv2%2Fproduct_cat&post=13020"},{"taxonomy":"product_tag","embeddable":true,"href":"https:\/\/alfarrabistacaldeira.com\/index.php?rest_route=%2Fwp%2Fv2%2Fproduct_tag&post=13020"}],"curies":[{"name":"wp","href":"https:\/\/api.w.org\/{rel}","templated":true}]}}